{"id":28032,"date":"2025-08-14T11:28:06","date_gmt":"2025-08-14T08:28:06","guid":{"rendered":"https:\/\/denizmtl.com\/mobilapp\/?post_type=product&#038;p=28032"},"modified":"2025-10-02T17:44:18","modified_gmt":"2025-10-02T14:44:18","slug":"insize-spm-5000-yuzey-puruzluluk-ve-profil-olcum-cihazi","status":"publish","type":"product","link":"https:\/\/denizmtl.com\/mobilapp\/urunler\/insize-spm-5000-yuzey-puruzluluk-ve-profil-olcum-cihazi\/","title":{"rendered":"Insize SPM-5000 Y\u00fczey P\u00fcr\u00fczl\u00fcl\u00fck Ve Profil \u00d6l\u00e7\u00fcm Cihaz\u0131"},"content":{"rendered":"","protected":false},"excerpt":{"rendered":"<ul>\n<li>P\u00fcr\u00fczl\u00fcl\u00fck, dalgalanma ve profil analizi \u00f6l\u00e7\u00fcmleri yap\u0131l\u0131r.<\/li>\n<li>T\u00fcm p\u00fcr\u00fczl\u00fcl\u00fck ve dalgalanma parametreleri \u00f6l\u00e7\u00fclebilir.<\/li>\n<li>Otomatik \u00f6l\u00e7\u00fcm sistemi i\u00e7in kullan\u0131labilir.<\/li>\n<li>\u00d6l\u00e7\u00fcm sapmas\u0131n\u0131 azaltmak i\u00e7in hava flotasyonu ve darbeye dayan\u0131kl\u0131 sistem.<\/li>\n<li>\u00dccretsiz \u00f6l\u00e7\u00fcm raporlama d\u00fczenleme<\/li>\n<li><a href=\"https:\/\/denizmtl.com\/wp-content\/uploads\/2023\/07\/SPM-5000.pdf\"><strong>Pdf i\u00e7in t\u0131klay\u0131n\u0131z.<\/strong><\/a><\/li>\n<\/ul>\n<p>&nbsp;<br \/>\n<a class=\"wp-iletim-button\" href=\"https:\/\/wa.me\/905422584189?text=Merhaba%2C%20https%3A%2F%2Fdenizmtl.com%2Fmobilapp%2Fwp-json%2Fwp%2Fv2%2Fproduct%2F28032%20sayfas%C4%B1ndaki%20%C3%BCr%C3%BCnle%20ilgili%20fiyat%20ve%20demo%20talep%20etmek%20istiyorum.\" target=\"_blank\" rel=\"noopener\" style=\"display:inline-block;padding:10px 16px;border-radius:6px;color:#fff;text-decoration:none;font-weight:600;background:#334862;\">F\u0130YAT VE DEMO TALEP ET<\/a>\n","protected":false},"author":1,"featured_media":28051,"comment_status":"open","ping_status":"closed","template":"","meta":[],"product_brand":[],"product_cat":[18,100,63,104],"product_tag":[],"class_list":{"0":"post-28032","1":"product","2":"type-product","3":"status-publish","4":"has-post-thumbnail","6":"product_cat-insize","7":"product_cat-test-cihazlari","8":"product_cat-yeni-urunler","9":"product_cat-yuzey-puruzluluk-olcme","11":"first","12":"instock","13":"shipping-taxable","14":"product-type-simple"},"_links":{"self":[{"href":"https:\/\/denizmtl.com\/mobilapp\/wp-json\/wp\/v2\/product\/28032","targetHints":{"allow":["GET"]}}],"collection":[{"href":"https:\/\/denizmtl.com\/mobilapp\/wp-json\/wp\/v2\/product"}],"about":[{"href":"https:\/\/denizmtl.com\/mobilapp\/wp-json\/wp\/v2\/types\/product"}],"author":[{"embeddable":true,"href":"https:\/\/denizmtl.com\/mobilapp\/wp-json\/wp\/v2\/users\/1"}],"replies":[{"embeddable":true,"href":"https:\/\/denizmtl.com\/mobilapp\/wp-json\/wp\/v2\/comments?post=28032"}],"wp:featuredmedia":[{"embeddable":true,"href":"https:\/\/denizmtl.com\/mobilapp\/wp-json\/wp\/v2\/media\/28051"}],"wp:attachment":[{"href":"https:\/\/denizmtl.com\/mobilapp\/wp-json\/wp\/v2\/media?parent=28032"}],"wp:term":[{"taxonomy":"product_brand","embeddable":true,"href":"https:\/\/denizmtl.com\/mobilapp\/wp-json\/wp\/v2\/product_brand?post=28032"},{"taxonomy":"product_cat","embeddable":true,"href":"https:\/\/denizmtl.com\/mobilapp\/wp-json\/wp\/v2\/product_cat?post=28032"},{"taxonomy":"product_tag","embeddable":true,"href":"https:\/\/denizmtl.com\/mobilapp\/wp-json\/wp\/v2\/product_tag?post=28032"}],"curies":[{"name":"wp","href":"https:\/\/api.w.org\/{rel}","templated":true}]}}