{"id":28017,"date":"2025-08-14T11:28:03","date_gmt":"2025-08-14T08:28:03","guid":{"rendered":"https:\/\/denizmtl.com\/mobilapp\/?post_type=product&#038;p=28017"},"modified":"2025-10-02T17:44:17","modified_gmt":"2025-10-02T14:44:17","slug":"insize-9412-cnc-icin-takim-sifirlama-probu-bes-yonlu","status":"publish","type":"product","link":"https:\/\/denizmtl.com\/mobilapp\/urunler\/insize-9412-cnc-icin-takim-sifirlama-probu-bes-yonlu\/","title":{"rendered":"Insize 9412 CNC \u0130\u00e7in Tak\u0131m S\u0131f\u0131rlama Probu (Be\u015f Y\u00f6nl\u00fc )"},"content":{"rendered":"<ul>\n<li>CNC i\u015fleme tamamland\u0131ktan sonra tak\u0131m a\u015f\u0131nmas\u0131n\u0131 ve hasar\u0131n\u0131 otomatik tespit eder.<\/li>\n<li>Ana bilgisayar\u0131n fi\u015fi, kablo k\u0131sm\u0131 ve \u00e7\u0131k\u0131\u015f sinyali korunur. B\u00f6ylece s\u0131f\u0131r ayarlay\u0131c\u0131 s\u0131\u00e7rama ortam\u0131nda uzun s\u00fcre \u00e7al\u0131\u015fabilir.<\/li>\n<li>Kablo \u00fczerinden sinyal iletimi, g\u00fc\u00e7 hatt\u0131n\u0131n ters ba\u011flant\u0131s\u0131 sinyal \u00e7\u0131k\u0131\u015f\u0131n\u0131n durumunu de\u011fi\u015ftirebilir.<\/li>\n<li>S\u0131f\u0131r ayarlay\u0131c\u0131 dire\u011finin konumu, dire\u011fin ba\u011flant\u0131 halkas\u0131 ve montaj i\u00e7in s\u0131f\u0131r ayarlay\u0131c\u0131\u00a0 ayar halkas\u0131 ile\u00a0 kabaca ve hassas bir \u015fekilde ayarlanabilir.<\/li>\n<\/ul>\n","protected":false},"excerpt":{"rendered":"<ul>\n<li>\u00c7e\u015fitli i\u015fleme merkezleri, CNC delme ve frezeleme makineleri i\u00e7in uygundur.<\/li>\n<li>\u00c7e\u015fitli tak\u0131m uzunlu\u011fu\u00a0 ve \u00e7ap parametrelerinin konumland\u0131r\u0131lmas\u0131 i\u00e7in uygundur.<\/li>\n<li>\u00c7al\u0131\u015fma durumu g\u00f6sterge \u0131\u015f\u0131\u011f\u0131 ile g\u00f6sterilir.<\/li>\n<li>Otomatik s\u0131f\u0131r ayarlay\u0131c\u0131 yaz\u0131l\u0131m\u0131 ile birlikte verilir.<\/li>\n<li><a href=\"https:\/\/denizmtl.com\/wp-content\/uploads\/2023\/07\/9412.pdf\"><strong>Pdf i\u00e7in t\u0131klay\u0131n\u0131z.<\/strong><\/a><\/li>\n<\/ul>\n<p>&nbsp;<br \/>\n<a class=\"wp-iletim-button\" href=\"https:\/\/wa.me\/905422584189?text=Merhaba%2C%20https%3A%2F%2Fdenizmtl.com%2Fmobilapp%2Fwp-json%2Fwp%2Fv2%2Fproduct%2F28017%20sayfas%C4%B1ndaki%20%C3%BCr%C3%BCnle%20ilgili%20fiyat%20ve%20demo%20talep%20etmek%20istiyorum.\" target=\"_blank\" rel=\"noopener\" style=\"display:inline-block;padding:10px 16px;border-radius:6px;color:#fff;text-decoration:none;font-weight:600;background:#334862;\">F\u0130YAT VE DEMO TALEP ET<\/a>\n","protected":false},"author":1,"featured_media":28044,"comment_status":"open","ping_status":"closed","template":"","meta":[],"product_brand":[],"product_cat":[18,31,96,100,63],"product_tag":[],"class_list":{"0":"post-28017","1":"product","2":"type-product","3":"status-publish","4":"has-post-thumbnail","6":"product_cat-insize","7":"product_cat-problar","8":"product_cat-standart-olcu-aletleri","9":"product_cat-test-cihazlari","10":"product_cat-yeni-urunler","12":"first","13":"instock","14":"shipping-taxable","15":"product-type-simple"},"_links":{"self":[{"href":"https:\/\/denizmtl.com\/mobilapp\/wp-json\/wp\/v2\/product\/28017","targetHints":{"allow":["GET"]}}],"collection":[{"href":"https:\/\/denizmtl.com\/mobilapp\/wp-json\/wp\/v2\/product"}],"about":[{"href":"https:\/\/denizmtl.com\/mobilapp\/wp-json\/wp\/v2\/types\/product"}],"author":[{"embeddable":true,"href":"https:\/\/denizmtl.com\/mobilapp\/wp-json\/wp\/v2\/users\/1"}],"replies":[{"embeddable":true,"href":"https:\/\/denizmtl.com\/mobilapp\/wp-json\/wp\/v2\/comments?post=28017"}],"wp:featuredmedia":[{"embeddable":true,"href":"https:\/\/denizmtl.com\/mobilapp\/wp-json\/wp\/v2\/media\/28044"}],"wp:attachment":[{"href":"https:\/\/denizmtl.com\/mobilapp\/wp-json\/wp\/v2\/media?parent=28017"}],"wp:term":[{"taxonomy":"product_brand","embeddable":true,"href":"https:\/\/denizmtl.com\/mobilapp\/wp-json\/wp\/v2\/product_brand?post=28017"},{"taxonomy":"product_cat","embeddable":true,"href":"https:\/\/denizmtl.com\/mobilapp\/wp-json\/wp\/v2\/product_cat?post=28017"},{"taxonomy":"product_tag","embeddable":true,"href":"https:\/\/denizmtl.com\/mobilapp\/wp-json\/wp\/v2\/product_tag?post=28017"}],"curies":[{"name":"wp","href":"https:\/\/api.w.org\/{rel}","templated":true}]}}