{"id":28013,"date":"2025-08-14T11:28:02","date_gmt":"2025-08-14T08:28:02","guid":{"rendered":"https:\/\/denizmtl.com\/mobilapp\/?post_type=product&#038;p=28013"},"modified":"2025-08-14T11:28:18","modified_gmt":"2025-08-14T08:28:18","slug":"insize-2137-delik-olcumu-icin-su-gecirmez-dijital-komparator","status":"publish","type":"product","link":"https:\/\/denizmtl.com\/mobilapp\/urunler\/insize-2137-delik-olcumu-icin-su-gecirmez-dijital-komparator\/","title":{"rendered":"Insize 2137 Delik \u00d6l\u00e7\u00fcm\u00fc \u0130\u00e7in Su Ge\u00e7irmez Dijital Komparat\u00f6r"},"content":{"rendered":"","protected":false},"excerpt":{"rendered":"<ul>\n<li>Delik \u00f6l\u00e7erler i\u00e7in \u00f6zel olarak tasarlanm\u0131\u015ft\u0131r.<\/li>\n<li>Minimum de\u011fer izleme i\u015flevinin bulabilece\u011fi \u00e7ap\u0131 otomatik olarak hesaplad\u0131ktan sonra\u00a0 \u00e7ap do\u011frudan okunur.<\/li>\n<li>D\u00fc\u011fme i\u015flevi: a\u00e7ma\/kapama, minimum de\u011fer izleme, kalibrasyon , veri \u00f6n ayar\u0131, in\u00e7\/metrik d\u00f6n\u00fc\u015ft\u00fcrme.<\/li>\n<li>G\u00fc\u00e7 kapat\u0131ld\u0131ktan sonra veriler haf\u0131zada kal\u0131r.<\/li>\n<li>G\u00fc\u00e7 a\u00e7\u0131ld\u0131ktan sonra tekrar kalibre etmeye gerek yoktur.<\/li>\n<li>CR2032 P\u0130L<\/li>\n<li>Otomatik kapanma<\/li>\n<li>Veri \u00e7\u0131k\u0131\u015f<\/li>\n<li><a href=\"https:\/\/denizmtl.com\/wp-content\/uploads\/2023\/07\/2137.pdf\"><strong>Pdf i\u00e7in t\u0131klay\u0131n\u0131z.<\/strong><\/a><\/li>\n<\/ul>\n","protected":false},"author":1,"featured_media":28042,"comment_status":"open","ping_status":"closed","template":"","meta":[],"product_brand":[],"product_cat":[115,18,21,96,63],"product_tag":[],"class_list":{"0":"post-28013","1":"product","2":"type-product","3":"status-publish","4":"has-post-thumbnail","6":"product_cat-delik-olcum","7":"product_cat-insize","8":"product_cat-komparatorler","9":"product_cat-standart-olcu-aletleri","10":"product_cat-yeni-urunler","12":"first","13":"instock","14":"shipping-taxable","15":"product-type-variable"},"_links":{"self":[{"href":"https:\/\/denizmtl.com\/mobilapp\/wp-json\/wp\/v2\/product\/28013","targetHints":{"allow":["GET"]}}],"collection":[{"href":"https:\/\/denizmtl.com\/mobilapp\/wp-json\/wp\/v2\/product"}],"about":[{"href":"https:\/\/denizmtl.com\/mobilapp\/wp-json\/wp\/v2\/types\/product"}],"author":[{"embeddable":true,"href":"https:\/\/denizmtl.com\/mobilapp\/wp-json\/wp\/v2\/users\/1"}],"replies":[{"embeddable":true,"href":"https:\/\/denizmtl.com\/mobilapp\/wp-json\/wp\/v2\/comments?post=28013"}],"wp:featuredmedia":[{"embeddable":true,"href":"https:\/\/denizmtl.com\/mobilapp\/wp-json\/wp\/v2\/media\/28042"}],"wp:attachment":[{"href":"https:\/\/denizmtl.com\/mobilapp\/wp-json\/wp\/v2\/media?parent=28013"}],"wp:term":[{"taxonomy":"product_brand","embeddable":true,"href":"https:\/\/denizmtl.com\/mobilapp\/wp-json\/wp\/v2\/product_brand?post=28013"},{"taxonomy":"product_cat","embeddable":true,"href":"https:\/\/denizmtl.com\/mobilapp\/wp-json\/wp\/v2\/product_cat?post=28013"},{"taxonomy":"product_tag","embeddable":true,"href":"https:\/\/denizmtl.com\/mobilapp\/wp-json\/wp\/v2\/product_tag?post=28013"}],"curies":[{"name":"wp","href":"https:\/\/api.w.org\/{rel}","templated":true}]}}