{"id":27834,"date":"2025-08-14T11:26:52","date_gmt":"2025-08-14T08:26:52","guid":{"rendered":"https:\/\/denizmtl.com\/mobilapp\/?post_type=product&#038;p=27834"},"modified":"2025-10-02T17:44:05","modified_gmt":"2025-10-02T14:44:05","slug":"insize-isr-t120-puruzluluk-olcum-cihazi","status":"publish","type":"product","link":"https:\/\/denizmtl.com\/mobilapp\/urunler\/insize-isr-t120-puruzluluk-olcum-cihazi\/","title":{"rendered":"Insize ISR-T120 P\u00fcr\u00fczl\u00fcl\u00fck \u00d6l\u00e7\u00fcm Cihaz\u0131"},"content":{"rendered":"<p><strong>Insize ISR-T120 P\u00fcr\u00fczl\u00fcl\u00fck \u00d6l\u00e7\u00fcm Cihaz\u0131<\/strong><\/p>\n<ul>\n<li>Ra, Rz, Rq, Rv, Rp, Rs, R3z, R3y, Rt, Rc, Rz(JIS), Rk, Rku, Rsm, Rpc, Rpk, Rvk, Rsk, Mr1, Mr2, Ry, Rmax parametrelerinde \u00f6l\u00e7\u00fcm yap\u0131labilir<\/li>\n<li>ISO, DIN, ANSI, JIS, standartlar\u0131na uygun olarak\u00a0 \u00f6l\u00e7\u00fcm yapabilir<\/li>\n<li>USB kablo ile PC\u00a0 ba\u011flant\u0131s\u0131 yap\u0131labilir Excel rapor al\u0131nabilir, cihaz \u00fczerinden yap\u0131lan t\u00fcm parametre ayarlar\u0131 bilgisayar \u00fczerinden de yap\u0131labilir ve \u00f6l\u00e7\u00fcm al\u0131nabilir.<\/li>\n<li>Sarj edilebilir Lityum batarya 50 saat ve \u00fczeri \u00e7al\u0131\u015fma s\u00fcresi sa\u011flamaktad\u0131r.<\/li>\n<li>Mihengir ba\u011flama aparat\u0131 ile mihengire ba\u011flanabilir<\/li>\n<\/ul>\n","protected":false},"excerpt":{"rendered":"<ul>\n<li>P\u00fcr\u00fczl\u00fcl\u00fck test cihaz\u0131 cep telefonlar\u0131 ( yaln\u0131zca Android sistemi ) ve bilgisayarlar ile \u00e7al\u0131\u015ft\u0131r\u0131labilir.<\/li>\n<li>Veriler bluetooth ve SPC kablosu ile\u00a0 excelle aktar\u0131labilir.<\/li>\n<li>Bilgisayar ve dahili yaz\u0131c\u0131lara ba\u011flan\u0131larak veri \u00f6l\u00e7\u00fcmleri yazd\u0131r\u0131labilir.<\/li>\n<li>22 p\u00fcr\u00fczl\u00fcl\u00fck parametresi<\/li>\n<li>ISO, DIN, ANSI, JIS Standartlar\u0131na uygundur.<\/li>\n<li>Maksimum 100 veri ve dalga formu haf\u0131zas\u0131<\/li>\n<li>Dahili lityum pil<\/li>\n<li>\u00c7al\u0131\u015fma s\u00fcresi 50 saat ve \u00fczeri<\/li>\n<li>Otomatik kapanma<\/li>\n<li><a href=\"https:\/\/denizmtl.com\/wp-content\/uploads\/2023\/03\/ISR-T120.pdf\"><strong>Pdf i\u00e7in t\u0131klay\u0131n\u0131z.<\/strong><\/a><\/li>\n<\/ul>\n<p>&nbsp;<br \/>\n<a class=\"wp-iletim-button\" href=\"https:\/\/wa.me\/905422584189?text=Merhaba%2C%20https%3A%2F%2Fdenizmtl.com%2Fmobilapp%2Fwp-json%2Fwp%2Fv2%2Fproduct%2F27834%20sayfas%C4%B1ndaki%20%C3%BCr%C3%BCnle%20ilgili%20fiyat%20ve%20demo%20talep%20etmek%20istiyorum.\" target=\"_blank\" rel=\"noopener\" style=\"display:inline-block;padding:10px 16px;border-radius:6px;color:#fff;text-decoration:none;font-weight:600;background:#334862;\">F\u0130YAT VE DEMO TALEP ET<\/a>\n","protected":false},"author":1,"featured_media":27848,"comment_status":"open","ping_status":"closed","template":"","meta":[],"product_brand":[],"product_cat":[18,100,63,104],"product_tag":[],"class_list":{"0":"post-27834","1":"product","2":"type-product","3":"status-publish","4":"has-post-thumbnail","6":"product_cat-insize","7":"product_cat-test-cihazlari","8":"product_cat-yeni-urunler","9":"product_cat-yuzey-puruzluluk-olcme","11":"first","12":"instock","13":"shipping-taxable","14":"product-type-simple"},"_links":{"self":[{"href":"https:\/\/denizmtl.com\/mobilapp\/wp-json\/wp\/v2\/product\/27834","targetHints":{"allow":["GET"]}}],"collection":[{"href":"https:\/\/denizmtl.com\/mobilapp\/wp-json\/wp\/v2\/product"}],"about":[{"href":"https:\/\/denizmtl.com\/mobilapp\/wp-json\/wp\/v2\/types\/product"}],"author":[{"embeddable":true,"href":"https:\/\/denizmtl.com\/mobilapp\/wp-json\/wp\/v2\/users\/1"}],"replies":[{"embeddable":true,"href":"https:\/\/denizmtl.com\/mobilapp\/wp-json\/wp\/v2\/comments?post=27834"}],"wp:featuredmedia":[{"embeddable":true,"href":"https:\/\/denizmtl.com\/mobilapp\/wp-json\/wp\/v2\/media\/27848"}],"wp:attachment":[{"href":"https:\/\/denizmtl.com\/mobilapp\/wp-json\/wp\/v2\/media?parent=27834"}],"wp:term":[{"taxonomy":"product_brand","embeddable":true,"href":"https:\/\/denizmtl.com\/mobilapp\/wp-json\/wp\/v2\/product_brand?post=27834"},{"taxonomy":"product_cat","embeddable":true,"href":"https:\/\/denizmtl.com\/mobilapp\/wp-json\/wp\/v2\/product_cat?post=27834"},{"taxonomy":"product_tag","embeddable":true,"href":"https:\/\/denizmtl.com\/mobilapp\/wp-json\/wp\/v2\/product_tag?post=27834"}],"curies":[{"name":"wp","href":"https:\/\/api.w.org\/{rel}","templated":true}]}}