{"id":27791,"date":"2025-08-14T11:26:36","date_gmt":"2025-08-14T08:26:36","guid":{"rendered":"https:\/\/denizmtl.com\/mobilapp\/?post_type=product&#038;p=27791"},"modified":"2025-10-02T17:44:04","modified_gmt":"2025-10-02T14:44:04","slug":"insize-9216-f520-dijital-multimetre","status":"publish","type":"product","link":"https:\/\/denizmtl.com\/mobilapp\/urunler\/insize-9216-f520-dijital-multimetre\/","title":{"rendered":"Insize 9216-F520 Dijital Multimetre"},"content":{"rendered":"<p><strong>Insize 9216-F520 Dijital Multimetre<\/strong><\/p>\n<p>\u0130ki veya daha fazla elektriksel de\u011feri [temel olarak gerilim (volt), ak\u0131m (amper) ve diren\u00e7 (ohm)] \u00f6l\u00e7mek i\u00e7in kullan\u0131lan bir test arac\u0131d\u0131r.<\/p>\n<p>Elektrik\/elektronik end\u00fcstrilerindeki teknisyenler i\u00e7in standart bir tan\u0131lama arac\u0131d\u0131r.<\/p>\n","protected":false},"excerpt":{"rendered":"<ul>\n<li>200 say\u0131ml\u0131 dijital ekran<\/li>\n<li>Otomatik aral\u0131k ( 200 mV AC hari\u00e7 )<\/li>\n<li>Veri tutma<\/li>\n<li>Maksimum tutu\u015f<\/li>\n<li>Arkadan ayd\u0131nlatmal\u0131 ekran<\/li>\n<li>D\u00fc\u015f\u00fck pil g\u00f6stergesi,otomatik kapanma<\/li>\n<li>G\u00fcvenlik derecesi :CAT III 600V<\/li>\n<li><a href=\"https:\/\/denizmtl.com\/wp-content\/uploads\/2023\/03\/9216.pdf\"><strong>Pdf i\u00e7in t\u0131klay\u0131n\u0131z.<\/strong><\/a><\/li>\n<\/ul>\n<p>&nbsp;<br \/>\n<a class=\"wp-iletim-button\" href=\"https:\/\/wa.me\/905422584189?text=Merhaba%2C%20https%3A%2F%2Fdenizmtl.com%2Fmobilapp%2Fwp-json%2Fwp%2Fv2%2Fproduct%2F27791%20sayfas%C4%B1ndaki%20%C3%BCr%C3%BCnle%20ilgili%20fiyat%20ve%20demo%20talep%20etmek%20istiyorum.\" target=\"_blank\" rel=\"noopener\" style=\"display:inline-block;padding:10px 16px;border-radius:6px;color:#fff;text-decoration:none;font-weight:600;background:#334862;\">F\u0130YAT VE DEMO TALEP ET<\/a>\n","protected":false},"author":1,"featured_media":27811,"comment_status":"open","ping_status":"closed","template":"","meta":[],"product_brand":[],"product_cat":[18,114,100,63],"product_tag":[],"class_list":{"0":"post-27791","1":"product","2":"type-product","3":"status-publish","4":"has-post-thumbnail","6":"product_cat-insize","7":"product_cat-portatif-test-cihazlari","8":"product_cat-test-cihazlari","9":"product_cat-yeni-urunler","11":"first","12":"instock","13":"shipping-taxable","14":"product-type-simple"},"_links":{"self":[{"href":"https:\/\/denizmtl.com\/mobilapp\/wp-json\/wp\/v2\/product\/27791","targetHints":{"allow":["GET"]}}],"collection":[{"href":"https:\/\/denizmtl.com\/mobilapp\/wp-json\/wp\/v2\/product"}],"about":[{"href":"https:\/\/denizmtl.com\/mobilapp\/wp-json\/wp\/v2\/types\/product"}],"author":[{"embeddable":true,"href":"https:\/\/denizmtl.com\/mobilapp\/wp-json\/wp\/v2\/users\/1"}],"replies":[{"embeddable":true,"href":"https:\/\/denizmtl.com\/mobilapp\/wp-json\/wp\/v2\/comments?post=27791"}],"wp:featuredmedia":[{"embeddable":true,"href":"https:\/\/denizmtl.com\/mobilapp\/wp-json\/wp\/v2\/media\/27811"}],"wp:attachment":[{"href":"https:\/\/denizmtl.com\/mobilapp\/wp-json\/wp\/v2\/media?parent=27791"}],"wp:term":[{"taxonomy":"product_brand","embeddable":true,"href":"https:\/\/denizmtl.com\/mobilapp\/wp-json\/wp\/v2\/product_brand?post=27791"},{"taxonomy":"product_cat","embeddable":true,"href":"https:\/\/denizmtl.com\/mobilapp\/wp-json\/wp\/v2\/product_cat?post=27791"},{"taxonomy":"product_tag","embeddable":true,"href":"https:\/\/denizmtl.com\/mobilapp\/wp-json\/wp\/v2\/product_tag?post=27791"}],"curies":[{"name":"wp","href":"https:\/\/api.w.org\/{rel}","templated":true}]}}