{"id":27766,"date":"2025-08-14T11:26:25","date_gmt":"2025-08-14T08:26:25","guid":{"rendered":"https:\/\/denizmtl.com\/mobilapp\/?post_type=product&#038;p=27766"},"modified":"2025-08-14T11:26:32","modified_gmt":"2025-08-14T08:26:32","slug":"insize-2849-manyetik-konumlayici","status":"publish","type":"product","link":"https:\/\/denizmtl.com\/mobilapp\/urunler\/insize-2849-manyetik-konumlayici\/","title":{"rendered":"Insize 2849 Manyetik Konumlay\u0131c\u0131"},"content":{"rendered":"<p><img loading=\"lazy\" decoding=\"async\" class=\"alignnone size-full wp-image-14065 aligncenter\" src=\"https:\/\/denizmtl.com\/wp-content\/uploads\/2023\/03\/resim1-3.png\" alt=\"\" width=\"796\" height=\"602\" srcset=\"https:\/\/denizmtl.com\/mobilapp\/wp-content\/uploads\/2023\/03\/resim1-3.png 796w, https:\/\/denizmtl.com\/mobilapp\/wp-content\/uploads\/2023\/03\/resim1-3-300x227.png 300w, https:\/\/denizmtl.com\/mobilapp\/wp-content\/uploads\/2023\/03\/resim1-3-768x581.png 768w\" sizes=\"auto, (max-width: 796px) 100vw, 796px\" \/><\/p>\n","protected":false},"excerpt":{"rendered":"<ul>\n<li>Delme, frezeleme\u00a0 ve kaynak yaparken konumu i\u015faretleyin.<\/li>\n<li>Silindirik ve dikd\u00f6rtgen i\u015f par\u00e7alar\u0131 i\u00e7in uygundur.<\/li>\n<li>Z\u0131mba sertli\u011fi HRC56-63 &#8216;t\u00fcr.<\/li>\n<li><a href=\"https:\/\/denizmtl.com\/wp-content\/uploads\/2023\/03\/2849.pdf\"><strong>Pdf i\u00e7in t\u0131klay\u0131n\u0131z.<\/strong><\/a><\/li>\n<\/ul>\n","protected":false},"author":1,"featured_media":27775,"comment_status":"open","ping_status":"closed","template":"","meta":[],"product_brand":[],"product_cat":[18,21,96,63],"product_tag":[],"class_list":{"0":"post-27766","1":"product","2":"type-product","3":"status-publish","4":"has-post-thumbnail","6":"product_cat-insize","7":"product_cat-komparatorler","8":"product_cat-standart-olcu-aletleri","9":"product_cat-yeni-urunler","11":"first","12":"instock","13":"shipping-taxable","14":"product-type-simple"},"_links":{"self":[{"href":"https:\/\/denizmtl.com\/mobilapp\/wp-json\/wp\/v2\/product\/27766","targetHints":{"allow":["GET"]}}],"collection":[{"href":"https:\/\/denizmtl.com\/mobilapp\/wp-json\/wp\/v2\/product"}],"about":[{"href":"https:\/\/denizmtl.com\/mobilapp\/wp-json\/wp\/v2\/types\/product"}],"author":[{"embeddable":true,"href":"https:\/\/denizmtl.com\/mobilapp\/wp-json\/wp\/v2\/users\/1"}],"replies":[{"embeddable":true,"href":"https:\/\/denizmtl.com\/mobilapp\/wp-json\/wp\/v2\/comments?post=27766"}],"wp:featuredmedia":[{"embeddable":true,"href":"https:\/\/denizmtl.com\/mobilapp\/wp-json\/wp\/v2\/media\/27775"}],"wp:attachment":[{"href":"https:\/\/denizmtl.com\/mobilapp\/wp-json\/wp\/v2\/media?parent=27766"}],"wp:term":[{"taxonomy":"product_brand","embeddable":true,"href":"https:\/\/denizmtl.com\/mobilapp\/wp-json\/wp\/v2\/product_brand?post=27766"},{"taxonomy":"product_cat","embeddable":true,"href":"https:\/\/denizmtl.com\/mobilapp\/wp-json\/wp\/v2\/product_cat?post=27766"},{"taxonomy":"product_tag","embeddable":true,"href":"https:\/\/denizmtl.com\/mobilapp\/wp-json\/wp\/v2\/product_tag?post=27766"}],"curies":[{"name":"wp","href":"https:\/\/api.w.org\/{rel}","templated":true}]}}