{"id":27745,"date":"2025-08-14T11:26:21","date_gmt":"2025-08-14T08:26:21","guid":{"rendered":"https:\/\/denizmtl.com\/mobilapp\/?post_type=product&#038;p=27745"},"modified":"2025-08-14T11:26:32","modified_gmt":"2025-08-14T08:26:32","slug":"insize-3353-yuksek-hassasiyetli-dijital-disk-mikrometresi","status":"publish","type":"product","link":"https:\/\/denizmtl.com\/mobilapp\/urunler\/insize-3353-yuksek-hassasiyetli-dijital-disk-mikrometresi\/","title":{"rendered":"Insize 3353 Y\u00fcksek Hassasiyetli Dijital Disk Mikrometresi"},"content":{"rendered":"","protected":false},"excerpt":{"rendered":"<ul>\n<li>Di\u015flinin k\u00f6k ve te\u011fet uzunlu\u011fu \u00f6l\u00e7\u00fcl\u00fcr.<\/li>\n<li>Mutlak kodlay\u0131c\u0131 ve orijinal veriler g\u00fc\u00e7 kapat\u0131ld\u0131ktan sonra kal\u0131r.<\/li>\n<li>\u00d6zelle\u015ftirilebilir \u00f6l\u00e7\u00fcm kuvvet aral\u0131\u011f\u0131.<\/li>\n<li>Veri \u00e7\u0131k\u0131\u015f\u0131, tolerans ayar\u0131 ,veri tutma, \u00f6n veri ayar\u0131.<\/li>\n<li><a href=\"https:\/\/denizmtl.com\/wp-content\/uploads\/2023\/03\/3353.pdf\"><strong>Pdf i\u00e7in t\u0131klay\u0131n\u0131z.<\/strong><\/a><\/li>\n<\/ul>\n","protected":false},"author":1,"featured_media":27773,"comment_status":"open","ping_status":"closed","template":"","meta":[],"product_brand":[],"product_cat":[18,27,96,63],"product_tag":[],"class_list":{"0":"post-27745","1":"product","2":"type-product","3":"status-publish","4":"has-post-thumbnail","6":"product_cat-insize","7":"product_cat-mikrometreler","8":"product_cat-standart-olcu-aletleri","9":"product_cat-yeni-urunler","11":"first","12":"instock","13":"shipping-taxable","14":"product-type-variable"},"_links":{"self":[{"href":"https:\/\/denizmtl.com\/mobilapp\/wp-json\/wp\/v2\/product\/27745","targetHints":{"allow":["GET"]}}],"collection":[{"href":"https:\/\/denizmtl.com\/mobilapp\/wp-json\/wp\/v2\/product"}],"about":[{"href":"https:\/\/denizmtl.com\/mobilapp\/wp-json\/wp\/v2\/types\/product"}],"author":[{"embeddable":true,"href":"https:\/\/denizmtl.com\/mobilapp\/wp-json\/wp\/v2\/users\/1"}],"replies":[{"embeddable":true,"href":"https:\/\/denizmtl.com\/mobilapp\/wp-json\/wp\/v2\/comments?post=27745"}],"wp:featuredmedia":[{"embeddable":true,"href":"https:\/\/denizmtl.com\/mobilapp\/wp-json\/wp\/v2\/media\/27773"}],"wp:attachment":[{"href":"https:\/\/denizmtl.com\/mobilapp\/wp-json\/wp\/v2\/media?parent=27745"}],"wp:term":[{"taxonomy":"product_brand","embeddable":true,"href":"https:\/\/denizmtl.com\/mobilapp\/wp-json\/wp\/v2\/product_brand?post=27745"},{"taxonomy":"product_cat","embeddable":true,"href":"https:\/\/denizmtl.com\/mobilapp\/wp-json\/wp\/v2\/product_cat?post=27745"},{"taxonomy":"product_tag","embeddable":true,"href":"https:\/\/denizmtl.com\/mobilapp\/wp-json\/wp\/v2\/product_tag?post=27745"}],"curies":[{"name":"wp","href":"https:\/\/api.w.org\/{rel}","templated":true}]}}