{"id":27737,"date":"2025-08-14T11:26:19","date_gmt":"2025-08-14T08:26:19","guid":{"rendered":"https:\/\/denizmtl.com\/mobilapp\/?post_type=product&#038;p=27737"},"modified":"2025-10-02T17:44:04","modified_gmt":"2025-10-02T14:44:04","slug":"insize-ise-l051-dijital-terazi","status":"publish","type":"product","link":"https:\/\/denizmtl.com\/mobilapp\/urunler\/insize-ise-l051-dijital-terazi\/","title":{"rendered":"Insize ISE-L051 Dijital Terazi"},"content":{"rendered":"<p>H\u0131zl\u0131 ve pratik olarak i\u015f par\u00e7alar\u0131 \u00fczerinde yada farkl\u0131 alanlarda\u00a0 terazi i\u015flemlerinde\u00a0 kullan\u0131lmaktad\u0131r.<\/p>\n<p>Y\u00fcksek kontrastl\u0131 LCD ekran ve Analog ekran ile\u00a0 \u00a0sonu\u00e7larda okuma kolayl\u0131\u011f\u0131 sa\u011flamaktad\u0131r.<\/p>\n<p>Yatayda ve dikeyde kullan\u0131labilir.<\/p>\n<p>\u015earj edilebilir pil ile 100 saatlik \u00e7al\u0131\u015fma imkan\u0131<\/p>\n","protected":false},"excerpt":{"rendered":"<ul>\n<li>Darbeye dayan\u0131kl\u0131<\/li>\n<li>Analog ve dijital okuma<\/li>\n<li>Bilgi \u00e7\u0131k\u0131\u015f\u0131<\/li>\n<li>Ah\u015fap tutma yeri<\/li>\n<li>Hassasiyet ayarlama<\/li>\n<li>3 saniyenin alt\u0131nda tepki h\u0131z\u0131<\/li>\n<li>Opsiyonel yaz\u0131l\u0131m ve yaz\u0131c\u0131<\/li>\n<li><a href=\"https:\/\/denizmtl.com\/wp-content\/uploads\/2023\/03\/ISE-L051.pdf\"><strong>Pdf i\u00e7in t\u0131klay\u0131n\u0131z.<\/strong><\/a><\/li>\n<\/ul>\n<p>&nbsp;<br \/>\n<a class=\"wp-iletim-button\" href=\"https:\/\/wa.me\/905422584189?text=Merhaba%2C%20https%3A%2F%2Fdenizmtl.com%2Fmobilapp%2Fwp-json%2Fwp%2Fv2%2Fproduct%2F27737%20sayfas%C4%B1ndaki%20%C3%BCr%C3%BCnle%20ilgili%20fiyat%20ve%20demo%20talep%20etmek%20istiyorum.\" target=\"_blank\" rel=\"noopener\" style=\"display:inline-block;padding:10px 16px;border-radius:6px;color:#fff;text-decoration:none;font-weight:600;background:#334862;\">F\u0130YAT VE DEMO TALEP ET<\/a>\n","protected":false},"author":1,"featured_media":27767,"comment_status":"open","ping_status":"closed","template":"","meta":[],"product_brand":[],"product_cat":[18,105,100,63],"product_tag":[],"class_list":{"0":"post-27737","1":"product","2":"type-product","3":"status-publish","4":"has-post-thumbnail","6":"product_cat-insize","7":"product_cat-terazi","8":"product_cat-test-cihazlari","9":"product_cat-yeni-urunler","11":"first","12":"instock","13":"shipping-taxable","14":"product-type-simple"},"_links":{"self":[{"href":"https:\/\/denizmtl.com\/mobilapp\/wp-json\/wp\/v2\/product\/27737","targetHints":{"allow":["GET"]}}],"collection":[{"href":"https:\/\/denizmtl.com\/mobilapp\/wp-json\/wp\/v2\/product"}],"about":[{"href":"https:\/\/denizmtl.com\/mobilapp\/wp-json\/wp\/v2\/types\/product"}],"author":[{"embeddable":true,"href":"https:\/\/denizmtl.com\/mobilapp\/wp-json\/wp\/v2\/users\/1"}],"replies":[{"embeddable":true,"href":"https:\/\/denizmtl.com\/mobilapp\/wp-json\/wp\/v2\/comments?post=27737"}],"wp:featuredmedia":[{"embeddable":true,"href":"https:\/\/denizmtl.com\/mobilapp\/wp-json\/wp\/v2\/media\/27767"}],"wp:attachment":[{"href":"https:\/\/denizmtl.com\/mobilapp\/wp-json\/wp\/v2\/media?parent=27737"}],"wp:term":[{"taxonomy":"product_brand","embeddable":true,"href":"https:\/\/denizmtl.com\/mobilapp\/wp-json\/wp\/v2\/product_brand?post=27737"},{"taxonomy":"product_cat","embeddable":true,"href":"https:\/\/denizmtl.com\/mobilapp\/wp-json\/wp\/v2\/product_cat?post=27737"},{"taxonomy":"product_tag","embeddable":true,"href":"https:\/\/denizmtl.com\/mobilapp\/wp-json\/wp\/v2\/product_tag?post=27737"}],"curies":[{"name":"wp","href":"https:\/\/api.w.org\/{rel}","templated":true}]}}