{"id":27715,"date":"2025-08-14T11:26:06","date_gmt":"2025-08-14T08:26:06","guid":{"rendered":"https:\/\/denizmtl.com\/mobilapp\/?post_type=product&#038;p=27715"},"modified":"2025-10-02T17:44:04","modified_gmt":"2025-10-02T14:44:04","slug":"insize-0312-th50-termohigrometre","status":"publish","type":"product","link":"https:\/\/denizmtl.com\/mobilapp\/urunler\/insize-0312-th50-termohigrometre\/","title":{"rendered":"Insize 0312-TH50 Termohigrometre"},"content":{"rendered":"<p><strong>Insize 0312-TH50 Termohigrometre<\/strong><\/p>\n<p>Havadaki veya farkl\u0131 ortamlardaki nemi, \u00e7i\u011f noktas\u0131n\u0131\u00a0 hem de hava s\u0131cakl\u0131\u011f\u0131n\u0131 \u00f6l\u00e7en bir \u00f6l\u00e7\u00fcm cihaz\u0131d\u0131r.<\/p>\n<p>Geni\u015f LCD ekran\u0131 saati, nemi ve s\u0131cakl\u0131\u011f\u0131 g\u00f6r\u00fcnt\u00fcler.<\/p>\n","protected":false},"excerpt":{"rendered":"<ul>\n<li>Ortam konfor ekran\u0131: KONFOR,ISLAK,KURU<\/li>\n<li>Zaman\/ s\u0131cakl\u0131k\/ nem g\u00f6stergesi<\/li>\n<li>En y\u00fcksek \/ en d\u00fc\u015f\u00fck s\u0131cakl\u0131k ve nem haf\u0131za fonksiyonu<\/li>\n<li>\u00c7alar saat i\u015flevi<\/li>\n<li>Birim: C, \u00b0F<\/li>\n<li><a href=\"https:\/\/denizmtl.com\/wp-content\/uploads\/2023\/03\/0312.pdf\"><strong>Pdf i\u00e7in t\u0131klay\u0131n\u0131z.<\/strong><\/a><\/li>\n<\/ul>\n<p>&nbsp;<br \/>\n<a class=\"wp-iletim-button\" href=\"https:\/\/wa.me\/905422584189?text=Merhaba%2C%20https%3A%2F%2Fdenizmtl.com%2Fmobilapp%2Fwp-json%2Fwp%2Fv2%2Fproduct%2F27715%20sayfas%C4%B1ndaki%20%C3%BCr%C3%BCnle%20ilgili%20fiyat%20ve%20demo%20talep%20etmek%20istiyorum.\" target=\"_blank\" rel=\"noopener\" style=\"display:inline-block;padding:10px 16px;border-radius:6px;color:#fff;text-decoration:none;font-weight:600;background:#334862;\">F\u0130YAT VE DEMO TALEP ET<\/a>\n","protected":false},"author":1,"featured_media":27734,"comment_status":"open","ping_status":"closed","template":"","meta":[],"product_brand":[],"product_cat":[18,114,63],"product_tag":[],"class_list":{"0":"post-27715","1":"product","2":"type-product","3":"status-publish","4":"has-post-thumbnail","6":"product_cat-insize","7":"product_cat-portatif-test-cihazlari","8":"product_cat-yeni-urunler","10":"first","11":"instock","12":"shipping-taxable","13":"product-type-simple"},"_links":{"self":[{"href":"https:\/\/denizmtl.com\/mobilapp\/wp-json\/wp\/v2\/product\/27715","targetHints":{"allow":["GET"]}}],"collection":[{"href":"https:\/\/denizmtl.com\/mobilapp\/wp-json\/wp\/v2\/product"}],"about":[{"href":"https:\/\/denizmtl.com\/mobilapp\/wp-json\/wp\/v2\/types\/product"}],"author":[{"embeddable":true,"href":"https:\/\/denizmtl.com\/mobilapp\/wp-json\/wp\/v2\/users\/1"}],"replies":[{"embeddable":true,"href":"https:\/\/denizmtl.com\/mobilapp\/wp-json\/wp\/v2\/comments?post=27715"}],"wp:featuredmedia":[{"embeddable":true,"href":"https:\/\/denizmtl.com\/mobilapp\/wp-json\/wp\/v2\/media\/27734"}],"wp:attachment":[{"href":"https:\/\/denizmtl.com\/mobilapp\/wp-json\/wp\/v2\/media?parent=27715"}],"wp:term":[{"taxonomy":"product_brand","embeddable":true,"href":"https:\/\/denizmtl.com\/mobilapp\/wp-json\/wp\/v2\/product_brand?post=27715"},{"taxonomy":"product_cat","embeddable":true,"href":"https:\/\/denizmtl.com\/mobilapp\/wp-json\/wp\/v2\/product_cat?post=27715"},{"taxonomy":"product_tag","embeddable":true,"href":"https:\/\/denizmtl.com\/mobilapp\/wp-json\/wp\/v2\/product_tag?post=27715"}],"curies":[{"name":"wp","href":"https:\/\/api.w.org\/{rel}","templated":true}]}}