{"id":27714,"date":"2025-08-14T11:26:06","date_gmt":"2025-08-14T08:26:06","guid":{"rendered":"https:\/\/denizmtl.com\/mobilapp\/?post_type=product&#038;p=27714"},"modified":"2025-08-14T11:26:16","modified_gmt":"2025-08-14T08:26:16","slug":"insize-2177-torkmetreler-icin-dijital-aci-olcer","status":"publish","type":"product","link":"https:\/\/denizmtl.com\/mobilapp\/urunler\/insize-2177-torkmetreler-icin-dijital-aci-olcer\/","title":{"rendered":"Insize 2177 Torkmetreler \u0130\u00e7in Dijital A\u00e7\u0131 \u00d6l\u00e7er"},"content":{"rendered":"","protected":false},"excerpt":{"rendered":"<ul>\n<li>Saat y\u00f6n\u00fcnde ve saat y\u00f6n\u00fcn\u00fcn tersine \u00e7al\u0131\u015ft\u0131rma<\/li>\n<li>Sesli ve g\u00f6rsel alarm ile 9 hedef tork de\u011feri ayarlanabilir.<\/li>\n<li>Tork de\u011feri geldi\u011finde ye\u015fil Led \u015f\u0131k yanar ve uyar\u0131 sesi duyulur.<\/li>\n<li>%80-%95 tork de\u011feri geldi\u011finde ye\u015fil renk LED \u0131\u015f\u0131k yanar.<\/li>\n<li>Tork de\u011feri %99,5\u00a0 ve \u00fczerine \u00e7\u0131kt\u0131\u011f\u0131nda k\u0131rm\u0131z\u0131 LED \u0131\u015f\u0131k yanar.<\/li>\n<li>250 sonu\u00e7 haf\u0131zas\u0131na sahiptir,veriler bilgisayara y\u00fcklenebilir.<\/li>\n<li><a href=\"https:\/\/denizmtl.com\/wp-content\/uploads\/2023\/03\/2177.pdf\"><strong>Pdf i\u00e7in t\u0131klay\u0131n\u0131z.<\/strong><\/a><\/li>\n<\/ul>\n","protected":false},"author":1,"featured_media":27733,"comment_status":"open","ping_status":"closed","template":"","meta":[],"product_brand":[],"product_cat":[116,18,96,63],"product_tag":[],"class_list":{"0":"post-27714","1":"product","2":"type-product","3":"status-publish","4":"has-post-thumbnail","6":"product_cat-aci-ve-duzluk","7":"product_cat-insize","8":"product_cat-standart-olcu-aletleri","9":"product_cat-yeni-urunler","11":"first","12":"instock","13":"shipping-taxable","14":"product-type-simple"},"_links":{"self":[{"href":"https:\/\/denizmtl.com\/mobilapp\/wp-json\/wp\/v2\/product\/27714","targetHints":{"allow":["GET"]}}],"collection":[{"href":"https:\/\/denizmtl.com\/mobilapp\/wp-json\/wp\/v2\/product"}],"about":[{"href":"https:\/\/denizmtl.com\/mobilapp\/wp-json\/wp\/v2\/types\/product"}],"author":[{"embeddable":true,"href":"https:\/\/denizmtl.com\/mobilapp\/wp-json\/wp\/v2\/users\/1"}],"replies":[{"embeddable":true,"href":"https:\/\/denizmtl.com\/mobilapp\/wp-json\/wp\/v2\/comments?post=27714"}],"wp:featuredmedia":[{"embeddable":true,"href":"https:\/\/denizmtl.com\/mobilapp\/wp-json\/wp\/v2\/media\/27733"}],"wp:attachment":[{"href":"https:\/\/denizmtl.com\/mobilapp\/wp-json\/wp\/v2\/media?parent=27714"}],"wp:term":[{"taxonomy":"product_brand","embeddable":true,"href":"https:\/\/denizmtl.com\/mobilapp\/wp-json\/wp\/v2\/product_brand?post=27714"},{"taxonomy":"product_cat","embeddable":true,"href":"https:\/\/denizmtl.com\/mobilapp\/wp-json\/wp\/v2\/product_cat?post=27714"},{"taxonomy":"product_tag","embeddable":true,"href":"https:\/\/denizmtl.com\/mobilapp\/wp-json\/wp\/v2\/product_tag?post=27714"}],"curies":[{"name":"wp","href":"https:\/\/api.w.org\/{rel}","templated":true}]}}