{"id":27713,"date":"2025-08-14T11:26:05","date_gmt":"2025-08-14T08:26:05","guid":{"rendered":"https:\/\/denizmtl.com\/mobilapp\/?post_type=product&#038;p=27713"},"modified":"2025-08-14T11:26:15","modified_gmt":"2025-08-14T08:26:15","slug":"insize-2280-ayarlanabilir-gonye","status":"publish","type":"product","link":"https:\/\/denizmtl.com\/mobilapp\/urunler\/insize-2280-ayarlanabilir-gonye\/","title":{"rendered":"Insize 2280 Ayarlanabilir G\u00f6nye"},"content":{"rendered":"<p><img loading=\"lazy\" decoding=\"async\" class=\"alignnone size-full wp-image-13906 aligncenter\" src=\"https:\/\/denizmtl.com\/wp-content\/uploads\/2023\/03\/Resim5.png\" alt=\"\" width=\"654\" height=\"517\" srcset=\"https:\/\/denizmtl.com\/mobilapp\/wp-content\/uploads\/2023\/03\/Resim5.png 654w, https:\/\/denizmtl.com\/mobilapp\/wp-content\/uploads\/2023\/03\/Resim5-300x237.png 300w\" sizes=\"auto, (max-width: 654px) 100vw, 654px\" \/><\/p>\n","protected":false},"excerpt":{"rendered":"<ul>\n<li>Al\u00fcminyum b\u0131\u00e7ak ve al\u00fcminyum taban<\/li>\n<li>Frezelenmi\u015f 4 y\u00fczey<\/li>\n<li>Geri \u00e7ekilebilir metal \u00e7\u0131k\u0131nt\u0131 deste\u011fi.<\/li>\n<li>E\u011fim verme ve \u00e7er\u00e7eveleme i\u00e7in grav\u00fcrler ve delikler: 10\u00b0,15\u00b0,22,5\u00b0,30\u00b0,45\u00b0,50\u00b0 ve 60\u00b0<\/li>\n<li>Ak\u0131c\u0131 kalem i\u015faretlemesi i\u00e7in her cm de grav\u00fcrler ve delikler.<\/li>\n<li><a href=\"https:\/\/denizmtl.com\/wp-content\/uploads\/2023\/03\/2280.pdf\"><strong>Pdf i\u00e7in t\u0131klay\u0131n\u0131z.<\/strong><\/a><\/li>\n<\/ul>\n","protected":false},"author":1,"featured_media":27732,"comment_status":"open","ping_status":"closed","template":"","meta":[],"product_brand":[],"product_cat":[116,18,96,63],"product_tag":[],"class_list":{"0":"post-27713","1":"product","2":"type-product","3":"status-publish","4":"has-post-thumbnail","6":"product_cat-aci-ve-duzluk","7":"product_cat-insize","8":"product_cat-standart-olcu-aletleri","9":"product_cat-yeni-urunler","11":"first","12":"instock","13":"shipping-taxable","14":"product-type-simple"},"_links":{"self":[{"href":"https:\/\/denizmtl.com\/mobilapp\/wp-json\/wp\/v2\/product\/27713","targetHints":{"allow":["GET"]}}],"collection":[{"href":"https:\/\/denizmtl.com\/mobilapp\/wp-json\/wp\/v2\/product"}],"about":[{"href":"https:\/\/denizmtl.com\/mobilapp\/wp-json\/wp\/v2\/types\/product"}],"author":[{"embeddable":true,"href":"https:\/\/denizmtl.com\/mobilapp\/wp-json\/wp\/v2\/users\/1"}],"replies":[{"embeddable":true,"href":"https:\/\/denizmtl.com\/mobilapp\/wp-json\/wp\/v2\/comments?post=27713"}],"wp:featuredmedia":[{"embeddable":true,"href":"https:\/\/denizmtl.com\/mobilapp\/wp-json\/wp\/v2\/media\/27732"}],"wp:attachment":[{"href":"https:\/\/denizmtl.com\/mobilapp\/wp-json\/wp\/v2\/media?parent=27713"}],"wp:term":[{"taxonomy":"product_brand","embeddable":true,"href":"https:\/\/denizmtl.com\/mobilapp\/wp-json\/wp\/v2\/product_brand?post=27713"},{"taxonomy":"product_cat","embeddable":true,"href":"https:\/\/denizmtl.com\/mobilapp\/wp-json\/wp\/v2\/product_cat?post=27713"},{"taxonomy":"product_tag","embeddable":true,"href":"https:\/\/denizmtl.com\/mobilapp\/wp-json\/wp\/v2\/product_tag?post=27713"}],"curies":[{"name":"wp","href":"https:\/\/api.w.org\/{rel}","templated":true}]}}