{"id":27712,"date":"2025-08-14T11:26:05","date_gmt":"2025-08-14T08:26:05","guid":{"rendered":"https:\/\/denizmtl.com\/mobilapp\/?post_type=product&#038;p=27712"},"modified":"2025-08-14T11:26:15","modified_gmt":"2025-08-14T08:26:15","slug":"insize-2281-t-egimli-aci-cetveli","status":"publish","type":"product","link":"https:\/\/denizmtl.com\/mobilapp\/urunler\/insize-2281-t-egimli-aci-cetveli\/","title":{"rendered":"Insize 2281 T E\u011fimli A\u00e7\u0131 Cetveli"},"content":{"rendered":"<p><img loading=\"lazy\" decoding=\"async\" class=\"alignnone size-full wp-image-13900 aligncenter\" src=\"https:\/\/denizmtl.com\/wp-content\/uploads\/2023\/03\/Resim4.png\" alt=\"\" width=\"680\" height=\"406\" srcset=\"https:\/\/denizmtl.com\/mobilapp\/wp-content\/uploads\/2023\/03\/Resim4.png 680w, https:\/\/denizmtl.com\/mobilapp\/wp-content\/uploads\/2023\/03\/Resim4-300x179.png 300w\" sizes=\"auto, (max-width: 680px) 100vw, 680px\" \/><\/p>\n","protected":false},"excerpt":{"rendered":"<ul>\n<li>Okumas\u0131 kolay \u015fi\u015fe,<\/li>\n<li>B\u0131\u00e7ak hareket ettirilebilir ve kilitlenebilir.<\/li>\n<li>Paslanmaz \u00e7elik b\u0131\u00e7ak.<\/li>\n<li>Santimetre \/in\u00e7 derecelendirmeleri.<\/li>\n<li><a href=\"https:\/\/denizmtl.com\/wp-content\/uploads\/2023\/03\/2281.pdf\"><strong>Pdf i\u00e7in t\u0131klay\u0131n\u0131z.<\/strong><\/a><\/li>\n<\/ul>\n","protected":false},"author":1,"featured_media":27731,"comment_status":"open","ping_status":"closed","template":"","meta":[],"product_brand":[],"product_cat":[116,20,18,96,63],"product_tag":[],"class_list":{"0":"post-27712","1":"product","2":"type-product","3":"status-publish","4":"has-post-thumbnail","6":"product_cat-aci-ve-duzluk","7":"product_cat-cetveller","8":"product_cat-insize","9":"product_cat-standart-olcu-aletleri","10":"product_cat-yeni-urunler","12":"first","13":"instock","14":"shipping-taxable","15":"product-type-simple"},"_links":{"self":[{"href":"https:\/\/denizmtl.com\/mobilapp\/wp-json\/wp\/v2\/product\/27712","targetHints":{"allow":["GET"]}}],"collection":[{"href":"https:\/\/denizmtl.com\/mobilapp\/wp-json\/wp\/v2\/product"}],"about":[{"href":"https:\/\/denizmtl.com\/mobilapp\/wp-json\/wp\/v2\/types\/product"}],"author":[{"embeddable":true,"href":"https:\/\/denizmtl.com\/mobilapp\/wp-json\/wp\/v2\/users\/1"}],"replies":[{"embeddable":true,"href":"https:\/\/denizmtl.com\/mobilapp\/wp-json\/wp\/v2\/comments?post=27712"}],"wp:featuredmedia":[{"embeddable":true,"href":"https:\/\/denizmtl.com\/mobilapp\/wp-json\/wp\/v2\/media\/27731"}],"wp:attachment":[{"href":"https:\/\/denizmtl.com\/mobilapp\/wp-json\/wp\/v2\/media?parent=27712"}],"wp:term":[{"taxonomy":"product_brand","embeddable":true,"href":"https:\/\/denizmtl.com\/mobilapp\/wp-json\/wp\/v2\/product_brand?post=27712"},{"taxonomy":"product_cat","embeddable":true,"href":"https:\/\/denizmtl.com\/mobilapp\/wp-json\/wp\/v2\/product_cat?post=27712"},{"taxonomy":"product_tag","embeddable":true,"href":"https:\/\/denizmtl.com\/mobilapp\/wp-json\/wp\/v2\/product_tag?post=27712"}],"curies":[{"name":"wp","href":"https:\/\/api.w.org\/{rel}","templated":true}]}}