{"id":27704,"date":"2025-08-14T11:26:04","date_gmt":"2025-08-14T08:26:04","guid":{"rendered":"https:\/\/denizmtl.com\/mobilapp\/?post_type=product&#038;p=27704"},"modified":"2025-10-02T17:44:03","modified_gmt":"2025-10-02T14:44:03","slug":"insize-4923-cetvelli-aluminyum-su-terazisi","status":"publish","type":"product","link":"https:\/\/denizmtl.com\/mobilapp\/urunler\/insize-4923-cetvelli-aluminyum-su-terazisi\/","title":{"rendered":"Insize 4923 Cetvelli Al\u00fcminyum Su Terazisi"},"content":{"rendered":"<p><strong>Insize 4923 Cetvelli Al\u00fcminyum Su Terazisi<\/strong><\/p>\n<p>D\u00fczlem veya do\u011frular\u0131n yatayl\u0131\u011f\u0131n\u0131 kontrol etmemizi sa\u011flar.<\/p>\n<p>\u0130n\u015faat ve marangozluk gibi ihtiya\u00e7 alanlar\u0131nda kullan\u0131labilir.<\/p>\n","protected":false},"excerpt":{"rendered":"<ul>\n<li>Darbeye dayan\u0131kl\u0131 yatay ve dikey \u015fi\u015feler,<\/li>\n<li>Manyetik olmayan \u00f6\u011f\u00fct\u00fclm\u00fc\u015f taban,<\/li>\n<li>Darbe emici kau\u00e7uk,<\/li>\n<li>Cetvel aral\u0131\u011f\u0131 :0-60cm,<\/li>\n<li>\u00c7al\u0131\u015fma s\u0131cakl\u0131\u011f\u0131: -15 \u00b0 &#8211;\u00a0 55 \u00b0<\/li>\n<li><a href=\"https:\/\/denizmtl.com\/wp-content\/uploads\/2023\/03\/4923.pdf\"><strong>Pdf i\u00e7in t\u0131klay\u0131n\u0131z.<\/strong><\/a><\/li>\n<\/ul>\n<p>&nbsp;<br \/>\n<a class=\"wp-iletim-button\" href=\"https:\/\/wa.me\/905422584189?text=Merhaba%2C%20https%3A%2F%2Fdenizmtl.com%2Fmobilapp%2Fwp-json%2Fwp%2Fv2%2Fproduct%2F27704%20sayfas%C4%B1ndaki%20%C3%BCr%C3%BCnle%20ilgili%20fiyat%20ve%20demo%20talep%20etmek%20istiyorum.\" target=\"_blank\" rel=\"noopener\" style=\"display:inline-block;padding:10px 16px;border-radius:6px;color:#fff;text-decoration:none;font-weight:600;background:#334862;\">F\u0130YAT VE DEMO TALEP ET<\/a>\n","protected":false},"author":1,"featured_media":27726,"comment_status":"open","ping_status":"closed","template":"","meta":[],"product_brand":[],"product_cat":[18,105,63],"product_tag":[],"class_list":{"0":"post-27704","1":"product","2":"type-product","3":"status-publish","4":"has-post-thumbnail","6":"product_cat-insize","7":"product_cat-terazi","8":"product_cat-yeni-urunler","10":"first","11":"instock","12":"shipping-taxable","13":"product-type-simple"},"_links":{"self":[{"href":"https:\/\/denizmtl.com\/mobilapp\/wp-json\/wp\/v2\/product\/27704","targetHints":{"allow":["GET"]}}],"collection":[{"href":"https:\/\/denizmtl.com\/mobilapp\/wp-json\/wp\/v2\/product"}],"about":[{"href":"https:\/\/denizmtl.com\/mobilapp\/wp-json\/wp\/v2\/types\/product"}],"author":[{"embeddable":true,"href":"https:\/\/denizmtl.com\/mobilapp\/wp-json\/wp\/v2\/users\/1"}],"replies":[{"embeddable":true,"href":"https:\/\/denizmtl.com\/mobilapp\/wp-json\/wp\/v2\/comments?post=27704"}],"wp:featuredmedia":[{"embeddable":true,"href":"https:\/\/denizmtl.com\/mobilapp\/wp-json\/wp\/v2\/media\/27726"}],"wp:attachment":[{"href":"https:\/\/denizmtl.com\/mobilapp\/wp-json\/wp\/v2\/media?parent=27704"}],"wp:term":[{"taxonomy":"product_brand","embeddable":true,"href":"https:\/\/denizmtl.com\/mobilapp\/wp-json\/wp\/v2\/product_brand?post=27704"},{"taxonomy":"product_cat","embeddable":true,"href":"https:\/\/denizmtl.com\/mobilapp\/wp-json\/wp\/v2\/product_cat?post=27704"},{"taxonomy":"product_tag","embeddable":true,"href":"https:\/\/denizmtl.com\/mobilapp\/wp-json\/wp\/v2\/product_tag?post=27704"}],"curies":[{"name":"wp","href":"https:\/\/api.w.org\/{rel}","templated":true}]}}