{"id":26593,"date":"2025-08-14T11:20:21","date_gmt":"2025-08-14T08:20:21","guid":{"rendered":"https:\/\/denizmtl.com\/mobilapp\/?post_type=product&#038;p=26593"},"modified":"2025-10-02T17:43:42","modified_gmt":"2025-10-02T14:43:42","slug":"insize-7315-3-kablosuz-veri-transfer-sistemi-tek-kanalli","status":"publish","type":"product","link":"https:\/\/denizmtl.com\/mobilapp\/urunler\/insize-7315-3-kablosuz-veri-transfer-sistemi-tek-kanalli\/","title":{"rendered":"Insize 7315-3 Kablosuz Veri Transfer Sistemi (Tek Kanall\u0131)"},"content":{"rendered":"<p><strong>Insize 7315-3 Kablosuz Veri Transfer Sistemi (Tek Kanall\u0131)<\/strong><\/p>\n<ul>\n<li>Kablosuz olarak \u00f6l\u00e7\u00fcm verilerini excel, word, txt vb. ve klavye sinyali alan herhangi bir yaz\u0131l\u0131ma iletilebilir.<\/li>\n<li>Bir adet iletici ile ba\u011flant\u0131 kurulabilir.<\/li>\n<li>G\u00f6nderilmek istenen veriyi istenilen sat\u0131r ve s\u00fctun aral\u0131\u011f\u0131na i\u015fleyebilir.<\/li>\n<li>\u00dcretim alanlar\u0131nda kullan\u0131ma uygundur.<\/li>\n<li>Veri aktar\u0131m h\u0131z\u0131 1 saniyenin alt\u0131nda ger\u00e7ekle\u015fmektedir.<\/li>\n<\/ul>\n","protected":false},"excerpt":{"rendered":"<ul>\n<li>Yaln\u0131zca bir verici ile ba\u011flan\u0131r ve verici gerekti\u011finde de\u011fi\u015ftirilebilir,<\/li>\n<li>S\u00fcr\u00fcc\u00fc ve yaz\u0131l\u0131m y\u00fcklemeye gerek yoktur,<\/li>\n<li>Klavyenin sinyalini alg\u0131layabilen t\u00fcm yaz\u0131l\u0131mlarla uyumludur,<\/li>\n<li>\u0130letim mesafesi 10 metredir,<\/li>\n<li>Veri iletimi i\u00e7in tu\u015fa bas\u0131l\u0131r,<\/li>\n<li><a href=\"https:\/\/denizmtl.com\/wp-content\/uploads\/2022\/02\/7315-2-KABLOSUZ-VERI-TRANSFER-SISTEMI.pdf\">Pdf i\u00e7in t\u0131klay\u0131n\u0131z\u00a0<\/a><\/li>\n<\/ul>\n<p>&nbsp;<br \/>\n<a class=\"wp-iletim-button\" href=\"https:\/\/wa.me\/905422584189?text=Merhaba%2C%20https%3A%2F%2Fdenizmtl.com%2Fmobilapp%2Fwp-json%2Fwp%2Fv2%2Fproduct%2F26593%20sayfas%C4%B1ndaki%20%C3%BCr%C3%BCnle%20ilgili%20fiyat%20ve%20demo%20talep%20etmek%20istiyorum.\" target=\"_blank\" rel=\"noopener\" style=\"display:inline-block;padding:10px 16px;border-radius:6px;color:#fff;text-decoration:none;font-weight:600;background:#334862;\">F\u0130YAT VE DEMO TALEP ET<\/a>\n","protected":false},"author":1,"featured_media":26620,"comment_status":"open","ping_status":"closed","template":"","meta":[],"product_brand":[],"product_cat":[101,64],"product_tag":[],"class_list":{"0":"post-26593","1":"product","2":"type-product","3":"status-publish","4":"has-post-thumbnail","6":"product_cat-data-aktarimi-ve-yazilimlar","7":"product_cat-one-cikan-urunler","9":"first","10":"instock","11":"shipping-taxable","12":"product-type-simple"},"_links":{"self":[{"href":"https:\/\/denizmtl.com\/mobilapp\/wp-json\/wp\/v2\/product\/26593","targetHints":{"allow":["GET"]}}],"collection":[{"href":"https:\/\/denizmtl.com\/mobilapp\/wp-json\/wp\/v2\/product"}],"about":[{"href":"https:\/\/denizmtl.com\/mobilapp\/wp-json\/wp\/v2\/types\/product"}],"author":[{"embeddable":true,"href":"https:\/\/denizmtl.com\/mobilapp\/wp-json\/wp\/v2\/users\/1"}],"replies":[{"embeddable":true,"href":"https:\/\/denizmtl.com\/mobilapp\/wp-json\/wp\/v2\/comments?post=26593"}],"wp:featuredmedia":[{"embeddable":true,"href":"https:\/\/denizmtl.com\/mobilapp\/wp-json\/wp\/v2\/media\/26620"}],"wp:attachment":[{"href":"https:\/\/denizmtl.com\/mobilapp\/wp-json\/wp\/v2\/media?parent=26593"}],"wp:term":[{"taxonomy":"product_brand","embeddable":true,"href":"https:\/\/denizmtl.com\/mobilapp\/wp-json\/wp\/v2\/product_brand?post=26593"},{"taxonomy":"product_cat","embeddable":true,"href":"https:\/\/denizmtl.com\/mobilapp\/wp-json\/wp\/v2\/product_cat?post=26593"},{"taxonomy":"product_tag","embeddable":true,"href":"https:\/\/denizmtl.com\/mobilapp\/wp-json\/wp\/v2\/product_tag?post=26593"}],"curies":[{"name":"wp","href":"https:\/\/api.w.org\/{rel}","templated":true}]}}