{"id":26590,"date":"2025-08-14T11:20:21","date_gmt":"2025-08-14T08:20:21","guid":{"rendered":"https:\/\/denizmtl.com\/mobilapp\/?post_type=product&#038;p=26590"},"modified":"2025-10-02T17:43:42","modified_gmt":"2025-10-02T14:43:42","slug":"insize-atf-1612-termal-kamerali-yuz-tanima-ve-temassiz-ates-olcer","status":"publish","type":"product","link":"https:\/\/denizmtl.com\/mobilapp\/urunler\/insize-atf-1612-termal-kamerali-yuz-tanima-ve-temassiz-ates-olcer\/","title":{"rendered":"Insize ATF-1612 Termal Kameral\u0131 Y\u00fcz Tan\u0131ma ve Temass\u0131z Ate\u015f \u00d6l\u00e7er"},"content":{"rendered":"<div class=\"page\" title=\"Page 1\">\n<div class=\"section\">\n<div class=\"layoutArea\">\n<div class=\"column\">\n<div class=\"page\" title=\"Page 1\">\n<div class=\"section\">\n<div class=\"layoutArea\">\n<p>Insize ATF-1612, y\u00fcksek \u00e7\u00f6z\u00fcn\u00fcrl\u00fckl\u00fc k\u0131z\u0131l\u00f6tesi termal g\u00f6r\u00fcnt\u00fcleme kameras\u0131 ve son derece geli\u015fmi\u015f dahili y\u00fcz tan\u0131ma algoritmas\u0131 sayesinde, do\u011fru s\u0131cakl\u0131k \u00f6l\u00e7\u00fcm\u00fc sa\u011flarken, y\u00fcz maskesi takarken bile birinin y\u00fcz\u00fcn\u00fc tan\u0131yabilir.<\/p>\n<p>Ayr\u0131ca aln\u0131 bulabilir ve al\u0131n s\u0131cakl\u0131\u011f\u0131n\u0131 dokunmadan do\u011fru bir \u015fekilde \u00f6l\u00e7ebilir. Tam otomatik temass\u0131z eri\u015fim kontrol\u00fc, y\u00fcz tan\u0131ma ve s\u0131cakl\u0131k \u00f6l\u00e7\u00fcm\u00fc i\u00e7in ideal \u00e7\u00f6z\u00fcmd\u00fcr.<\/p>\n<p>Hastane \/ restoran \/ otel \/ perakende ma\u011faza, vb i\u00e7in, termal dedekt\u00f6r ve \/ veya maske dedekt\u00f6r\u00fc olarak kullan\u0131labilir. Al\u0131n s\u0131cakl\u0131\u011f\u0131, \u00f6nceden belirlenmi\u015f limitin \u00fczerinde oldu\u011funda (\u00f6rne\u011fin, 37.3 \u00b0 C), sizi uyaracakt\u0131r. \u0130nsanlar\u0131n maske tak\u0131p takmad\u0131\u011f\u0131n\u0131 da tespit edebilir.<\/p>\n<p>Bir fabrika, i\u015fletme veya okul, bina giri\u015finde hem s\u0131cakl\u0131k ve maske tespiti i\u00e7in, hem de personel giri\u015f \u00e7\u0131k\u0131\u015f zamanlar\u0131n\u0131n tespiti i\u00e7in bu cihaz\u0131 kullanabilir.<\/p>\n<p>Okumalar bir ofiste izlenebilir ve kay\u0131t alt\u0131na al\u0131nabilir.<\/p>\n<p>&nbsp;<\/p>\n<\/div>\n<\/div>\n<\/div>\n<\/div>\n<\/div>\n<\/div>\n<\/div>\n","protected":false},"excerpt":{"rendered":"<ul>\n<li class=\"column\">Y\u00fcz tan\u0131ma \u00f6zelli\u011fi ile, sistemde kay\u0131tl\u0131 olan ki\u015fileri %99,9 do\u011fruluk ve 0,2 saniye alt\u0131nda bir s\u00fcrede alg\u0131lar.<\/li>\n<li>V\u00fccut s\u0131cakl\u0131\u011f\u0131n\u0131 temass\u0131z olarak, 0,1 saniye alt\u0131nda bir s\u00fcreyle \u00f6l\u00e7er. Uygun olmayan s\u0131cakl\u0131k de\u011feri i\u00e7in uyar\u0131 verir.<\/li>\n<li>Maske takmayan ki\u015fileri tespit eder, uyar\u0131 verir.<\/li>\n<li>Zaman g\u00f6sterge \u00f6zelli\u011fi sayesinde personel giri\u015f-\u00e7\u0131k\u0131\u015f saatlerini kay\u0131t alt\u0131na alabilirsiniz.<\/li>\n<li><a href=\"https:\/\/denizmtl.com\/wp-content\/uploads\/2022\/01\/Insize-Termal-Kamerali-Yuz-Tanima-ve-Temassiz-Ates-Olcer-ATF-1612.pdf\">PDF i\u00e7in t\u0131klay\u0131n\u0131z<\/a><\/li>\n<li><a href=\"https:\/\/youtu.be\/nXmOgd2vrQ8\">\u00dcr\u00fcn tan\u0131t\u0131m videosu i\u00e7in t\u0131klay\u0131n\u0131z<\/a><\/li>\n<\/ul>\n<p>&nbsp;<br \/>\n<a class=\"wp-iletim-button\" href=\"https:\/\/wa.me\/905422584189?text=Merhaba%2C%20https%3A%2F%2Fdenizmtl.com%2Fmobilapp%2Fwp-json%2Fwp%2Fv2%2Fproduct%2F26590%20sayfas%C4%B1ndaki%20%C3%BCr%C3%BCnle%20ilgili%20fiyat%20ve%20demo%20talep%20etmek%20istiyorum.\" target=\"_blank\" rel=\"noopener\" style=\"display:inline-block;padding:10px 16px;border-radius:6px;color:#fff;text-decoration:none;font-weight:600;background:#334862;\">F\u0130YAT VE DEMO TALEP ET<\/a>\n","protected":false},"author":1,"featured_media":26617,"comment_status":"open","ping_status":"closed","template":"","meta":[],"product_brand":[],"product_cat":[18,123,100],"product_tag":[131,126,129,125,130,127,132,124,128],"class_list":{"0":"post-26590","1":"product","2":"type-product","3":"status-publish","4":"has-post-thumbnail","6":"product_cat-insize","7":"product_cat-termal-kamerali-yuz-tanima-ve-vucut-isi-olcer","8":"product_cat-test-cihazlari","9":"product_tag-ates-olcer","10":"product_tag-giris-cikis-saat","11":"product_tag-isi-olcer","12":"product_tag-personel-takip","13":"product_tag-sicaklik-olcer","14":"product_tag-temassiz","15":"product_tag-temassiz-ates-olcum","16":"product_tag-termal-kamera","17":"product_tag-yuz-tanima","19":"first","20":"instock","21":"shipping-taxable","22":"product-type-simple"},"_links":{"self":[{"href":"https:\/\/denizmtl.com\/mobilapp\/wp-json\/wp\/v2\/product\/26590","targetHints":{"allow":["GET"]}}],"collection":[{"href":"https:\/\/denizmtl.com\/mobilapp\/wp-json\/wp\/v2\/product"}],"about":[{"href":"https:\/\/denizmtl.com\/mobilapp\/wp-json\/wp\/v2\/types\/product"}],"author":[{"embeddable":true,"href":"https:\/\/denizmtl.com\/mobilapp\/wp-json\/wp\/v2\/users\/1"}],"replies":[{"embeddable":true,"href":"https:\/\/denizmtl.com\/mobilapp\/wp-json\/wp\/v2\/comments?post=26590"}],"wp:featuredmedia":[{"embeddable":true,"href":"https:\/\/denizmtl.com\/mobilapp\/wp-json\/wp\/v2\/media\/26617"}],"wp:attachment":[{"href":"https:\/\/denizmtl.com\/mobilapp\/wp-json\/wp\/v2\/media?parent=26590"}],"wp:term":[{"taxonomy":"product_brand","embeddable":true,"href":"https:\/\/denizmtl.com\/mobilapp\/wp-json\/wp\/v2\/product_brand?post=26590"},{"taxonomy":"product_cat","embeddable":true,"href":"https:\/\/denizmtl.com\/mobilapp\/wp-json\/wp\/v2\/product_cat?post=26590"},{"taxonomy":"product_tag","embeddable":true,"href":"https:\/\/denizmtl.com\/mobilapp\/wp-json\/wp\/v2\/product_tag?post=26590"}],"curies":[{"name":"wp","href":"https:\/\/api.w.org\/{rel}","templated":true}]}}