{"id":26564,"date":"2025-08-14T11:20:12","date_gmt":"2025-08-14T08:20:12","guid":{"rendered":"https:\/\/denizmtl.com\/mobilapp\/?post_type=product&#038;p=26564"},"modified":"2025-10-02T17:43:50","modified_gmt":"2025-10-02T14:43:50","slug":"insize-ist-dtt-dijital-tork-test-cihazi","status":"publish","type":"product","link":"https:\/\/denizmtl.com\/mobilapp\/urunler\/insize-ist-dtt-dijital-tork-test-cihazi\/","title":{"rendered":"Insize  IST-DTT Dijital Tork Test Cihaz\u0131"},"content":{"rendered":"<p><strong>Insize IST-DTT Dijital Tork Test Cihaz\u0131<\/strong><\/p>\n<p>Vida,somun vb. s\u0131kma ve a\u00e7ma i\u015flemlerinde uygulanan y\u00fck miktar\u0131n\u0131 kontrol eden test cihaz\u0131d\u0131r.<\/p>\n<p>Y\u00fcksek Kontrast LCD ekrana saniyede 2000 kez sinyal g\u00f6nderilir ve en do\u011fru y\u00fckte uyar\u0131 yap\u0131l\u0131r.<\/p>\n<p>Ekranda GRAF\u0130K modu ve BASAMAK modu bulunmaktad\u0131r.<\/p>\n<p>Dahili yaz\u0131l\u0131m ile PC ba\u011flanabilir sonu\u00e7lar rapor al\u0131nabilir.<\/p>\n<p>Opsiyonel yaz\u0131c\u0131 ile \u00f6l\u00e7\u011fmler anl\u0131k olarak raporlanabilir.<\/p>\n<p><iframe loading=\"lazy\" title=\"YouTube video player\" src=\"https:\/\/www.youtube.com\/embed\/xgtWS74H5o0\" width=\"560\" height=\"315\" frameborder=\"0\" allowfullscreen=\"allowfullscreen\"><\/iframe><\/p>\n","protected":false},"excerpt":{"rendered":"<ul>\n<li>Harici sens\u00f6r,<\/li>\n<li>Metal g\u00f6vde,dokunmatik tu\u015flar,<\/li>\n<li>Test modu: iz, pik, ilk tepe, \u00f6nceden ayarlanm\u0131\u015f tolerans<\/li>\n<li>Saat y\u00f6n\u00fcnde ve saat y\u00f6n\u00fcn\u00fcn tersine \u00e7al\u0131\u015fma,<\/li>\n<li>Arkadan ayd\u0131nlatmal\u0131 LCD ekran, otomatik olarak 180\u00b0 d\u00f6nebilir<\/li>\n<li>1000 adet de\u011feri haf\u0131zaya kay\u0131t<\/li>\n<li>\u00d6rnekleme frekans\u0131 : Saniyede 2000 kez<\/li>\n<li>Otomatik kapanma<\/li>\n<\/ul>\n<p>&nbsp;<br \/>\n<a class=\"wp-iletim-button\" href=\"https:\/\/wa.me\/905422584189?text=Merhaba%2C%20https%3A%2F%2Fdenizmtl.com%2Fmobilapp%2Fwp-json%2Fwp%2Fv2%2Fproduct%2F26564%20sayfas%C4%B1ndaki%20%C3%BCr%C3%BCnle%20ilgili%20fiyat%20ve%20demo%20talep%20etmek%20istiyorum.\" target=\"_blank\" rel=\"noopener\" style=\"display:inline-block;padding:10px 16px;border-radius:6px;color:#fff;text-decoration:none;font-weight:600;background:#334862;\">F\u0130YAT VE DEMO TALEP ET<\/a>\n<ul>\n<li><a href=\"https:\/\/denizmtl.com\/wp-content\/uploads\/2019\/08\/IST-DTT-DIJITAL-TORK-TEST-CIHAZI_cropped.pdf\"><strong>Pdf i\u00e7in t\u0131klay\u0131n\u0131z.<\/strong><\/a><\/li>\n<\/ul>\n<p>&nbsp;<br \/>\n<a class=\"wp-iletim-button\" href=\"https:\/\/wa.me\/905422584189?text=Merhaba%2C%20https%3A%2F%2Fdenizmtl.com%2Fmobilapp%2Fwp-json%2Fwp%2Fv2%2Fproduct%2F26564%20sayfas%C4%B1ndaki%20%C3%BCr%C3%BCnle%20ilgili%20fiyat%20ve%20demo%20talep%20etmek%20istiyorum.\" target=\"_blank\" rel=\"noopener\" style=\"display:inline-block;padding:10px 16px;border-radius:6px;color:#fff;text-decoration:none;font-weight:600;background:#334862;\">F\u0130YAT VE DEMO TALEP ET<\/a>\n","protected":false},"author":1,"featured_media":26583,"comment_status":"open","ping_status":"closed","template":"","meta":[],"product_brand":[],"product_cat":[18,100,108],"product_tag":[],"class_list":{"0":"post-26564","1":"product","2":"type-product","3":"status-publish","4":"has-post-thumbnail","6":"product_cat-insize","7":"product_cat-test-cihazlari","8":"product_cat-tork-test-cihazi-ve-tork-anahtari","10":"first","11":"instock","12":"shipping-taxable","13":"product-type-variable"},"_links":{"self":[{"href":"https:\/\/denizmtl.com\/mobilapp\/wp-json\/wp\/v2\/product\/26564","targetHints":{"allow":["GET"]}}],"collection":[{"href":"https:\/\/denizmtl.com\/mobilapp\/wp-json\/wp\/v2\/product"}],"about":[{"href":"https:\/\/denizmtl.com\/mobilapp\/wp-json\/wp\/v2\/types\/product"}],"author":[{"embeddable":true,"href":"https:\/\/denizmtl.com\/mobilapp\/wp-json\/wp\/v2\/users\/1"}],"replies":[{"embeddable":true,"href":"https:\/\/denizmtl.com\/mobilapp\/wp-json\/wp\/v2\/comments?post=26564"}],"wp:featuredmedia":[{"embeddable":true,"href":"https:\/\/denizmtl.com\/mobilapp\/wp-json\/wp\/v2\/media\/26583"}],"wp:attachment":[{"href":"https:\/\/denizmtl.com\/mobilapp\/wp-json\/wp\/v2\/media?parent=26564"}],"wp:term":[{"taxonomy":"product_brand","embeddable":true,"href":"https:\/\/denizmtl.com\/mobilapp\/wp-json\/wp\/v2\/product_brand?post=26564"},{"taxonomy":"product_cat","embeddable":true,"href":"https:\/\/denizmtl.com\/mobilapp\/wp-json\/wp\/v2\/product_cat?post=26564"},{"taxonomy":"product_tag","embeddable":true,"href":"https:\/\/denizmtl.com\/mobilapp\/wp-json\/wp\/v2\/product_tag?post=26564"}],"curies":[{"name":"wp","href":"https:\/\/api.w.org\/{rel}","templated":true}]}}