{"id":26494,"date":"2025-08-14T11:19:50","date_gmt":"2025-08-14T08:19:50","guid":{"rendered":"https:\/\/denizmtl.com\/mobilapp\/?post_type=product&#038;p=26494"},"modified":"2025-10-02T17:43:38","modified_gmt":"2025-10-02T14:43:38","slug":"insize-rct-350-dairesellik-ve-silindiriklik-test-cihazi","status":"publish","type":"product","link":"https:\/\/denizmtl.com\/mobilapp\/urunler\/insize-rct-350-dairesellik-ve-silindiriklik-test-cihazi\/","title":{"rendered":"Insize RCT-350 Dairesellik ve Silindiriklik Test Cihaz\u0131"},"content":{"rendered":"<p><strong>Insize RCT-350 Dairesellik ve Silindiriklik Test Cihaz\u0131<\/strong><\/p>\n<p><span lang=\"tr\">\u0130\u015f par\u00e7alar\u0131nda dairesellik, d\u00fczl\u00fck, koniklik ,konik \u015fekilleri ve e\u015f merkezlilik gibi \u00f6l\u00e7\u00fcmleri yap\u0131ld\u0131\u011f\u0131 test cihaz\u0131d\u0131r.<\/span><\/p>\n<p>Eksen hareketleri \u00a0motorize olarak yap\u0131lmaktad\u0131r.<\/p>\n<p>Ta\u015f\u0131nabilir masa \u00fcst\u00fc bir cihazd\u0131r ve kompakt yap\u0131ya sahiptir.<\/p>\n<p>\u00d6l\u00e7\u00fcm sonu\u00e7lar\u0131\u00a0 dahili yaz\u0131l\u0131m \u00fczerinden raporlanabilir.<\/p>\n<p>\u00d6l\u00e7\u00fcm sonu\u00e7lar\u0131 2\u00a0 ve 3 boyutlu olarak g\u00f6r\u00fcnt\u00fclenebilir.<\/p>\n<p>4\u00a0 farkl\u0131 Opsiyonel tutucu tabla se\u00e7ene\u011fi vard\u0131r.<\/p>\n","protected":false},"excerpt":{"rendered":"<ul>\n<li data-placeholder=\"\u00c7eviri\">Maksimum \u00f6l\u00e7\u00fcm \u00e7ap\u0131 260mm<\/li>\n<li data-placeholder=\"\u00c7eviri\">Maksimum \u00f6l\u00e7\u00fcm y\u00fcksekli\u011fi 400mm<\/li>\n<li class=\"tw-data-text tw-ta tw-text-small\" data-placeholder=\"\u00c7eviri\"><span lang=\"tr\">Z ekseni otomatik olarak a\u015fa\u011f\u0131 ve yukar\u0131 hareket edebilir.<\/span><\/li>\n<li data-placeholder=\"\u00c7eviri\">Bas\u0131n\u00e7l\u0131 hava ihtiyac\u0131 yoktur.<\/li>\n<li data-placeholder=\"\u00c7eviri\">Toplam a\u015f\u0131nma ve kal\u0131nl\u0131k de\u011fi\u015fimi<\/li>\n<li data-placeholder=\"\u00c7eviri\">Son merkez ayar\u0131<\/li>\n<li data-placeholder=\"\u00c7eviri\">Y\u00fcksek \u00f6l\u00e7\u00fcm h\u0131z\u0131<\/li>\n<li data-placeholder=\"\u00c7eviri\">Otomatik\u00a0 \u00f6l\u00e7\u00fcm i\u00e7in programlanabilir.<\/li>\n<li data-placeholder=\"\u00c7eviri\">Uzun s\u00fcreli ve s\u00fcrekli \u00f6l\u00e7\u00fcm i\u00e7in uygun.<\/li>\n<li data-placeholder=\"\u00c7eviri\">Y\u00fcksek hassasiyetli, y\u00fcksek \u00e7\u00f6z\u00fcn\u00fcrl\u00fckl\u00fc ,sa\u011flam ve dayan\u0131kl\u0131,<\/li>\n<li data-placeholder=\"\u00c7eviri\">Bilgisayar ve program dahil<\/li>\n<li data-placeholder=\"\u00c7eviri\"><span style=\"font-size: 105%; color: #000000;\"><b>Fiyat ve detaylar i\u00e7in ileti\u015fime ge\u00e7iniz.<\/b><\/span><\/li>\n<li data-placeholder=\"\u00c7eviri\"><a href=\"https:\/\/denizmtl.com\/wp-content\/uploads\/2019\/04\/YUVARLAKLIK-VE-SILINDIRIKLIK-TEST-CIHAZI-RCT-350.2-768x615-1.png\"><strong>Pdf i\u00e7in t\u0131klay\u0131n\u0131z.<\/strong><\/a><\/li>\n<\/ul>\n<p>&nbsp;<br \/>\n<a class=\"wp-iletim-button\" href=\"https:\/\/wa.me\/905422584189?text=Merhaba%2C%20https%3A%2F%2Fdenizmtl.com%2Fmobilapp%2Fwp-json%2Fwp%2Fv2%2Fproduct%2F26494%20sayfas%C4%B1ndaki%20%C3%BCr%C3%BCnle%20ilgili%20fiyat%20ve%20demo%20talep%20etmek%20istiyorum.\" target=\"_blank\" rel=\"noopener\" style=\"display:inline-block;padding:10px 16px;border-radius:6px;color:#fff;text-decoration:none;font-weight:600;background:#334862;\">F\u0130YAT VE DEMO TALEP ET<\/a>\n","protected":false},"author":1,"featured_media":26507,"comment_status":"open","ping_status":"closed","template":"","meta":[],"product_brand":[],"product_cat":[110,18,100,63],"product_tag":[],"class_list":{"0":"post-26494","1":"product","2":"type-product","3":"status-publish","4":"has-post-thumbnail","6":"product_cat-diger-olcum-cihazlari","7":"product_cat-insize","8":"product_cat-test-cihazlari","9":"product_cat-yeni-urunler","11":"first","12":"instock","13":"shipping-taxable","14":"product-type-simple"},"_links":{"self":[{"href":"https:\/\/denizmtl.com\/mobilapp\/wp-json\/wp\/v2\/product\/26494","targetHints":{"allow":["GET"]}}],"collection":[{"href":"https:\/\/denizmtl.com\/mobilapp\/wp-json\/wp\/v2\/product"}],"about":[{"href":"https:\/\/denizmtl.com\/mobilapp\/wp-json\/wp\/v2\/types\/product"}],"author":[{"embeddable":true,"href":"https:\/\/denizmtl.com\/mobilapp\/wp-json\/wp\/v2\/users\/1"}],"replies":[{"embeddable":true,"href":"https:\/\/denizmtl.com\/mobilapp\/wp-json\/wp\/v2\/comments?post=26494"}],"wp:featuredmedia":[{"embeddable":true,"href":"https:\/\/denizmtl.com\/mobilapp\/wp-json\/wp\/v2\/media\/26507"}],"wp:attachment":[{"href":"https:\/\/denizmtl.com\/mobilapp\/wp-json\/wp\/v2\/media?parent=26494"}],"wp:term":[{"taxonomy":"product_brand","embeddable":true,"href":"https:\/\/denizmtl.com\/mobilapp\/wp-json\/wp\/v2\/product_brand?post=26494"},{"taxonomy":"product_cat","embeddable":true,"href":"https:\/\/denizmtl.com\/mobilapp\/wp-json\/wp\/v2\/product_cat?post=26494"},{"taxonomy":"product_tag","embeddable":true,"href":"https:\/\/denizmtl.com\/mobilapp\/wp-json\/wp\/v2\/product_tag?post=26494"}],"curies":[{"name":"wp","href":"https:\/\/api.w.org\/{rel}","templated":true}]}}