{"id":26491,"date":"2025-08-14T11:19:49","date_gmt":"2025-08-14T08:19:49","guid":{"rendered":"https:\/\/denizmtl.com\/mobilapp\/?post_type=product&#038;p=26491"},"modified":"2025-10-02T17:43:47","modified_gmt":"2025-10-02T14:43:47","slug":"insize-isl-dr2-isl-dr3-linear-skala-icin-ekran","status":"publish","type":"product","link":"https:\/\/denizmtl.com\/mobilapp\/urunler\/insize-isl-dr2-isl-dr3-linear-skala-icin-ekran\/","title":{"rendered":"Insize ISL-DR2 \/ ISL-DR3 Linear Skala \u0130\u00e7in Ekran"},"content":{"rendered":"<p><strong>Insize Linear Skala \u0130\u00e7in Ekran<\/strong><\/p>\n<p>D\u00fczlemsellik hata kontrol\u00fc.<\/p>\n<p>ABS\/INC \u00e7evirme.<\/p>\n<p>LCD ekran ve membran tu\u015f tak\u0131m\u0131.<\/p>\n","protected":false},"excerpt":{"rendered":"<ul>\n<li>X \/ Y eksen ekran\u0131<\/li>\n<li>S\u0131f\u0131rlama,yay i\u015fleme modu,hesaplay\u0131c\u0131<\/li>\n<li>ABS\/INC,SDM Koordinat<\/li>\n<li><a href=\"https:\/\/denizmtl.com\/wp-content\/uploads\/2019\/03\/ISL-DR-EKRAN.pdf\"><strong>Pdf i\u00e7in t\u0131klay\u0131n\u0131z.<\/strong><\/a><\/li>\n<\/ul>\n<p>&nbsp;<br \/>\n<a class=\"wp-iletim-button\" href=\"https:\/\/wa.me\/905422584189?text=Merhaba%2C%20https%3A%2F%2Fdenizmtl.com%2Fmobilapp%2Fwp-json%2Fwp%2Fv2%2Fproduct%2F26491%20sayfas%C4%B1ndaki%20%C3%BCr%C3%BCnle%20ilgili%20fiyat%20ve%20demo%20talep%20etmek%20istiyorum.\" target=\"_blank\" rel=\"noopener\" style=\"display:inline-block;padding:10px 16px;border-radius:6px;color:#fff;text-decoration:none;font-weight:600;background:#334862;\">F\u0130YAT VE DEMO TALEP ET<\/a>\n","protected":false},"author":1,"featured_media":26506,"comment_status":"open","ping_status":"closed","template":"","meta":[],"product_brand":[],"product_cat":[102,18,100],"product_tag":[],"class_list":{"0":"post-26491","1":"product","2":"type-product","3":"status-publish","4":"has-post-thumbnail","6":"product_cat-skala","7":"product_cat-insize","8":"product_cat-test-cihazlari","10":"first","11":"instock","12":"shipping-taxable","13":"product-type-variable"},"_links":{"self":[{"href":"https:\/\/denizmtl.com\/mobilapp\/wp-json\/wp\/v2\/product\/26491","targetHints":{"allow":["GET"]}}],"collection":[{"href":"https:\/\/denizmtl.com\/mobilapp\/wp-json\/wp\/v2\/product"}],"about":[{"href":"https:\/\/denizmtl.com\/mobilapp\/wp-json\/wp\/v2\/types\/product"}],"author":[{"embeddable":true,"href":"https:\/\/denizmtl.com\/mobilapp\/wp-json\/wp\/v2\/users\/1"}],"replies":[{"embeddable":true,"href":"https:\/\/denizmtl.com\/mobilapp\/wp-json\/wp\/v2\/comments?post=26491"}],"wp:featuredmedia":[{"embeddable":true,"href":"https:\/\/denizmtl.com\/mobilapp\/wp-json\/wp\/v2\/media\/26506"}],"wp:attachment":[{"href":"https:\/\/denizmtl.com\/mobilapp\/wp-json\/wp\/v2\/media?parent=26491"}],"wp:term":[{"taxonomy":"product_brand","embeddable":true,"href":"https:\/\/denizmtl.com\/mobilapp\/wp-json\/wp\/v2\/product_brand?post=26491"},{"taxonomy":"product_cat","embeddable":true,"href":"https:\/\/denizmtl.com\/mobilapp\/wp-json\/wp\/v2\/product_cat?post=26491"},{"taxonomy":"product_tag","embeddable":true,"href":"https:\/\/denizmtl.com\/mobilapp\/wp-json\/wp\/v2\/product_tag?post=26491"}],"curies":[{"name":"wp","href":"https:\/\/api.w.org\/{rel}","templated":true}]}}