{"id":26159,"date":"2025-08-14T11:18:19","date_gmt":"2025-08-14T08:18:19","guid":{"rendered":"https:\/\/denizmtl.com\/mobilapp\/?post_type=product&#038;p=26159"},"modified":"2025-10-02T17:43:23","modified_gmt":"2025-10-02T14:43:23","slug":"insize-isp-w4025-yatay-profil-projektor","status":"publish","type":"product","link":"https:\/\/denizmtl.com\/mobilapp\/urunler\/insize-isp-w4025-yatay-profil-projektor\/","title":{"rendered":"Insize ISP-W4025 Yatay Profil Projekt\u00f6r"},"content":{"rendered":"<p style=\"text-align: left;\"><strong>ISP-W4025 YATAY PROF\u0130L PROJEKT\u00d6R GEN\u0130\u015e HAREKET MESAFES\u0130<\/strong><\/p>\n<ul>\n<li>K\u00fc\u00e7\u00fck ve orta boy i\u015f par\u00e7alar\u0131n\u0131n X ve Y eksenlerinde \u00f6l\u00e7\u00fcm\u00fcne uygundur.<\/li>\n<li>\u00c7ap, a\u00e7\u0131,mesafe \u00f6l\u00e7\u00fcmlerini net bir \u015fekilde g\u00f6rme imkan\u0131 sa\u011flar.<\/li>\n<li>Farkl\u0131 lens se\u00e7enekleri ile \u00e7ok k\u00fc\u00e7\u00fck i\u015f par\u00e7alar\u0131n\u0131n \u00f6l\u00e7\u00fcm\u00fcn\u00fc sa\u011fl\u0131kl\u0131 bir \u015fekilde yap\u0131lmas\u0131na olanak sa\u011flar.<\/li>\n<li>Kal\u0131p,makine,\u00fcretim,otomotiv,elektrik,elektronik,savunma sanayi,havac\u0131l\u0131k,kalite kontrol, vb. bir\u00e7ok alanda boyutsal \u00f6l\u00e7\u00fcm i\u015flemlerinde kullan\u0131labilir.<\/li>\n<li>X ve Y eksenlerinde s\u0131f\u0131rlanarak h\u0131zl\u0131 \u00f6l\u00e7\u00fcm yap\u0131labilir.<\/li>\n<li>Y\u00fczey\u00a0 ayd\u0131nlatmas\u0131 ile i\u015f par\u00e7as\u0131n\u0131n y\u00fczeyinde bulunan k\u00f6r deliklerde \u00f6l\u00e7\u00fcm yap\u0131labilir.<\/li>\n<li>Altan ayd\u0131nlatma ile par\u00e7an\u0131n kontur\u00fc optik lens oran\u0131nda ekrana aktar\u0131l\u0131r.<\/li>\n<li>\u0130\u015f par\u00e7as\u0131nda birden \u00e7ok \u00f6l\u00e7\u00fcm yap\u0131labilir ve yap\u0131lan \u00f6l\u00e7\u00fcmler programlanabilir.<\/li>\n<\/ul>\n<p style=\"text-align: left;\">\n<p>&nbsp;<\/p>\n<p>&nbsp;<\/p>\n<p>&nbsp;<\/p>\n","protected":false},"excerpt":{"rendered":"<ul>\n<li>Dokunmatik tu\u015flar<\/li>\n<li>Bilgi \u00e7\u0131k\u0131\u015f\u0131 excel ve cad ile,<\/li>\n<li>Do\u011frudan \u015fema g\u00f6r\u00fcnt\u00fclenir.<\/li>\n<li>Opsiyonel olarak kenar yakalama sens\u00f6r\u00fc bulunur.5X 20X 50X 100X lenslerde opsiyoneldir.<\/li>\n<li><a href=\"https:\/\/denizmtl.com\/wp-content\/uploads\/2022\/01\/ISP-W4025-YATAY-PROFIL-PROJEKTOR.pdf\"><strong>Pdf i\u00e7in t\u0131klay\u0131n\u0131z.<\/strong><\/a><\/li>\n<li><a href=\"https:\/\/denizmtl.com\/wp-content\/uploads\/2022\/01\/ISP-W4025-YATAY-PROFIL-PROJEKTOR2.pdf\"><strong>Pdf devam\u0131 i\u00e7in t\u0131klay\u0131n\u0131z.<\/strong><\/a><\/li>\n<\/ul>\n<p>&nbsp;<br \/>\n<a class=\"wp-iletim-button\" href=\"https:\/\/wa.me\/905422584189?text=Merhaba%2C%20https%3A%2F%2Fdenizmtl.com%2Fmobilapp%2Fwp-json%2Fwp%2Fv2%2Fproduct%2F26159%20sayfas%C4%B1ndaki%20%C3%BCr%C3%BCnle%20ilgili%20fiyat%20ve%20demo%20talep%20etmek%20istiyorum.\" target=\"_blank\" rel=\"noopener\" style=\"display:inline-block;padding:10px 16px;border-radius:6px;color:#fff;text-decoration:none;font-weight:600;background:#334862;\">F\u0130YAT VE DEMO TALEP ET<\/a>\n","protected":false},"author":1,"featured_media":26185,"comment_status":"open","ping_status":"closed","template":"","meta":[],"product_brand":[],"product_cat":[18,112,100],"product_tag":[],"class_list":{"0":"post-26159","1":"product","2":"type-product","3":"status-publish","4":"has-post-thumbnail","6":"product_cat-insize","7":"product_cat-profil-projektor","8":"product_cat-test-cihazlari","10":"first","11":"instock","12":"shipping-taxable","13":"product-type-simple"},"_links":{"self":[{"href":"https:\/\/denizmtl.com\/mobilapp\/wp-json\/wp\/v2\/product\/26159","targetHints":{"allow":["GET"]}}],"collection":[{"href":"https:\/\/denizmtl.com\/mobilapp\/wp-json\/wp\/v2\/product"}],"about":[{"href":"https:\/\/denizmtl.com\/mobilapp\/wp-json\/wp\/v2\/types\/product"}],"author":[{"embeddable":true,"href":"https:\/\/denizmtl.com\/mobilapp\/wp-json\/wp\/v2\/users\/1"}],"replies":[{"embeddable":true,"href":"https:\/\/denizmtl.com\/mobilapp\/wp-json\/wp\/v2\/comments?post=26159"}],"wp:featuredmedia":[{"embeddable":true,"href":"https:\/\/denizmtl.com\/mobilapp\/wp-json\/wp\/v2\/media\/26185"}],"wp:attachment":[{"href":"https:\/\/denizmtl.com\/mobilapp\/wp-json\/wp\/v2\/media?parent=26159"}],"wp:term":[{"taxonomy":"product_brand","embeddable":true,"href":"https:\/\/denizmtl.com\/mobilapp\/wp-json\/wp\/v2\/product_brand?post=26159"},{"taxonomy":"product_cat","embeddable":true,"href":"https:\/\/denizmtl.com\/mobilapp\/wp-json\/wp\/v2\/product_cat?post=26159"},{"taxonomy":"product_tag","embeddable":true,"href":"https:\/\/denizmtl.com\/mobilapp\/wp-json\/wp\/v2\/product_tag?post=26159"}],"curies":[{"name":"wp","href":"https:\/\/api.w.org\/{rel}","templated":true}]}}