{"id":26157,"date":"2025-08-14T11:18:19","date_gmt":"2025-08-14T08:18:19","guid":{"rendered":"https:\/\/denizmtl.com\/mobilapp\/?post_type=product&#038;p=26157"},"modified":"2025-10-02T17:43:23","modified_gmt":"2025-10-02T14:43:23","slug":"insize-isp-az3020-profil-projektor","status":"publish","type":"product","link":"https:\/\/denizmtl.com\/mobilapp\/urunler\/insize-isp-az3020-profil-projektor\/","title":{"rendered":"Insize ISP-AZ3020 Profil Projekt\u00f6r"},"content":{"rendered":"<p style=\"text-align: left;\"><strong>ISP-AZ3020 D\u0130KEY PROF\u0130L PROJEKT\u00d6R GEN\u0130\u015e HAREKET MESAFES\u0130<\/strong><\/p>\n<p>Otomotiv, Kal\u0131p \u0130malat\u0131, Elektrik ve Elektronik, Savunma Sanayi, Kesici Tak\u0131m \u0130malat\u0131, Somun ve C\u0131vata \u0130malat\u0131, Medikal Dental \u0130malat\u0131 gibi sekt\u00f6rlerde kalite kontrol birimlerinde 2 boyutlu geometrik \u00f6l\u00e7\u00fcmlerde kullan\u0131l\u0131r. Profil Projekt\u00f6r ile\u00a0 \u0130\u015f par\u00e7alar\u0131n da\u00a0 bulunan\u00a0 \u00c7ap, Radius, Nokta, A\u00e7\u0131, Mesafe, Kordinat gibi geometriler\u00a0 X ve Y eksenlerinde s\u0131f\u0131rlanarak h\u0131zl\u0131 \u00f6l\u00e7\u00fcm yap\u0131labilir. Y\u00fczey\u00a0 ayd\u0131nlatmas\u0131 ile i\u015f par\u00e7as\u0131n\u0131n y\u00fczeyinde bulunan k\u00f6r deliklerde \u00f6l\u00e7\u00fcm yap\u0131labilir. Altan ayd\u0131nlatma ile par\u00e7an\u0131n kontur\u00fc optik lens oran\u0131nda ekrana aktar\u0131l\u0131r. Profil Projekt\u00f6r ile\u00a0 Eksen ve Orijin tan\u0131mlayarak i\u015f par\u00e7alar\u0131n\u0131n tablaya belirli bir a\u00e7\u0131 ve y\u00f6nde konulmas\u0131na gerek kalmadan hatalar ortadan kald\u0131r\u0131l\u0131r. \u0130\u015f par\u00e7as\u0131nda birden \u00e7ok \u00f6l\u00e7\u00fcm yap\u0131labilir ve yap\u0131lan \u00f6l\u00e7\u00fcmler programlanabilir.<\/p>\n<p>&nbsp;<\/p>\n<p>&nbsp;<\/p>\n<p>&nbsp;<\/p>\n","protected":false},"excerpt":{"rendered":"<ul>\n<li>X ve Y eksen s\u0131f\u0131rlanarak h\u0131zl\u0131 \u00f6l\u00e7\u00fcm<\/li>\n<li>\u00c7ap,Radius,Nokta,A\u00e7\u0131,Mesafe,Kordinat gibi Geometrilerin \u00f6l\u00e7\u00fcm\u00fc<\/li>\n<li>360\u00b0 d\u00f6ner ekran ile h\u0131zl\u0131 A\u00e7\u0131 \u00f6l\u00e7\u00fcm\u00fc<\/li>\n<li>Kontur ve Y\u00fczey \u0131\u015f\u0131k kaynaklar\u0131 ile i\u015f par\u00e7alar\u0131n\u0131 Y\u00fczeyden ve Konturdan g\u00f6r\u00fcnt\u00fcleme<\/li>\n<li>Eksen do\u011frultma ve Orijin tan\u0131mlama<\/li>\n<li>Ayn\u0131 i\u015f par\u00e7as\u0131 \u00fczerinde birden \u00e7ok \u00f6l\u00e7\u00fcm yapma ve Program yazma<\/li>\n<li><a href=\"https:\/\/denizmtl.com\/wp-content\/uploads\/2022\/01\/ISP-AZ3020-PROFIL-PROJEKTOR.pdf\"><strong>Pdf i\u00e7in t\u0131klay\u0131n\u0131z.<\/strong><\/a><\/li>\n<li><a href=\"https:\/\/denizmtl.com\/wp-content\/uploads\/2022\/01\/ISP-AZ3020-PROFIL-PROJEKTOR2.pdf\"><strong>Pdf devam\u0131 i\u00e7in t\u0131klay\u0131n\u0131z.<\/strong><\/a><\/li>\n<\/ul>\n<p>&nbsp;<br \/>\n<a class=\"wp-iletim-button\" href=\"https:\/\/wa.me\/905422584189?text=Merhaba%2C%20https%3A%2F%2Fdenizmtl.com%2Fmobilapp%2Fwp-json%2Fwp%2Fv2%2Fproduct%2F26157%20sayfas%C4%B1ndaki%20%C3%BCr%C3%BCnle%20ilgili%20fiyat%20ve%20demo%20talep%20etmek%20istiyorum.\" target=\"_blank\" rel=\"noopener\" style=\"display:inline-block;padding:10px 16px;border-radius:6px;color:#fff;text-decoration:none;font-weight:600;background:#334862;\">F\u0130YAT VE DEMO TALEP ET<\/a>\n","protected":false},"author":1,"featured_media":26183,"comment_status":"open","ping_status":"closed","template":"","meta":[],"product_brand":[],"product_cat":[18,112,100],"product_tag":[],"class_list":{"0":"post-26157","1":"product","2":"type-product","3":"status-publish","4":"has-post-thumbnail","6":"product_cat-insize","7":"product_cat-profil-projektor","8":"product_cat-test-cihazlari","10":"first","11":"instock","12":"shipping-taxable","13":"product-type-simple"},"_links":{"self":[{"href":"https:\/\/denizmtl.com\/mobilapp\/wp-json\/wp\/v2\/product\/26157","targetHints":{"allow":["GET"]}}],"collection":[{"href":"https:\/\/denizmtl.com\/mobilapp\/wp-json\/wp\/v2\/product"}],"about":[{"href":"https:\/\/denizmtl.com\/mobilapp\/wp-json\/wp\/v2\/types\/product"}],"author":[{"embeddable":true,"href":"https:\/\/denizmtl.com\/mobilapp\/wp-json\/wp\/v2\/users\/1"}],"replies":[{"embeddable":true,"href":"https:\/\/denizmtl.com\/mobilapp\/wp-json\/wp\/v2\/comments?post=26157"}],"wp:featuredmedia":[{"embeddable":true,"href":"https:\/\/denizmtl.com\/mobilapp\/wp-json\/wp\/v2\/media\/26183"}],"wp:attachment":[{"href":"https:\/\/denizmtl.com\/mobilapp\/wp-json\/wp\/v2\/media?parent=26157"}],"wp:term":[{"taxonomy":"product_brand","embeddable":true,"href":"https:\/\/denizmtl.com\/mobilapp\/wp-json\/wp\/v2\/product_brand?post=26157"},{"taxonomy":"product_cat","embeddable":true,"href":"https:\/\/denizmtl.com\/mobilapp\/wp-json\/wp\/v2\/product_cat?post=26157"},{"taxonomy":"product_tag","embeddable":true,"href":"https:\/\/denizmtl.com\/mobilapp\/wp-json\/wp\/v2\/product_tag?post=26157"}],"curies":[{"name":"wp","href":"https:\/\/api.w.org\/{rel}","templated":true}]}}