{"id":26140,"date":"2025-08-14T11:18:13","date_gmt":"2025-08-14T08:18:13","guid":{"rendered":"https:\/\/denizmtl.com\/mobilapp\/?post_type=product&#038;p=26140"},"modified":"2025-10-02T17:43:30","modified_gmt":"2025-10-02T14:43:30","slug":"insize-ism-pm-portatif-olcum-mikroskobu","status":"publish","type":"product","link":"https:\/\/denizmtl.com\/mobilapp\/urunler\/insize-ism-pm-portatif-olcum-mikroskobu\/","title":{"rendered":"Insize ISM-PM Portatif \u00d6l\u00e7\u00fcm Mikroskobu"},"content":{"rendered":"<p><strong>Insize ISM-PM Portatif \u00d6l\u00e7\u00fcm Mikroskobu<\/strong><br \/>\nK\u00fc\u00e7\u00fck cisimlerin birka\u00e7 \u00e7e\u015fit mercek yard\u0131m\u0131yla b\u00fcy\u00fct\u00fclerek g\u00f6r\u00fcnt\u00fcs\u00fcn\u00fcn incelenmesini sa\u011flayan bir makinedir.<\/p>\n<p>20 &#8211; 40 &#8211; 50 &#8211; 100 kat b\u00fcy\u00fctme \u00f6zelli\u011fine sahip modeller vard\u0131r.<\/p>\n<p>Kalem tip led \u0131\u015f\u0131\u011f\u0131 sayesinde ayd\u0131nlatma i\u015flemi yapar.<\/p>\n<p>\u0130stenilen katta b\u00fcy\u00fctme aral\u0131\u011f\u0131n\u0131 sa\u011flan\u0131ld\u0131\u011f\u0131nda g\u00f6r\u00fcnt\u00fcleme gereken t\u00fcm alanlarda kulan\u0131labilir.<\/p>\n<p>&nbsp;<\/p>\n<p>&nbsp;<\/p>\n","protected":false},"excerpt":{"rendered":"<ul>\n<li>Kalem \u0131\u015f\u0131k<\/li>\n<li>10X Hassas mercek<\/li>\n<li>Odaklama ayar\u0131<\/li>\n<li>Modellere g\u00f6re 20X-40X-50X-100X b\u00fcy\u00fctme<\/li>\n<li>30 mm odak mesafesi<\/li>\n<li><a href=\"https:\/\/denizmtl.com\/wp-content\/uploads\/2021\/12\/ISM-PM20-PORTATIF-OLCUM-MIKROSKOBU.pdf\"><strong>Pdf i\u00e7in t\u0131klay\u0131n\u0131z.<\/strong><\/a><\/li>\n<\/ul>\n<p>&nbsp;<br \/>\n<a class=\"wp-iletim-button\" href=\"https:\/\/wa.me\/905422584189?text=Merhaba%2C%20https%3A%2F%2Fdenizmtl.com%2Fmobilapp%2Fwp-json%2Fwp%2Fv2%2Fproduct%2F26140%20sayfas%C4%B1ndaki%20%C3%BCr%C3%BCnle%20ilgili%20fiyat%20ve%20demo%20talep%20etmek%20istiyorum.\" target=\"_blank\" rel=\"noopener\" style=\"display:inline-block;padding:10px 16px;border-radius:6px;color:#fff;text-decoration:none;font-weight:600;background:#334862;\">F\u0130YAT VE DEMO TALEP ET<\/a>\n","protected":false},"author":1,"featured_media":26147,"comment_status":"open","ping_status":"closed","template":"","meta":[],"product_brand":[],"product_cat":[18,103,100],"product_tag":[],"class_list":{"0":"post-26140","1":"product","2":"type-product","3":"status-publish","4":"has-post-thumbnail","6":"product_cat-insize","7":"product_cat-mikroskop-ve-buyutec","8":"product_cat-test-cihazlari","10":"first","11":"instock","12":"shipping-taxable","13":"product-type-variable"},"_links":{"self":[{"href":"https:\/\/denizmtl.com\/mobilapp\/wp-json\/wp\/v2\/product\/26140","targetHints":{"allow":["GET"]}}],"collection":[{"href":"https:\/\/denizmtl.com\/mobilapp\/wp-json\/wp\/v2\/product"}],"about":[{"href":"https:\/\/denizmtl.com\/mobilapp\/wp-json\/wp\/v2\/types\/product"}],"author":[{"embeddable":true,"href":"https:\/\/denizmtl.com\/mobilapp\/wp-json\/wp\/v2\/users\/1"}],"replies":[{"embeddable":true,"href":"https:\/\/denizmtl.com\/mobilapp\/wp-json\/wp\/v2\/comments?post=26140"}],"wp:featuredmedia":[{"embeddable":true,"href":"https:\/\/denizmtl.com\/mobilapp\/wp-json\/wp\/v2\/media\/26147"}],"wp:attachment":[{"href":"https:\/\/denizmtl.com\/mobilapp\/wp-json\/wp\/v2\/media?parent=26140"}],"wp:term":[{"taxonomy":"product_brand","embeddable":true,"href":"https:\/\/denizmtl.com\/mobilapp\/wp-json\/wp\/v2\/product_brand?post=26140"},{"taxonomy":"product_cat","embeddable":true,"href":"https:\/\/denizmtl.com\/mobilapp\/wp-json\/wp\/v2\/product_cat?post=26140"},{"taxonomy":"product_tag","embeddable":true,"href":"https:\/\/denizmtl.com\/mobilapp\/wp-json\/wp\/v2\/product_tag?post=26140"}],"curies":[{"name":"wp","href":"https:\/\/api.w.org\/{rel}","templated":true}]}}