{"id":26092,"date":"2025-08-14T11:18:00","date_gmt":"2025-08-14T08:18:00","guid":{"rendered":"https:\/\/denizmtl.com\/mobilapp\/?post_type=product&#038;p=26092"},"modified":"2025-10-02T17:43:28","modified_gmt":"2025-10-02T14:43:28","slug":"insize-ishw-webster-sertlik-olcme-cihazi","status":"publish","type":"product","link":"https:\/\/denizmtl.com\/mobilapp\/urunler\/insize-ishw-webster-sertlik-olcme-cihazi\/","title":{"rendered":"Insize ISHW Webster Sertlik \u00d6l\u00e7me Cihaz\u0131"},"content":{"rendered":"<p><strong>Insize ISHW Webster Sertlik \u00d6l\u00e7me Cihaz\u0131<\/strong><\/p>\n<p>Yumu\u015fak ve ince malzemelerin webster sertlik parametresinde \u00f6l\u00e7mesine yarayan cihazd\u0131r.<\/p>\n<p>Analog okuma ekran\u0131na sahiptir.<\/p>\n<p>\u0130\u015f par\u00e7as\u0131na g\u00f6re u\u00e7 se\u00e7imi yap\u0131labilir.<\/p>\n<p>Kolay kullan\u0131m\u0131 ve portatif olmas\u0131ndan dolay\u0131 h\u0131zl\u0131 ve pratik \u00f6l\u00e7\u00fcmler sa\u011flar.<\/p>\n<p>Okunan de\u011fer \u00e7evrim tablosu yard\u0131m\u0131 ile farkl\u0131 parametrelere d\u00f6n\u00fc\u015ft\u00fcr\u00fclebilir.<\/p>\n<p>&nbsp;<\/p>\n<p>&nbsp;<\/p>\n","protected":false},"excerpt":{"rendered":"<ul>\n<li>Aluminyum,bak\u0131r,pirin\u00e7 gibi\u00a0 yumu\u015fak metallerin sertli\u011fi \u00f6l\u00e7\u00fcl\u00fcr.<\/li>\n<li>ASTM B647-84(2000) standart\u0131na uygundur.<\/li>\n<li>Metal g\u00f6vdeden olu\u015fmaktad\u0131r.<\/li>\n<li><a href=\"https:\/\/denizmtl.com\/wp-content\/uploads\/2021\/12\/ISHW-WEBSTER-SERTLIK-OLCME-CIHAZI.pdf\"><strong>Pdf i\u00e7in t\u0131klay\u0131n\u0131z.<\/strong><\/a><\/li>\n<\/ul>\n<p>&nbsp;<br \/>\n<a class=\"wp-iletim-button\" href=\"https:\/\/wa.me\/905422584189?text=Merhaba%2C%20https%3A%2F%2Fdenizmtl.com%2Fmobilapp%2Fwp-json%2Fwp%2Fv2%2Fproduct%2F26092%20sayfas%C4%B1ndaki%20%C3%BCr%C3%BCnle%20ilgili%20fiyat%20ve%20demo%20talep%20etmek%20istiyorum.\" target=\"_blank\" rel=\"noopener\" style=\"display:inline-block;padding:10px 16px;border-radius:6px;color:#fff;text-decoration:none;font-weight:600;background:#334862;\">F\u0130YAT VE DEMO TALEP ET<\/a>\n","protected":false},"author":1,"featured_media":26115,"comment_status":"open","ping_status":"closed","template":"","meta":[],"product_brand":[],"product_cat":[18,106,100],"product_tag":[],"class_list":{"0":"post-26092","1":"product","2":"type-product","3":"status-publish","4":"has-post-thumbnail","6":"product_cat-insize","7":"product_cat-sertlik-olcme","8":"product_cat-test-cihazlari","10":"first","11":"instock","12":"shipping-taxable","13":"product-type-variable"},"_links":{"self":[{"href":"https:\/\/denizmtl.com\/mobilapp\/wp-json\/wp\/v2\/product\/26092","targetHints":{"allow":["GET"]}}],"collection":[{"href":"https:\/\/denizmtl.com\/mobilapp\/wp-json\/wp\/v2\/product"}],"about":[{"href":"https:\/\/denizmtl.com\/mobilapp\/wp-json\/wp\/v2\/types\/product"}],"author":[{"embeddable":true,"href":"https:\/\/denizmtl.com\/mobilapp\/wp-json\/wp\/v2\/users\/1"}],"replies":[{"embeddable":true,"href":"https:\/\/denizmtl.com\/mobilapp\/wp-json\/wp\/v2\/comments?post=26092"}],"wp:featuredmedia":[{"embeddable":true,"href":"https:\/\/denizmtl.com\/mobilapp\/wp-json\/wp\/v2\/media\/26115"}],"wp:attachment":[{"href":"https:\/\/denizmtl.com\/mobilapp\/wp-json\/wp\/v2\/media?parent=26092"}],"wp:term":[{"taxonomy":"product_brand","embeddable":true,"href":"https:\/\/denizmtl.com\/mobilapp\/wp-json\/wp\/v2\/product_brand?post=26092"},{"taxonomy":"product_cat","embeddable":true,"href":"https:\/\/denizmtl.com\/mobilapp\/wp-json\/wp\/v2\/product_cat?post=26092"},{"taxonomy":"product_tag","embeddable":true,"href":"https:\/\/denizmtl.com\/mobilapp\/wp-json\/wp\/v2\/product_tag?post=26092"}],"curies":[{"name":"wp","href":"https:\/\/api.w.org\/{rel}","templated":true}]}}