{"id":26091,"date":"2025-08-14T11:18:00","date_gmt":"2025-08-14T08:18:00","guid":{"rendered":"https:\/\/denizmtl.com\/mobilapp\/?post_type=product&#038;p=26091"},"modified":"2025-10-02T17:43:20","modified_gmt":"2025-10-02T14:43:20","slug":"insize-ishu-330-ultrasonik-sertlik-olcme-cihazi","status":"publish","type":"product","link":"https:\/\/denizmtl.com\/mobilapp\/urunler\/insize-ishu-330-ultrasonik-sertlik-olcme-cihazi\/","title":{"rendered":"Insize ISHU-330 Ultrasonik Sertlik \u00d6l\u00e7me Cihaz\u0131"},"content":{"rendered":"<p>Insize ISHU-330 Ultrasonik Sertlik \u00d6l\u00e7me Cihaz\u0131<\/p>\n<ul>\n<li>Ultrasonik \u00f6l\u00e7\u00fcm y\u00f6ntemi kullan\u0131ld\u0131\u011f\u0131 i\u00e7in test izi \u00e7ok k\u00fc\u00e7\u00fck olu\u015fmakta ve i\u015f par\u00e7as\u0131na zarar vermemektedir<\/li>\n<li>Standart A tip prob ile gelen \u00e7ift y\u00f6nl\u00fc halka ile d\u00fcz ve silindir par\u00e7alarda \u00f6l\u00e7\u00fcm yap\u0131labilir<\/li>\n<li>Usb kablo ile bilgisayara ba\u011flant\u0131s\u0131 ve dahili yaz\u0131l\u0131m ile veri \u00e7\u0131k\u0131\u015f\u0131<\/li>\n<li>Suya ve toza kar\u015f\u0131 dayan\u0131kl\u0131 kasa yap\u0131s\u0131na ek olarak darbelere kar\u015f\u0131 koruma sa\u011flayan elastomer k\u0131l\u0131f<\/li>\n<li>1 mm kal\u0131nl\u0131\u011fa kadar direk \u00f6l\u00e7\u00fcm, 0,1 mm kal\u0131nl\u0131kta\u00a0 sertle\u015ftirilmi\u015f y\u00fczey\u00a0 \u00f6l\u00e7\u00fcm\u00fc<\/li>\n<li>P\u00fcr\u00fczl\u00fc y\u00fczeylerde \u00f6l\u00e7\u00fcm yapabilme maksimum\u00a0 Ra\u00a0 2,5 \u00b5m<\/li>\n<li>Ortalama, \u0130statistik, Sinyal, Normal ekran olarak 4 farkl\u0131 test ekran\u0131<\/li>\n<li>Test kuvveti ve test s\u00fcresi operat\u00f6rden etkilenmez, \u00f6l\u00e7\u00fcm s\u00fcresi 2 saniye<\/li>\n<li>Vikers (HV), Brinell (HB), Rocwell (HRC), Mpa gibi skalalarda \u00f6l\u00e7\u00fcm yap\u0131labilir.<\/li>\n<li>Prob yap\u0131s\u0131, materyali ve kullan\u0131m ergonomisi y\u00fcksek kalite olarak \u00fcretilmi\u015ftir<\/li>\n<li>Opsiyonel B prob ile daha k\u00fc\u00e7\u00fck kal\u0131nl\u0131klarda y\u00fczey sertli\u011fi \u00f6l\u00e7\u00fclebilir.<\/li>\n<\/ul>\n<div class=\"row row-small\"  id=\"row-875482822\">\n\n\n\t<div id=\"col-362647829\" class=\"col small-12 large-12\"  >\n\t\t\t\t<div class=\"col-inner\"  >\n\t\t\t\n\t\t\t\n\n\t<div id=\"text-1467076629\" class=\"text\">\n\t\t\n\n<p><span style=\"font-size:20px; font-weight:600;\">\u0130lgili \u00dcr\u00fcnler<\/p>\n\t\t\n<style>\n#text-1467076629 {\n  font-size: 0.75rem;\n  line-height: 1.15;\n}\n<\/style>\n\t<\/div>\n\t\n\t\n  \n    <div class=\"row large-columns-4 medium-columns-3 small-columns-2 row-small has-shadow row-box-shadow-1-hover slider row-slider slider-nav-reveal slider-nav-push\"  data-flickity-options='{&quot;imagesLoaded&quot;: true, &quot;groupCells&quot;: &quot;100%&quot;, &quot;dragThreshold&quot; : 5, &quot;cellAlign&quot;: &quot;left&quot;,&quot;wrapAround&quot;: true,&quot;prevNextButtons&quot;: true,&quot;percentPosition&quot;: true,&quot;pageDots&quot;: false, &quot;rightToLeft&quot;: false, &quot;autoPlay&quot; : false}' >\n\n  <\/div>\n\n\n\t\t<\/div>\n\t\t\t\t\t<\/div>\n\n\t\n\n<\/div>\n","protected":false},"excerpt":{"rendered":"<ul>\n<li>Usb kablo ile PC&#8217;e ba\u011flanma ve raporlama<\/li>\n<li>Y\u00fczey sertle\u015ftirme tabakalar\u0131 test edilebilir<\/li>\n<li>Hafif\u00a0 ve k\u00fc\u00e7\u00fck i\u015f par\u00e7alar\u0131n \u00f6l\u00e7\u00fcm\u00fcne uygundur<\/li>\n<li>D\u00fcz ve silindir i\u015f par\u00e7alar\u0131nda kullan\u0131labilir<\/li>\n<li>K\u00fc\u00e7\u00fck test izi<\/li>\n<li>Test kuvveti ve zaman a\u015f\u0131m\u0131 operat\u00f6r taraf\u0131ndan etkilenmez<\/li>\n<li>H\u0131zl\u0131 test; test sonucu\u00a0 2 saniye<\/li>\n<li>Ortalama ve statik test ekran\u0131<\/li>\n<li>1024 test sonucuna kadar kaydedebilir<\/li>\n<li>\u015earj edilebilir pil, Otomatik kapanma<\/li>\n<li>Toza ve suya kar\u015f\u0131 koruma<\/li>\n<li><a href=\"https:\/\/denizmtl.com\/wp-content\/uploads\/2021\/12\/ISHU-330-ULTRASONIK-SERTLIK-OLCME-CIHAZI.pdf\"><strong>Pdf i\u00e7in t\u0131klay\u0131n\u0131z.<\/strong><\/a><\/li>\n<\/ul>\n<p>&nbsp;<br \/>\n<a class=\"wp-iletim-button\" href=\"https:\/\/wa.me\/905422584189?text=Merhaba%2C%20https%3A%2F%2Fdenizmtl.com%2Fmobilapp%2Fwp-json%2Fwp%2Fv2%2Fproduct%2F26091%20sayfas%C4%B1ndaki%20%C3%BCr%C3%BCnle%20ilgili%20fiyat%20ve%20demo%20talep%20etmek%20istiyorum.\" target=\"_blank\" rel=\"noopener\" style=\"display:inline-block;padding:10px 16px;border-radius:6px;color:#fff;text-decoration:none;font-weight:600;background:#334862;\">F\u0130YAT VE DEMO TALEP ET<\/a>\n<div class=\"row row-small\"  id=\"row-446290653\">\n\n\n\t<div id=\"col-349792425\" class=\"col small-12 large-12\"  >\n\t\t\t\t<div class=\"col-inner\"  >\n\t\t\t\n\t\t\t\n\n\t<div id=\"text-2510874261\" class=\"text\">\n\t\t\n\n<p><span style=\"font-size:20px; font-weight:600;\">\u0130lgili \u00dcr\u00fcnler<\/p>\n\t\t\n<style>\n#text-2510874261 {\n  font-size: 0.75rem;\n  line-height: 1.15;\n}\n<\/style>\n\t<\/div>\n\t\n\t\n  \n    <div class=\"row large-columns-4 medium-columns-3 small-columns-2 row-small has-shadow row-box-shadow-1-hover slider row-slider slider-nav-reveal slider-nav-push\"  data-flickity-options='{&quot;imagesLoaded&quot;: true, &quot;groupCells&quot;: &quot;100%&quot;, &quot;dragThreshold&quot; : 5, &quot;cellAlign&quot;: &quot;left&quot;,&quot;wrapAround&quot;: true,&quot;prevNextButtons&quot;: true,&quot;percentPosition&quot;: true,&quot;pageDots&quot;: false, &quot;rightToLeft&quot;: false, &quot;autoPlay&quot; : false}' >\n\n  <\/div>\n\n\n\t\t<\/div>\n\t\t\t\t\t<\/div>\n\n\t\n\n<\/div>\n","protected":false},"author":1,"featured_media":26114,"comment_status":"open","ping_status":"closed","template":"","meta":[],"product_brand":[],"product_cat":[18,114,106,100],"product_tag":[],"class_list":{"0":"post-26091","1":"product","2":"type-product","3":"status-publish","4":"has-post-thumbnail","6":"product_cat-insize","7":"product_cat-portatif-test-cihazlari","8":"product_cat-sertlik-olcme","9":"product_cat-test-cihazlari","11":"first","12":"instock","13":"shipping-taxable","14":"product-type-simple"},"_links":{"self":[{"href":"https:\/\/denizmtl.com\/mobilapp\/wp-json\/wp\/v2\/product\/26091","targetHints":{"allow":["GET"]}}],"collection":[{"href":"https:\/\/denizmtl.com\/mobilapp\/wp-json\/wp\/v2\/product"}],"about":[{"href":"https:\/\/denizmtl.com\/mobilapp\/wp-json\/wp\/v2\/types\/product"}],"author":[{"embeddable":true,"href":"https:\/\/denizmtl.com\/mobilapp\/wp-json\/wp\/v2\/users\/1"}],"replies":[{"embeddable":true,"href":"https:\/\/denizmtl.com\/mobilapp\/wp-json\/wp\/v2\/comments?post=26091"}],"wp:featuredmedia":[{"embeddable":true,"href":"https:\/\/denizmtl.com\/mobilapp\/wp-json\/wp\/v2\/media\/26114"}],"wp:attachment":[{"href":"https:\/\/denizmtl.com\/mobilapp\/wp-json\/wp\/v2\/media?parent=26091"}],"wp:term":[{"taxonomy":"product_brand","embeddable":true,"href":"https:\/\/denizmtl.com\/mobilapp\/wp-json\/wp\/v2\/product_brand?post=26091"},{"taxonomy":"product_cat","embeddable":true,"href":"https:\/\/denizmtl.com\/mobilapp\/wp-json\/wp\/v2\/product_cat?post=26091"},{"taxonomy":"product_tag","embeddable":true,"href":"https:\/\/denizmtl.com\/mobilapp\/wp-json\/wp\/v2\/product_tag?post=26091"}],"curies":[{"name":"wp","href":"https:\/\/api.w.org\/{rel}","templated":true}]}}