{"id":26089,"date":"2025-08-14T11:18:00","date_gmt":"2025-08-14T08:18:00","guid":{"rendered":"https:\/\/denizmtl.com\/mobilapp\/?post_type=product&#038;p=26089"},"modified":"2025-10-02T17:43:20","modified_gmt":"2025-10-02T14:43:20","slug":"insize-ishr-m111-manyetik-rockwell-sertlik-olcme-cihazi","status":"publish","type":"product","link":"https:\/\/denizmtl.com\/mobilapp\/urunler\/insize-ishr-m111-manyetik-rockwell-sertlik-olcme-cihazi\/","title":{"rendered":"Insize ISHR-M111 Manyetik Rockwell Sertlik \u00d6l\u00e7me Cihaz\u0131"},"content":{"rendered":"<p><strong>Insize ISHR-M111 Manyetik Rockwell Sertlik \u00d6l\u00e7me Cihaz\u0131<\/strong><\/p>\n<ul>\n<li>B\u00fcy\u00fck ve uzun metal malzemelerin sertlik de\u011ferlerini \u00f6l\u00e7mek i\u00e7in kullan\u0131l\u0131r<\/li>\n<li>HRA, HRB, HRC, HRD, HRF, HRG Rockwell skalalar\u0131nda \u00f6l\u00e7\u00fcm yap\u0131labilir<\/li>\n<li>Y\u00fckleme ve y\u00fck bo\u015faltma tek kol \u00fczerinden yap\u0131labilmekte<\/li>\n<li>Silindir ve ya da boru par\u00e7alar i\u00e7in destekler mevcuttur<\/li>\n<\/ul>\n","protected":false},"excerpt":{"rendered":"<ul>\n<li>Rockwel sertlik \u00f6l\u00e7\u00fcm\u00fc<\/li>\n<li>Y\u00fck kontrol\u00fc manuel<\/li>\n<li>Uzun ve a\u011f\u0131r metal\u00a0 par\u00e7alar\u0131na uygulan\u0131r,<\/li>\n<li>ISO 6058,ASTM E18 standard\u0131na uygundur,<\/li>\n<li>3 Farkl\u0131 y\u00fck se\u00e7ene\u011fi<\/li>\n<li>Okuma ekran\u0131 analog<\/li>\n<li><a href=\"https:\/\/denizmtl.com\/wp-content\/uploads\/2021\/12\/ISHR-M11-MANYETIK-ROCKWELL-SERTLIK-OLCME-CIHAZI.pdf\"><strong>Pdf i\u00e7in t\u0131klay\u0131n\u0131z.<\/strong><\/a><\/li>\n<\/ul>\n<p>&nbsp;<br \/>\n<a class=\"wp-iletim-button\" href=\"https:\/\/wa.me\/905422584189?text=Merhaba%2C%20https%3A%2F%2Fdenizmtl.com%2Fmobilapp%2Fwp-json%2Fwp%2Fv2%2Fproduct%2F26089%20sayfas%C4%B1ndaki%20%C3%BCr%C3%BCnle%20ilgili%20fiyat%20ve%20demo%20talep%20etmek%20istiyorum.\" target=\"_blank\" rel=\"noopener\" style=\"display:inline-block;padding:10px 16px;border-radius:6px;color:#fff;text-decoration:none;font-weight:600;background:#334862;\">F\u0130YAT VE DEMO TALEP ET<\/a>\n","protected":false},"author":1,"featured_media":26112,"comment_status":"open","ping_status":"closed","template":"","meta":[],"product_brand":[],"product_cat":[18,106,100],"product_tag":[],"class_list":{"0":"post-26089","1":"product","2":"type-product","3":"status-publish","4":"has-post-thumbnail","6":"product_cat-insize","7":"product_cat-sertlik-olcme","8":"product_cat-test-cihazlari","10":"first","11":"instock","12":"shipping-taxable","13":"product-type-simple"},"_links":{"self":[{"href":"https:\/\/denizmtl.com\/mobilapp\/wp-json\/wp\/v2\/product\/26089","targetHints":{"allow":["GET"]}}],"collection":[{"href":"https:\/\/denizmtl.com\/mobilapp\/wp-json\/wp\/v2\/product"}],"about":[{"href":"https:\/\/denizmtl.com\/mobilapp\/wp-json\/wp\/v2\/types\/product"}],"author":[{"embeddable":true,"href":"https:\/\/denizmtl.com\/mobilapp\/wp-json\/wp\/v2\/users\/1"}],"replies":[{"embeddable":true,"href":"https:\/\/denizmtl.com\/mobilapp\/wp-json\/wp\/v2\/comments?post=26089"}],"wp:featuredmedia":[{"embeddable":true,"href":"https:\/\/denizmtl.com\/mobilapp\/wp-json\/wp\/v2\/media\/26112"}],"wp:attachment":[{"href":"https:\/\/denizmtl.com\/mobilapp\/wp-json\/wp\/v2\/media?parent=26089"}],"wp:term":[{"taxonomy":"product_brand","embeddable":true,"href":"https:\/\/denizmtl.com\/mobilapp\/wp-json\/wp\/v2\/product_brand?post=26089"},{"taxonomy":"product_cat","embeddable":true,"href":"https:\/\/denizmtl.com\/mobilapp\/wp-json\/wp\/v2\/product_cat?post=26089"},{"taxonomy":"product_tag","embeddable":true,"href":"https:\/\/denizmtl.com\/mobilapp\/wp-json\/wp\/v2\/product_tag?post=26089"}],"curies":[{"name":"wp","href":"https:\/\/api.w.org\/{rel}","templated":true}]}}