{"id":26084,"date":"2025-08-14T11:17:59","date_gmt":"2025-08-14T08:17:59","guid":{"rendered":"https:\/\/denizmtl.com\/mobilapp\/?post_type=product&#038;p=26084"},"modified":"2025-10-02T17:43:28","modified_gmt":"2025-10-02T14:43:28","slug":"insize-ishb-ts-brinell-iz-birakma-olcum-sistemi","status":"publish","type":"product","link":"https:\/\/denizmtl.com\/mobilapp\/urunler\/insize-ishb-ts-brinell-iz-birakma-olcum-sistemi\/","title":{"rendered":"Insize ISHB-TS Brinell \u0130z B\u0131rakma \u00d6l\u00e7\u00fcm Sistemi"},"content":{"rendered":"<p><strong>Insize ISHB-TS Brinell \u0130z B\u0131rakma \u00d6l\u00e7\u00fcm Sistemi<\/strong><\/p>\n<p>Brinell sertlik \u00f6l\u00e7\u00fcm cihazlar\u0131nda olu\u015fan iz \u00fczerinden \u00f6l\u00e7\u00fcm yapmak i\u00e7in kullan\u0131lan \u00f6l\u00e7\u00fcm sistemidir.<\/p>\n<p>\u0130z otomatik veya manuel olarak \u00f6l\u00e7ebilir.<\/p>\n<p>\u00c7oklu \u00f6l\u00e7\u00fcmlerin ortalama de\u011fer, maksimum\/ minimum de\u011fer hesaplanabilir.<\/p>\n<p>Otomatik \u00f6l\u00e7\u00fcm \u00f6zeli\u011fi ile personel kaynakl\u0131 hatalar \u00f6nlenebilir.<\/p>\n<p>Yap\u0131lan \u00f6l\u00e7\u00fcmler farkl\u0131 parametrelere otomatik olarak d\u00f6n\u00fc\u015ft\u00fcr\u00fclebilir.<\/p>\n","protected":false},"excerpt":{"rendered":"<ul>\n<li>Bilgisayara usb giri\u015fi ile ba\u011flan\u0131r.<\/li>\n<li>Manyetik u\u00e7 ile sabitleme<\/li>\n<li>Yaz\u0131l\u0131m dahil<\/li>\n<li>\u00c7\u00f6z\u00fcn\u00fcrl\u00fck 1HB<\/li>\n<li>G\u00f6r\u00fcnt\u00fc 2M 1024&#215;768<\/li>\n<li>\u00dcst ve alt limitler muhakeme ile<\/li>\n<li>\u00d6l\u00e7\u00fcm sonucu world ve excelle aktar\u0131labilir.<\/li>\n<li>Standart sertlik blo\u011fu \u00fczerine iz kalibrasyonu<\/li>\n<li><a href=\"https:\/\/denizmtl.com\/wp-content\/uploads\/2021\/12\/ISHB-TSA-BRINELL-IZ-BIRAKMA-OLCUM-SISTEMI.pdf\"><strong>Pdf i\u00e7in t\u0131klay\u0131n\u0131z.<\/strong><\/a><\/li>\n<\/ul>\n<p>&nbsp;<br \/>\n<a class=\"wp-iletim-button\" href=\"https:\/\/wa.me\/905422584189?text=Merhaba%2C%20https%3A%2F%2Fdenizmtl.com%2Fmobilapp%2Fwp-json%2Fwp%2Fv2%2Fproduct%2F26084%20sayfas%C4%B1ndaki%20%C3%BCr%C3%BCnle%20ilgili%20fiyat%20ve%20demo%20talep%20etmek%20istiyorum.\" target=\"_blank\" rel=\"noopener\" style=\"display:inline-block;padding:10px 16px;border-radius:6px;color:#fff;text-decoration:none;font-weight:600;background:#334862;\">F\u0130YAT VE DEMO TALEP ET<\/a>\n","protected":false},"author":1,"featured_media":26109,"comment_status":"open","ping_status":"closed","template":"","meta":[],"product_brand":[],"product_cat":[18,114,106,100,63],"product_tag":[],"class_list":{"0":"post-26084","1":"product","2":"type-product","3":"status-publish","4":"has-post-thumbnail","6":"product_cat-insize","7":"product_cat-portatif-test-cihazlari","8":"product_cat-sertlik-olcme","9":"product_cat-test-cihazlari","10":"product_cat-yeni-urunler","12":"first","13":"instock","14":"shipping-taxable","15":"product-type-variable"},"_links":{"self":[{"href":"https:\/\/denizmtl.com\/mobilapp\/wp-json\/wp\/v2\/product\/26084","targetHints":{"allow":["GET"]}}],"collection":[{"href":"https:\/\/denizmtl.com\/mobilapp\/wp-json\/wp\/v2\/product"}],"about":[{"href":"https:\/\/denizmtl.com\/mobilapp\/wp-json\/wp\/v2\/types\/product"}],"author":[{"embeddable":true,"href":"https:\/\/denizmtl.com\/mobilapp\/wp-json\/wp\/v2\/users\/1"}],"replies":[{"embeddable":true,"href":"https:\/\/denizmtl.com\/mobilapp\/wp-json\/wp\/v2\/comments?post=26084"}],"wp:featuredmedia":[{"embeddable":true,"href":"https:\/\/denizmtl.com\/mobilapp\/wp-json\/wp\/v2\/media\/26109"}],"wp:attachment":[{"href":"https:\/\/denizmtl.com\/mobilapp\/wp-json\/wp\/v2\/media?parent=26084"}],"wp:term":[{"taxonomy":"product_brand","embeddable":true,"href":"https:\/\/denizmtl.com\/mobilapp\/wp-json\/wp\/v2\/product_brand?post=26084"},{"taxonomy":"product_cat","embeddable":true,"href":"https:\/\/denizmtl.com\/mobilapp\/wp-json\/wp\/v2\/product_cat?post=26084"},{"taxonomy":"product_tag","embeddable":true,"href":"https:\/\/denizmtl.com\/mobilapp\/wp-json\/wp\/v2\/product_tag?post=26084"}],"curies":[{"name":"wp","href":"https:\/\/api.w.org\/{rel}","templated":true}]}}