{"id":26083,"date":"2025-08-14T11:17:59","date_gmt":"2025-08-14T08:17:59","guid":{"rendered":"https:\/\/denizmtl.com\/mobilapp\/?post_type=product&#038;p=26083"},"modified":"2025-10-02T17:43:19","modified_gmt":"2025-10-02T14:43:19","slug":"insize-ishb-p101-pin-brinell-sertlik-olcum-cihazi","status":"publish","type":"product","link":"https:\/\/denizmtl.com\/mobilapp\/urunler\/insize-ishb-p101-pin-brinell-sertlik-olcum-cihazi\/","title":{"rendered":"Insize ISHB-P101 Pin Brinell Sertlik \u00d6l\u00e7\u00fcm Cihaz\u0131"},"content":{"rendered":"<p><strong>Insize ISHB-P101 Pin Brinell Sertlik \u00d6l\u00e7\u00fcm Cihaz\u0131<\/strong><\/p>\n<p>Metal malzemelerin sertlik de\u011ferlerini \u00f6l\u00e7mek i\u00e7in kullan\u0131l\u0131r.<\/p>\n<p>Y\u00fck olarak Statik veya\u00a0 darbe y\u00f6ntemi ile\u00a0 \u00d87,26mm yada \u00d810 mm \u00e7ap\u0131nda olan u\u00e7lar\u0131n uygulanan y\u00fck sonras\u0131 k\u0131r\u0131lmas\u0131 ile olu\u015fan iz \u00e7ap\u0131 mikroskop yard\u0131m\u0131 ile \u00f6l\u00e7\u00fclerek yap\u0131lan bir Brinell sertlik \u00f6l\u00e7\u00fcm y\u00f6ntemidir.<\/p>\n<p>V yatak ve 250 adet u\u00e7 ile tedarik edilir.<\/p>\n","protected":false},"excerpt":{"rendered":"<ul>\n<li>Uzun ve a\u011f\u0131r i\u015f par\u00e7alar\u0131 i\u00e7in<\/li>\n<li>1580 kilo test kuvveti\u00a0 ve \u00d87,26mm i\u015faretleyici u\u00e7,<\/li>\n<li>3000 kilo test kuvvetine\u00a0 ve \u00d810 mm i\u015faretleyici u\u00e7,<\/li>\n<li>Statik ve darbe test modu<\/li>\n<li>20X \u00f6l\u00e7\u00fcm mikroskobu dahil<\/li>\n<li>ISO ve ASTM standartlar\u0131na uygundur.<\/li>\n<li><a href=\"https:\/\/denizmtl.com\/wp-content\/uploads\/2021\/12\/ISHB-P101-PIN-BRINELL-SERTLIK-OLCME-CIHAZI.pdf\"><strong>Pdf i\u00e7in t\u0131klay\u0131n\u0131z.<\/strong><\/a><\/li>\n<\/ul>\n<p>&nbsp;<br \/>\n<a class=\"wp-iletim-button\" href=\"https:\/\/wa.me\/905422584189?text=Merhaba%2C%20https%3A%2F%2Fdenizmtl.com%2Fmobilapp%2Fwp-json%2Fwp%2Fv2%2Fproduct%2F26083%20sayfas%C4%B1ndaki%20%C3%BCr%C3%BCnle%20ilgili%20fiyat%20ve%20demo%20talep%20etmek%20istiyorum.\" target=\"_blank\" rel=\"noopener\" style=\"display:inline-block;padding:10px 16px;border-radius:6px;color:#fff;text-decoration:none;font-weight:600;background:#334862;\">F\u0130YAT VE DEMO TALEP ET<\/a>\n","protected":false},"author":1,"featured_media":26108,"comment_status":"open","ping_status":"closed","template":"","meta":[],"product_brand":[],"product_cat":[18,106,100],"product_tag":[],"class_list":{"0":"post-26083","1":"product","2":"type-product","3":"status-publish","4":"has-post-thumbnail","6":"product_cat-insize","7":"product_cat-sertlik-olcme","8":"product_cat-test-cihazlari","10":"first","11":"instock","12":"shipping-taxable","13":"product-type-simple"},"_links":{"self":[{"href":"https:\/\/denizmtl.com\/mobilapp\/wp-json\/wp\/v2\/product\/26083","targetHints":{"allow":["GET"]}}],"collection":[{"href":"https:\/\/denizmtl.com\/mobilapp\/wp-json\/wp\/v2\/product"}],"about":[{"href":"https:\/\/denizmtl.com\/mobilapp\/wp-json\/wp\/v2\/types\/product"}],"author":[{"embeddable":true,"href":"https:\/\/denizmtl.com\/mobilapp\/wp-json\/wp\/v2\/users\/1"}],"replies":[{"embeddable":true,"href":"https:\/\/denizmtl.com\/mobilapp\/wp-json\/wp\/v2\/comments?post=26083"}],"wp:featuredmedia":[{"embeddable":true,"href":"https:\/\/denizmtl.com\/mobilapp\/wp-json\/wp\/v2\/media\/26108"}],"wp:attachment":[{"href":"https:\/\/denizmtl.com\/mobilapp\/wp-json\/wp\/v2\/media?parent=26083"}],"wp:term":[{"taxonomy":"product_brand","embeddable":true,"href":"https:\/\/denizmtl.com\/mobilapp\/wp-json\/wp\/v2\/product_brand?post=26083"},{"taxonomy":"product_cat","embeddable":true,"href":"https:\/\/denizmtl.com\/mobilapp\/wp-json\/wp\/v2\/product_cat?post=26083"},{"taxonomy":"product_tag","embeddable":true,"href":"https:\/\/denizmtl.com\/mobilapp\/wp-json\/wp\/v2\/product_tag?post=26083"}],"curies":[{"name":"wp","href":"https:\/\/api.w.org\/{rel}","templated":true}]}}