{"id":26082,"date":"2025-08-14T11:17:59","date_gmt":"2025-08-14T08:17:59","guid":{"rendered":"https:\/\/denizmtl.com\/mobilapp\/?post_type=product&#038;p=26082"},"modified":"2025-10-02T17:43:19","modified_gmt":"2025-10-02T14:43:19","slug":"insize-ishb-m100-otomatik-brinell-sertlik-olcme-cihazi","status":"publish","type":"product","link":"https:\/\/denizmtl.com\/mobilapp\/urunler\/insize-ishb-m100-otomatik-brinell-sertlik-olcme-cihazi\/","title":{"rendered":"Insize ISHB-M100 Otomatik Brinell Sertlik \u00d6l\u00e7me Cihaz\u0131"},"content":{"rendered":"<p><strong>Insize ISHB-M100 Otomatik Brinell Sertlik \u00d6l\u00e7me Cihaz\u0131<\/strong><\/p>\n<ul>\n<li>Metal malzemelerin Brinell parametresinde sertlik de\u011ferlerini \u00f6l\u00e7mek i\u00e7in kullan\u0131l\u0131r<\/li>\n<li>3 farkl\u0131 tabla ile b\u00fcy\u00fck, k\u00fc\u00e7\u00fck silindir ve d\u00fcz par\u00e7alar kolayl\u0131kla yerle\u015ftirilir ve \u00f6l\u00e7\u00fcl\u00fcr<\/li>\n<li>\u00dcretim ve laboratuvar ortam\u0131nda kullan\u0131ma uygundur<\/li>\n<li>Tabla Z ekseni hareketi d\u00f6ner \u00e7ark yard\u0131m\u0131 ile elle yap\u0131l\u0131r<\/li>\n<li>\u00d6n y\u00fckleme manuel ana y\u00fckleme otomatik yap\u0131l\u0131r<\/li>\n<li>\u0130\u015f par\u00e7as\u0131nda olu\u015fan izi \u00e7ap\u0131 mikroskop ile \u00f6l\u00e7\u00fcl\u00fcr de\u011fer cihaza girilir sonu\u00e7 otomatik olarak hesaplan\u0131r<\/li>\n<\/ul>\n","protected":false},"excerpt":{"rendered":"<ul>\n<li>Brinell Sertlik \u00f6l\u00e7\u00fcm<\/li>\n<li>62,5 ile 3000 kgf aral\u0131\u011f\u0131nda 10 farkl\u0131 y\u00fck(parametre)<\/li>\n<li>8-650 HBW \u00f6l\u00e7\u00fcm aral\u0131\u011f\u0131<\/li>\n<li>Dokunmatik LCD ekran<\/li>\n<li>20X \u00f6l\u00e7\u00fcm mikroskobu<\/li>\n<li>A\u011f\u0131rl\u0131k olmadan elektrik motoru ile kuvvet y\u00fckleme<\/li>\n<li><a href=\"https:\/\/denizmtl.com\/wp-content\/uploads\/2021\/12\/ISHB-M100-OTOMATIK-BRINELL-SERTLIK-OLCME-CIHAZI.pdf\"><strong>Pdf i\u00e7in t\u0131klay\u0131n\u0131z.<\/strong><\/a><\/li>\n<\/ul>\n<p>&nbsp;<br \/>\n<a class=\"wp-iletim-button\" href=\"https:\/\/wa.me\/905422584189?text=Merhaba%2C%20https%3A%2F%2Fdenizmtl.com%2Fmobilapp%2Fwp-json%2Fwp%2Fv2%2Fproduct%2F26082%20sayfas%C4%B1ndaki%20%C3%BCr%C3%BCnle%20ilgili%20fiyat%20ve%20demo%20talep%20etmek%20istiyorum.\" target=\"_blank\" rel=\"noopener\" style=\"display:inline-block;padding:10px 16px;border-radius:6px;color:#fff;text-decoration:none;font-weight:600;background:#334862;\">F\u0130YAT VE DEMO TALEP ET<\/a>\n","protected":false},"author":1,"featured_media":26107,"comment_status":"open","ping_status":"closed","template":"","meta":[],"product_brand":[],"product_cat":[18,106,100,63],"product_tag":[],"class_list":{"0":"post-26082","1":"product","2":"type-product","3":"status-publish","4":"has-post-thumbnail","6":"product_cat-insize","7":"product_cat-sertlik-olcme","8":"product_cat-test-cihazlari","9":"product_cat-yeni-urunler","11":"first","12":"instock","13":"shipping-taxable","14":"product-type-simple"},"_links":{"self":[{"href":"https:\/\/denizmtl.com\/mobilapp\/wp-json\/wp\/v2\/product\/26082","targetHints":{"allow":["GET"]}}],"collection":[{"href":"https:\/\/denizmtl.com\/mobilapp\/wp-json\/wp\/v2\/product"}],"about":[{"href":"https:\/\/denizmtl.com\/mobilapp\/wp-json\/wp\/v2\/types\/product"}],"author":[{"embeddable":true,"href":"https:\/\/denizmtl.com\/mobilapp\/wp-json\/wp\/v2\/users\/1"}],"replies":[{"embeddable":true,"href":"https:\/\/denizmtl.com\/mobilapp\/wp-json\/wp\/v2\/comments?post=26082"}],"wp:featuredmedia":[{"embeddable":true,"href":"https:\/\/denizmtl.com\/mobilapp\/wp-json\/wp\/v2\/media\/26107"}],"wp:attachment":[{"href":"https:\/\/denizmtl.com\/mobilapp\/wp-json\/wp\/v2\/media?parent=26082"}],"wp:term":[{"taxonomy":"product_brand","embeddable":true,"href":"https:\/\/denizmtl.com\/mobilapp\/wp-json\/wp\/v2\/product_brand?post=26082"},{"taxonomy":"product_cat","embeddable":true,"href":"https:\/\/denizmtl.com\/mobilapp\/wp-json\/wp\/v2\/product_cat?post=26082"},{"taxonomy":"product_tag","embeddable":true,"href":"https:\/\/denizmtl.com\/mobilapp\/wp-json\/wp\/v2\/product_tag?post=26082"}],"curies":[{"name":"wp","href":"https:\/\/api.w.org\/{rel}","templated":true}]}}