{"id":26072,"date":"2025-08-14T11:17:57","date_gmt":"2025-08-14T08:17:57","guid":{"rendered":"https:\/\/denizmtl.com\/mobilapp\/?post_type=product&#038;p=26072"},"modified":"2025-08-14T11:18:09","modified_gmt":"2025-08-14T08:18:09","slug":"4003-aci-pleyt-seti","status":"publish","type":"product","link":"https:\/\/denizmtl.com\/mobilapp\/urunler\/4003-aci-pleyt-seti\/","title":{"rendered":"4003 A\u00c7I PLEYT SET\u0130"},"content":{"rendered":"<p><img loading=\"lazy\" decoding=\"async\" class=\"alignnone wp-image-9541 size-full\" src=\"https:\/\/denizmtl.com\/wp-content\/uploads\/2019\/02\/ACI-PLEYT-SETI.png\" alt=\"\" width=\"678\" height=\"221\" srcset=\"https:\/\/denizmtl.com\/mobilapp\/wp-content\/uploads\/2019\/02\/ACI-PLEYT-SETI.png 678w, https:\/\/denizmtl.com\/mobilapp\/wp-content\/uploads\/2019\/02\/ACI-PLEYT-SETI-300x98.png 300w, https:\/\/denizmtl.com\/mobilapp\/wp-content\/uploads\/2019\/02\/ACI-PLEYT-SETI-510x166.png 510w\" sizes=\"auto, (max-width: 678px) 100vw, 678px\" \/><\/p>\n","protected":false},"excerpt":{"rendered":"<ul>\n<li>A\u00e7\u0131 ayar\u0131nda \u00fcretim de ve\u00a0 denetlemede kullan\u0131l\u0131r.<\/li>\n<li>Tak\u0131m \u00e7elikten yap\u0131lm\u0131\u015ft\u0131r.<\/li>\n<li>Sertlik HRC55<\/li>\n<li><a href=\"https:\/\/denizmtl.com\/wp-content\/uploads\/2021\/12\/4003-ACI-PLEYT-SETLERI.pdf\"><strong>Pdf i\u00e7in t\u0131klay\u0131n\u0131z.<\/strong><\/a><\/li>\n<\/ul>\n","protected":false},"author":1,"featured_media":26101,"comment_status":"open","ping_status":"closed","template":"","meta":[],"product_brand":[],"product_cat":[18,30],"product_tag":[],"class_list":{"0":"post-26072","1":"product","2":"type-product","3":"status-publish","4":"has-post-thumbnail","6":"product_cat-insize","7":"product_cat-pleyt","9":"first","10":"instock","11":"shipping-taxable","12":"product-type-variable"},"_links":{"self":[{"href":"https:\/\/denizmtl.com\/mobilapp\/wp-json\/wp\/v2\/product\/26072","targetHints":{"allow":["GET"]}}],"collection":[{"href":"https:\/\/denizmtl.com\/mobilapp\/wp-json\/wp\/v2\/product"}],"about":[{"href":"https:\/\/denizmtl.com\/mobilapp\/wp-json\/wp\/v2\/types\/product"}],"author":[{"embeddable":true,"href":"https:\/\/denizmtl.com\/mobilapp\/wp-json\/wp\/v2\/users\/1"}],"replies":[{"embeddable":true,"href":"https:\/\/denizmtl.com\/mobilapp\/wp-json\/wp\/v2\/comments?post=26072"}],"wp:featuredmedia":[{"embeddable":true,"href":"https:\/\/denizmtl.com\/mobilapp\/wp-json\/wp\/v2\/media\/26101"}],"wp:attachment":[{"href":"https:\/\/denizmtl.com\/mobilapp\/wp-json\/wp\/v2\/media?parent=26072"}],"wp:term":[{"taxonomy":"product_brand","embeddable":true,"href":"https:\/\/denizmtl.com\/mobilapp\/wp-json\/wp\/v2\/product_brand?post=26072"},{"taxonomy":"product_cat","embeddable":true,"href":"https:\/\/denizmtl.com\/mobilapp\/wp-json\/wp\/v2\/product_cat?post=26072"},{"taxonomy":"product_tag","embeddable":true,"href":"https:\/\/denizmtl.com\/mobilapp\/wp-json\/wp\/v2\/product_tag?post=26072"}],"curies":[{"name":"wp","href":"https:\/\/api.w.org\/{rel}","templated":true}]}}