{"id":26044,"date":"2025-08-14T11:17:50","date_gmt":"2025-08-14T08:17:50","guid":{"rendered":"https:\/\/denizmtl.com\/mobilapp\/?post_type=product&#038;p=26044"},"modified":"2025-08-14T11:18:09","modified_gmt":"2025-08-14T08:18:09","slug":"insize-4002-acik-blok-mastar","status":"publish","type":"product","link":"https:\/\/denizmtl.com\/mobilapp\/urunler\/insize-4002-acik-blok-mastar\/","title":{"rendered":"Insize 4002 A\u00e7\u0131k Blok Mastar"},"content":{"rendered":"<p><img loading=\"lazy\" decoding=\"async\" class=\"alignnone wp-image-9544 size-full\" src=\"https:\/\/denizmtl.com\/wp-content\/uploads\/2019\/02\/4002-ACILI-BLOK-MASTAR2.png\" alt=\"\" width=\"686\" height=\"583\" srcset=\"https:\/\/denizmtl.com\/mobilapp\/wp-content\/uploads\/2019\/02\/4002-ACILI-BLOK-MASTAR2.png 686w, https:\/\/denizmtl.com\/mobilapp\/wp-content\/uploads\/2019\/02\/4002-ACILI-BLOK-MASTAR2-300x255.png 300w, https:\/\/denizmtl.com\/mobilapp\/wp-content\/uploads\/2019\/02\/4002-ACILI-BLOK-MASTAR2-510x433.png 510w\" sizes=\"auto, (max-width: 686px) 100vw, 686px\" \/><\/p>\n","protected":false},"excerpt":{"rendered":"<ul>\n<li>Do\u011fruluk:\u00b12&#8243;<\/li>\n<li>Konik mastar,a\u00e7\u0131 \u00f6l\u00e7er,endesks kafa ve a\u00e7\u0131 \u00f6l\u00e7er kontrol edilir ve a\u00e7\u0131 ayarlamada kullan\u0131l\u0131r.<\/li>\n<li>Ala\u015f\u0131ml\u0131 \u00e7elikten yap\u0131lm\u0131\u015ft\u0131r.<\/li>\n<li>Sertlik HRC64,y\u00fcksek stabilite,dayan\u0131kl\u0131,kolay bile\u015fim<\/li>\n<li>Birle\u015fimden sonra 6 saniyelik olarak herhangir bir a\u00e7\u0131 ile birle\u015ftirilebilir.<\/li>\n<li><a href=\"https:\/\/denizmtl.com\/wp-content\/uploads\/2021\/12\/4002-ACI-BLOK-MASTAR.pdf\"><strong>Pdf i\u00e7in t\u0131klay\u0131n\u0131z.<\/strong><\/a><\/li>\n<\/ul>\n","protected":false},"author":1,"featured_media":26070,"comment_status":"open","ping_status":"closed","template":"","meta":[],"product_brand":[],"product_cat":[18,24],"product_tag":[],"class_list":{"0":"post-26044","1":"product","2":"type-product","3":"status-publish","4":"has-post-thumbnail","6":"product_cat-insize","7":"product_cat-mastarlar","9":"first","10":"instock","11":"shipping-taxable","12":"product-type-variable"},"_links":{"self":[{"href":"https:\/\/denizmtl.com\/mobilapp\/wp-json\/wp\/v2\/product\/26044","targetHints":{"allow":["GET"]}}],"collection":[{"href":"https:\/\/denizmtl.com\/mobilapp\/wp-json\/wp\/v2\/product"}],"about":[{"href":"https:\/\/denizmtl.com\/mobilapp\/wp-json\/wp\/v2\/types\/product"}],"author":[{"embeddable":true,"href":"https:\/\/denizmtl.com\/mobilapp\/wp-json\/wp\/v2\/users\/1"}],"replies":[{"embeddable":true,"href":"https:\/\/denizmtl.com\/mobilapp\/wp-json\/wp\/v2\/comments?post=26044"}],"wp:featuredmedia":[{"embeddable":true,"href":"https:\/\/denizmtl.com\/mobilapp\/wp-json\/wp\/v2\/media\/26070"}],"wp:attachment":[{"href":"https:\/\/denizmtl.com\/mobilapp\/wp-json\/wp\/v2\/media?parent=26044"}],"wp:term":[{"taxonomy":"product_brand","embeddable":true,"href":"https:\/\/denizmtl.com\/mobilapp\/wp-json\/wp\/v2\/product_brand?post=26044"},{"taxonomy":"product_cat","embeddable":true,"href":"https:\/\/denizmtl.com\/mobilapp\/wp-json\/wp\/v2\/product_cat?post=26044"},{"taxonomy":"product_tag","embeddable":true,"href":"https:\/\/denizmtl.com\/mobilapp\/wp-json\/wp\/v2\/product_tag?post=26044"}],"curies":[{"name":"wp","href":"https:\/\/api.w.org\/{rel}","templated":true}]}}