{"id":26025,"date":"2025-08-14T11:17:43","date_gmt":"2025-08-14T08:17:43","guid":{"rendered":"https:\/\/denizmtl.com\/mobilapp\/?post_type=product&#038;p=26025"},"modified":"2025-08-14T11:17:48","modified_gmt":"2025-08-14T08:17:48","slug":"insize-3641-ic-vida-mikrometresi","status":"publish","type":"product","link":"https:\/\/denizmtl.com\/mobilapp\/urunler\/insize-3641-ic-vida-mikrometresi\/","title":{"rendered":"Insize 3641 \u0130\u00e7 Vida Mikrometresi"},"content":{"rendered":"<p><img loading=\"lazy\" decoding=\"async\" class=\"alignnone wp-image-9552 size-full\" src=\"https:\/\/denizmtl.com\/wp-content\/uploads\/2019\/02\/3641-IC-VIDA-MIKROMETRESI.2.png\" alt=\"\" width=\"691\" height=\"331\" srcset=\"https:\/\/denizmtl.com\/mobilapp\/wp-content\/uploads\/2019\/02\/3641-IC-VIDA-MIKROMETRESI.2.png 691w, https:\/\/denizmtl.com\/mobilapp\/wp-content\/uploads\/2019\/02\/3641-IC-VIDA-MIKROMETRESI.2-300x144.png 300w, https:\/\/denizmtl.com\/mobilapp\/wp-content\/uploads\/2019\/02\/3641-IC-VIDA-MIKROMETRESI.2-510x244.png 510w\" sizes=\"auto, (max-width: 691px) 100vw, 691px\" \/><\/p>\n","protected":false},"excerpt":{"rendered":"<ul>\n<li>\u00c7ark \u00e7ap\u0131 \u00f6l\u00e7\u00fcl\u00fcr<\/li>\n<li>Uzatma \u00e7ubuk u\u00e7lar\u0131 d\u00fczd\u00fcr<\/li>\n<li>Opsiyonel aksesuarlar:i\u00e7 vida mikrometresi i\u00e7in \u00f6l\u00e7\u00fcm ucu:(kod:7385)<\/li>\n<li><a href=\"https:\/\/denizmtl.com\/wp-content\/uploads\/2021\/12\/3641-IC-VIDA-MIKROMETRESI.pdf\"><strong>Pdf i\u00e7in t\u0131klay\u0131n\u0131z.<\/strong><\/a><\/li>\n<\/ul>\n","protected":false},"author":1,"featured_media":26038,"comment_status":"open","ping_status":"closed","template":"","meta":[],"product_brand":[],"product_cat":[115,18,96],"product_tag":[],"class_list":{"0":"post-26025","1":"product","2":"type-product","3":"status-publish","4":"has-post-thumbnail","6":"product_cat-delik-olcum","7":"product_cat-insize","8":"product_cat-standart-olcu-aletleri","10":"first","11":"instock","12":"shipping-taxable","13":"product-type-variable"},"_links":{"self":[{"href":"https:\/\/denizmtl.com\/mobilapp\/wp-json\/wp\/v2\/product\/26025","targetHints":{"allow":["GET"]}}],"collection":[{"href":"https:\/\/denizmtl.com\/mobilapp\/wp-json\/wp\/v2\/product"}],"about":[{"href":"https:\/\/denizmtl.com\/mobilapp\/wp-json\/wp\/v2\/types\/product"}],"author":[{"embeddable":true,"href":"https:\/\/denizmtl.com\/mobilapp\/wp-json\/wp\/v2\/users\/1"}],"replies":[{"embeddable":true,"href":"https:\/\/denizmtl.com\/mobilapp\/wp-json\/wp\/v2\/comments?post=26025"}],"wp:featuredmedia":[{"embeddable":true,"href":"https:\/\/denizmtl.com\/mobilapp\/wp-json\/wp\/v2\/media\/26038"}],"wp:attachment":[{"href":"https:\/\/denizmtl.com\/mobilapp\/wp-json\/wp\/v2\/media?parent=26025"}],"wp:term":[{"taxonomy":"product_brand","embeddable":true,"href":"https:\/\/denizmtl.com\/mobilapp\/wp-json\/wp\/v2\/product_brand?post=26025"},{"taxonomy":"product_cat","embeddable":true,"href":"https:\/\/denizmtl.com\/mobilapp\/wp-json\/wp\/v2\/product_cat?post=26025"},{"taxonomy":"product_tag","embeddable":true,"href":"https:\/\/denizmtl.com\/mobilapp\/wp-json\/wp\/v2\/product_tag?post=26025"}],"curies":[{"name":"wp","href":"https:\/\/api.w.org\/{rel}","templated":true}]}}