{"id":26015,"date":"2025-08-14T11:17:41","date_gmt":"2025-08-14T08:17:41","guid":{"rendered":"https:\/\/denizmtl.com\/mobilapp\/?post_type=product&#038;p=26015"},"modified":"2025-08-14T11:17:48","modified_gmt":"2025-08-14T08:17:48","slug":"insize-3639-dis-vida-mikrometresi","status":"publish","type":"product","link":"https:\/\/denizmtl.com\/mobilapp\/urunler\/insize-3639-dis-vida-mikrometresi\/","title":{"rendered":"Insize 3639 D\u0131\u015f Vida Mikrometresi"},"content":{"rendered":"<p><img loading=\"lazy\" decoding=\"async\" class=\"alignnone wp-image-9559 size-full\" src=\"https:\/\/denizmtl.com\/wp-content\/uploads\/2019\/02\/3639-DIS-VIDA-MIKROMETRESI2.png\" alt=\"\" width=\"692\" height=\"300\" srcset=\"https:\/\/denizmtl.com\/mobilapp\/wp-content\/uploads\/2019\/02\/3639-DIS-VIDA-MIKROMETRESI2.png 692w, https:\/\/denizmtl.com\/mobilapp\/wp-content\/uploads\/2019\/02\/3639-DIS-VIDA-MIKROMETRESI2-300x130.png 300w, https:\/\/denizmtl.com\/mobilapp\/wp-content\/uploads\/2019\/02\/3639-DIS-VIDA-MIKROMETRESI2-510x221.png 510w\" sizes=\"auto, (max-width: 692px) 100vw, 692px\" \/><\/p>\n","protected":false},"excerpt":{"rendered":"<ul>\n<li>DIN863-3 standard\u0131na uygundur.<\/li>\n<li>Vida ad\u0131m \u00e7ap\u0131 \u00f6l\u00e7er<\/li>\n<li>Hassasiyet:0,01mm<\/li>\n<li>C\u0131rc\u0131rl\u0131<\/li>\n<li>Opsiyonel aksesuar:d\u0131\u015f vida mikrometresi i\u00e7in \u00f6l\u00e7\u00fcm ucu:(kod:7384)<\/li>\n<li><a href=\"https:\/\/denizmtl.com\/wp-content\/uploads\/2021\/12\/3639-DIS-VIDA-MIKROMETRESI.pdf\"><strong>Pdf i\u00e7in t\u0131klay\u0131n\u0131z.<\/strong><\/a><\/li>\n<\/ul>\n","protected":false},"author":1,"featured_media":26037,"comment_status":"open","ping_status":"closed","template":"","meta":[],"product_brand":[],"product_cat":[18,27],"product_tag":[],"class_list":{"0":"post-26015","1":"product","2":"type-product","3":"status-publish","4":"has-post-thumbnail","6":"product_cat-insize","7":"product_cat-mikrometreler","9":"first","10":"instock","11":"shipping-taxable","12":"product-type-variable"},"_links":{"self":[{"href":"https:\/\/denizmtl.com\/mobilapp\/wp-json\/wp\/v2\/product\/26015","targetHints":{"allow":["GET"]}}],"collection":[{"href":"https:\/\/denizmtl.com\/mobilapp\/wp-json\/wp\/v2\/product"}],"about":[{"href":"https:\/\/denizmtl.com\/mobilapp\/wp-json\/wp\/v2\/types\/product"}],"author":[{"embeddable":true,"href":"https:\/\/denizmtl.com\/mobilapp\/wp-json\/wp\/v2\/users\/1"}],"replies":[{"embeddable":true,"href":"https:\/\/denizmtl.com\/mobilapp\/wp-json\/wp\/v2\/comments?post=26015"}],"wp:featuredmedia":[{"embeddable":true,"href":"https:\/\/denizmtl.com\/mobilapp\/wp-json\/wp\/v2\/media\/26037"}],"wp:attachment":[{"href":"https:\/\/denizmtl.com\/mobilapp\/wp-json\/wp\/v2\/media?parent=26015"}],"wp:term":[{"taxonomy":"product_brand","embeddable":true,"href":"https:\/\/denizmtl.com\/mobilapp\/wp-json\/wp\/v2\/product_brand?post=26015"},{"taxonomy":"product_cat","embeddable":true,"href":"https:\/\/denizmtl.com\/mobilapp\/wp-json\/wp\/v2\/product_cat?post=26015"},{"taxonomy":"product_tag","embeddable":true,"href":"https:\/\/denizmtl.com\/mobilapp\/wp-json\/wp\/v2\/product_tag?post=26015"}],"curies":[{"name":"wp","href":"https:\/\/api.w.org\/{rel}","templated":true}]}}