{"id":25976,"date":"2025-08-14T11:17:32","date_gmt":"2025-08-14T08:17:32","guid":{"rendered":"https:\/\/denizmtl.com\/mobilapp\/?post_type=product&#038;p=25976"},"modified":"2025-08-14T11:17:39","modified_gmt":"2025-08-14T08:17:39","slug":"insize-3631-sabit-milli-mikrometre","status":"publish","type":"product","link":"https:\/\/denizmtl.com\/mobilapp\/urunler\/insize-3631-sabit-milli-mikrometre\/","title":{"rendered":"Insize 3631 Sabit Milli Mikrometre"},"content":{"rendered":"<p><img loading=\"lazy\" decoding=\"async\" class=\"alignnone wp-image-9589 size-full\" src=\"https:\/\/denizmtl.com\/wp-content\/uploads\/2019\/02\/3631-SABIT-MILLI-DIJITAL-MIKROMETRE2.png\" alt=\"\" width=\"691\" height=\"306\" srcset=\"https:\/\/denizmtl.com\/mobilapp\/wp-content\/uploads\/2019\/02\/3631-SABIT-MILLI-DIJITAL-MIKROMETRE2.png 691w, https:\/\/denizmtl.com\/mobilapp\/wp-content\/uploads\/2019\/02\/3631-SABIT-MILLI-DIJITAL-MIKROMETRE2-300x133.png 300w, https:\/\/denizmtl.com\/mobilapp\/wp-content\/uploads\/2019\/02\/3631-SABIT-MILLI-DIJITAL-MIKROMETRE2-510x226.png 510w\" sizes=\"auto, (max-width: 691px) 100vw, 691px\" \/><\/p>\n","protected":false},"excerpt":{"rendered":"<ul>\n<li>\u00c7\u00f6z\u00fcn\u00fcrl\u00fck:0,01mm\/0,0005&#8243;<\/li>\n<li>\u00d6l\u00e7me kuvveti:5-10N<\/li>\n<li>Sabit mil,silindirler i\u00e7in uygundur.<\/li>\n<li>H\u0131zl\u0131 \u00f6l\u00e7\u00fcm,<\/li>\n<li>C\u0131rc\u0131rl\u0131<\/li>\n<li>Bilgi \u00e7\u0131k\u0131\u015f\u0131<\/li>\n<li>S\u0131f\u0131rlama mastarlar\u0131 ile tedarik edilir.<\/li>\n<li><a href=\"https:\/\/denizmtl.com\/wp-content\/uploads\/2021\/12\/3631-SABIT-MILLI-DIJITAL-MIKROMETRE.pdf\"><strong>Pdf i\u00e7in t\u0131klay\u0131n\u0131z.<\/strong><\/a><\/li>\n<\/ul>\n","protected":false},"author":1,"featured_media":26002,"comment_status":"open","ping_status":"closed","template":"","meta":[],"product_brand":[],"product_cat":[18,27],"product_tag":[],"class_list":{"0":"post-25976","1":"product","2":"type-product","3":"status-publish","4":"has-post-thumbnail","6":"product_cat-insize","7":"product_cat-mikrometreler","9":"first","10":"instock","11":"shipping-taxable","12":"product-type-variable"},"_links":{"self":[{"href":"https:\/\/denizmtl.com\/mobilapp\/wp-json\/wp\/v2\/product\/25976","targetHints":{"allow":["GET"]}}],"collection":[{"href":"https:\/\/denizmtl.com\/mobilapp\/wp-json\/wp\/v2\/product"}],"about":[{"href":"https:\/\/denizmtl.com\/mobilapp\/wp-json\/wp\/v2\/types\/product"}],"author":[{"embeddable":true,"href":"https:\/\/denizmtl.com\/mobilapp\/wp-json\/wp\/v2\/users\/1"}],"replies":[{"embeddable":true,"href":"https:\/\/denizmtl.com\/mobilapp\/wp-json\/wp\/v2\/comments?post=25976"}],"wp:featuredmedia":[{"embeddable":true,"href":"https:\/\/denizmtl.com\/mobilapp\/wp-json\/wp\/v2\/media\/26002"}],"wp:attachment":[{"href":"https:\/\/denizmtl.com\/mobilapp\/wp-json\/wp\/v2\/media?parent=25976"}],"wp:term":[{"taxonomy":"product_brand","embeddable":true,"href":"https:\/\/denizmtl.com\/mobilapp\/wp-json\/wp\/v2\/product_brand?post=25976"},{"taxonomy":"product_cat","embeddable":true,"href":"https:\/\/denizmtl.com\/mobilapp\/wp-json\/wp\/v2\/product_cat?post=25976"},{"taxonomy":"product_tag","embeddable":true,"href":"https:\/\/denizmtl.com\/mobilapp\/wp-json\/wp\/v2\/product_tag?post=25976"}],"curies":[{"name":"wp","href":"https:\/\/api.w.org\/{rel}","templated":true}]}}