{"id":25951,"date":"2025-08-14T11:17:23","date_gmt":"2025-08-14T08:17:23","guid":{"rendered":"https:\/\/denizmtl.com\/mobilapp\/?post_type=product&#038;p=25951"},"modified":"2025-08-14T11:17:30","modified_gmt":"2025-08-14T08:17:30","slug":"insize-3588-dijital-fren-disk-mikrometresi","status":"publish","type":"product","link":"https:\/\/denizmtl.com\/mobilapp\/urunler\/insize-3588-dijital-fren-disk-mikrometresi\/","title":{"rendered":"Insize 3588 Dijital Fren Disk Mikrometresi"},"content":{"rendered":"<p><img loading=\"lazy\" decoding=\"async\" class=\"alignnone wp-image-9605 size-full\" src=\"https:\/\/denizmtl.com\/wp-content\/uploads\/2019\/02\/3588-DIJITAL-FREN-DISK-MIKROMETRESI2.png\" alt=\"\" width=\"679\" height=\"261\" srcset=\"https:\/\/denizmtl.com\/mobilapp\/wp-content\/uploads\/2019\/02\/3588-DIJITAL-FREN-DISK-MIKROMETRESI2.png 679w, https:\/\/denizmtl.com\/mobilapp\/wp-content\/uploads\/2019\/02\/3588-DIJITAL-FREN-DISK-MIKROMETRESI2-300x115.png 300w, https:\/\/denizmtl.com\/mobilapp\/wp-content\/uploads\/2019\/02\/3588-DIJITAL-FREN-DISK-MIKROMETRESI2-510x196.png 510w\" sizes=\"auto, (max-width: 679px) 100vw, 679px\" \/><\/p>\n","protected":false},"excerpt":{"rendered":"<ul>\n<li>Fren diski kal\u0131nl\u0131\u011f\u0131 \u00f6l\u00e7\u00fcl\u00fcr.<\/li>\n<li>Hassasiyet:0,001mm\/0,0005&#8243;<\/li>\n<li>IP65 suya\/toza kar\u015f\u0131 korumal\u0131<\/li>\n<li>Tu\u015flar:a\u00e7\/kapa,ayar,mm\/inch,ABS\/INC,<\/li>\n<li>Bilgi \u00e7\u0131k\u0131\u015f<\/li>\n<li>LR44 pil,otomatik kapanma<\/li>\n<li>C\u0131rc\u0131rl\u0131<\/li>\n<li>Karb\u00fcr \u00f6l\u00e7\u00fcm a\u011f\u0131zlar\u0131<\/li>\n<li>S\u0131f\u0131rlama mastarlar\u0131 dahildir.<\/li>\n<li><a href=\"https:\/\/denizmtl.com\/wp-content\/uploads\/2021\/12\/3588-DIJITAL-FREN-DISK-MIKROMETRESI.pdf\"><strong>Pdf i\u00e7in t\u0131klay\u0131n\u0131z.<\/strong><\/a><\/li>\n<\/ul>\n","protected":false},"author":1,"featured_media":25968,"comment_status":"open","ping_status":"closed","template":"","meta":[],"product_brand":[],"product_cat":[18,27],"product_tag":[],"class_list":{"0":"post-25951","1":"product","2":"type-product","3":"status-publish","4":"has-post-thumbnail","6":"product_cat-insize","7":"product_cat-mikrometreler","9":"first","10":"instock","11":"shipping-taxable","12":"product-type-variable"},"_links":{"self":[{"href":"https:\/\/denizmtl.com\/mobilapp\/wp-json\/wp\/v2\/product\/25951","targetHints":{"allow":["GET"]}}],"collection":[{"href":"https:\/\/denizmtl.com\/mobilapp\/wp-json\/wp\/v2\/product"}],"about":[{"href":"https:\/\/denizmtl.com\/mobilapp\/wp-json\/wp\/v2\/types\/product"}],"author":[{"embeddable":true,"href":"https:\/\/denizmtl.com\/mobilapp\/wp-json\/wp\/v2\/users\/1"}],"replies":[{"embeddable":true,"href":"https:\/\/denizmtl.com\/mobilapp\/wp-json\/wp\/v2\/comments?post=25951"}],"wp:featuredmedia":[{"embeddable":true,"href":"https:\/\/denizmtl.com\/mobilapp\/wp-json\/wp\/v2\/media\/25968"}],"wp:attachment":[{"href":"https:\/\/denizmtl.com\/mobilapp\/wp-json\/wp\/v2\/media?parent=25951"}],"wp:term":[{"taxonomy":"product_brand","embeddable":true,"href":"https:\/\/denizmtl.com\/mobilapp\/wp-json\/wp\/v2\/product_brand?post=25951"},{"taxonomy":"product_cat","embeddable":true,"href":"https:\/\/denizmtl.com\/mobilapp\/wp-json\/wp\/v2\/product_cat?post=25951"},{"taxonomy":"product_tag","embeddable":true,"href":"https:\/\/denizmtl.com\/mobilapp\/wp-json\/wp\/v2\/product_tag?post=25951"}],"curies":[{"name":"wp","href":"https:\/\/api.w.org\/{rel}","templated":true}]}}