{"id":25946,"date":"2025-08-14T11:17:23","date_gmt":"2025-08-14T08:17:23","guid":{"rendered":"https:\/\/denizmtl.com\/mobilapp\/?post_type=product&#038;p=25946"},"modified":"2025-08-14T11:17:30","modified_gmt":"2025-08-14T08:17:30","slug":"insize-3581-vida-mikrometresi","status":"publish","type":"product","link":"https:\/\/denizmtl.com\/mobilapp\/urunler\/insize-3581-vida-mikrometresi\/","title":{"rendered":"Insize 3581 Vida Mikrometresi"},"content":{"rendered":"<p><img loading=\"lazy\" decoding=\"async\" class=\"alignnone wp-image-9609 size-full\" src=\"https:\/\/denizmtl.com\/wp-content\/uploads\/2019\/02\/3581-VIDA-MIKROMETRESI2.png\" alt=\"\" width=\"688\" height=\"315\" srcset=\"https:\/\/denizmtl.com\/mobilapp\/wp-content\/uploads\/2019\/02\/3581-VIDA-MIKROMETRESI2.png 688w, https:\/\/denizmtl.com\/mobilapp\/wp-content\/uploads\/2019\/02\/3581-VIDA-MIKROMETRESI2-300x137.png 300w, https:\/\/denizmtl.com\/mobilapp\/wp-content\/uploads\/2019\/02\/3581-VIDA-MIKROMETRESI2-510x234.png 510w\" sizes=\"auto, (max-width: 688px) 100vw, 688px\" \/><\/p>\n","protected":false},"excerpt":{"rendered":"<ul>\n<li>Vida di\u015fi ad\u0131m\u0131 \u00f6l\u00e7\u00fcl\u00fcr.<\/li>\n<li>\u00c7\u00f6z\u00fcn\u00fcrl\u00fck:0,001mm\/0,0005&#8243;<\/li>\n<li>Tu\u015flar\u00c7a\u00e7\/kapa,ayar,mm\/inch,ABS\/INC<\/li>\n<li>Bilgi \u00e7\u0131k\u0131\u015f<\/li>\n<li>LR44 pil,otomatik kapanma,<\/li>\n<li>D\u00f6nmeyen mil<\/li>\n<li>C\u0131rc\u0131rl\u0131<\/li>\n<li>S\u0131f\u0131rlama mastarlar\u0131 ile tedarik edilir.<\/li>\n<li><a href=\"https:\/\/denizmtl.com\/wp-content\/uploads\/2021\/12\/3581-DIJITAL-VIDA-MIKROMETRESI.pdf\"><strong>Pdf i\u00e7in t\u0131klay\u0131n\u0131z.<\/strong><\/a><\/li>\n<\/ul>\n","protected":false},"author":1,"featured_media":25967,"comment_status":"open","ping_status":"closed","template":"","meta":[],"product_brand":[],"product_cat":[18,27],"product_tag":[],"class_list":{"0":"post-25946","1":"product","2":"type-product","3":"status-publish","4":"has-post-thumbnail","6":"product_cat-insize","7":"product_cat-mikrometreler","9":"first","10":"instock","11":"shipping-taxable","12":"product-type-variable"},"_links":{"self":[{"href":"https:\/\/denizmtl.com\/mobilapp\/wp-json\/wp\/v2\/product\/25946","targetHints":{"allow":["GET"]}}],"collection":[{"href":"https:\/\/denizmtl.com\/mobilapp\/wp-json\/wp\/v2\/product"}],"about":[{"href":"https:\/\/denizmtl.com\/mobilapp\/wp-json\/wp\/v2\/types\/product"}],"author":[{"embeddable":true,"href":"https:\/\/denizmtl.com\/mobilapp\/wp-json\/wp\/v2\/users\/1"}],"replies":[{"embeddable":true,"href":"https:\/\/denizmtl.com\/mobilapp\/wp-json\/wp\/v2\/comments?post=25946"}],"wp:featuredmedia":[{"embeddable":true,"href":"https:\/\/denizmtl.com\/mobilapp\/wp-json\/wp\/v2\/media\/25967"}],"wp:attachment":[{"href":"https:\/\/denizmtl.com\/mobilapp\/wp-json\/wp\/v2\/media?parent=25946"}],"wp:term":[{"taxonomy":"product_brand","embeddable":true,"href":"https:\/\/denizmtl.com\/mobilapp\/wp-json\/wp\/v2\/product_brand?post=25946"},{"taxonomy":"product_cat","embeddable":true,"href":"https:\/\/denizmtl.com\/mobilapp\/wp-json\/wp\/v2\/product_cat?post=25946"},{"taxonomy":"product_tag","embeddable":true,"href":"https:\/\/denizmtl.com\/mobilapp\/wp-json\/wp\/v2\/product_tag?post=25946"}],"curies":[{"name":"wp","href":"https:\/\/api.w.org\/{rel}","templated":true}]}}