{"id":25921,"date":"2025-08-14T11:17:14","date_gmt":"2025-08-14T08:17:14","guid":{"rendered":"https:\/\/denizmtl.com\/mobilapp\/?post_type=product&#038;p=25921"},"modified":"2025-08-14T11:17:20","modified_gmt":"2025-08-14T08:17:20","slug":"insize-3540-dijital-derinlik-mikrometresi","status":"publish","type":"product","link":"https:\/\/denizmtl.com\/mobilapp\/urunler\/insize-3540-dijital-derinlik-mikrometresi\/","title":{"rendered":"Insize 3540 Dijital Derinlik Mikrometresi"},"content":{"rendered":"<p><img loading=\"lazy\" decoding=\"async\" class=\"alignnone wp-image-9631 size-full\" src=\"https:\/\/denizmtl.com\/wp-content\/uploads\/2019\/02\/DERINLIK-MIKROMETRESI-1.png\" alt=\"\" width=\"681\" height=\"309\" srcset=\"https:\/\/denizmtl.com\/mobilapp\/wp-content\/uploads\/2019\/02\/DERINLIK-MIKROMETRESI-1.png 681w, https:\/\/denizmtl.com\/mobilapp\/wp-content\/uploads\/2019\/02\/DERINLIK-MIKROMETRESI-1-300x136.png 300w, https:\/\/denizmtl.com\/mobilapp\/wp-content\/uploads\/2019\/02\/DERINLIK-MIKROMETRESI-1-510x231.png 510w\" sizes=\"auto, (max-width: 681px) 100vw, 681px\" \/><\/p>\n","protected":false},"excerpt":{"rendered":"<ul>\n<li>Hassasiyet:0,001mm\/0,0005&#8243;<\/li>\n<li>Mikrometre kafas\u0131 do\u011fruluk:\u00b13<\/li>\n<li>Tu\u015flar:a\u00e7\/kapa,ayar,mm\/inch,ABS\/INC,bilgi \u00e7\u0131k\u0131\u015f<\/li>\n<li>IP54 toza\/suya kar\u015f\u0131 koruma<\/li>\n<li>Bilgi \u00e7\u0131k\u0131\u015f\u0131<\/li>\n<li>LR44 pil,otomatik kapanma<\/li>\n<li>D\u00fcz u\u00e7lu mil<\/li>\n<li>C\u0131rc\u0131rl\u0131<\/li>\n<li><a href=\"https:\/\/denizmtl.com\/wp-content\/uploads\/2021\/12\/3540-DIJITAL-DERINLIK-MIKROMETRESI.pdf\"><strong>Pdf i\u00e7in t\u0131klay\u0131n\u0131z.<\/strong><\/a><\/li>\n<\/ul>\n","protected":false},"author":1,"featured_media":25932,"comment_status":"open","ping_status":"closed","template":"","meta":[],"product_brand":[],"product_cat":[18,27],"product_tag":[],"class_list":{"0":"post-25921","1":"product","2":"type-product","3":"status-publish","4":"has-post-thumbnail","6":"product_cat-insize","7":"product_cat-mikrometreler","9":"first","10":"instock","11":"shipping-taxable","12":"product-type-variable"},"_links":{"self":[{"href":"https:\/\/denizmtl.com\/mobilapp\/wp-json\/wp\/v2\/product\/25921","targetHints":{"allow":["GET"]}}],"collection":[{"href":"https:\/\/denizmtl.com\/mobilapp\/wp-json\/wp\/v2\/product"}],"about":[{"href":"https:\/\/denizmtl.com\/mobilapp\/wp-json\/wp\/v2\/types\/product"}],"author":[{"embeddable":true,"href":"https:\/\/denizmtl.com\/mobilapp\/wp-json\/wp\/v2\/users\/1"}],"replies":[{"embeddable":true,"href":"https:\/\/denizmtl.com\/mobilapp\/wp-json\/wp\/v2\/comments?post=25921"}],"wp:featuredmedia":[{"embeddable":true,"href":"https:\/\/denizmtl.com\/mobilapp\/wp-json\/wp\/v2\/media\/25932"}],"wp:attachment":[{"href":"https:\/\/denizmtl.com\/mobilapp\/wp-json\/wp\/v2\/media?parent=25921"}],"wp:term":[{"taxonomy":"product_brand","embeddable":true,"href":"https:\/\/denizmtl.com\/mobilapp\/wp-json\/wp\/v2\/product_brand?post=25921"},{"taxonomy":"product_cat","embeddable":true,"href":"https:\/\/denizmtl.com\/mobilapp\/wp-json\/wp\/v2\/product_cat?post=25921"},{"taxonomy":"product_tag","embeddable":true,"href":"https:\/\/denizmtl.com\/mobilapp\/wp-json\/wp\/v2\/product_tag?post=25921"}],"curies":[{"name":"wp","href":"https:\/\/api.w.org\/{rel}","templated":true}]}}