{"id":25907,"date":"2025-08-14T11:17:12","date_gmt":"2025-08-14T08:17:12","guid":{"rendered":"https:\/\/denizmtl.com\/mobilapp\/?post_type=product&#038;p=25907"},"modified":"2025-08-14T11:17:19","modified_gmt":"2025-08-14T08:17:19","slug":"insize-3533-dijital-oluk-mikrometresi","status":"publish","type":"product","link":"https:\/\/denizmtl.com\/mobilapp\/urunler\/insize-3533-dijital-oluk-mikrometresi\/","title":{"rendered":"Insize 3533 Dijital Oluk Mikrometresi"},"content":{"rendered":"<p><img loading=\"lazy\" decoding=\"async\" class=\"alignnone wp-image-9639 size-full\" src=\"https:\/\/denizmtl.com\/wp-content\/uploads\/2019\/02\/DIJITAL-OLUK-MIKROMETRESI.png\" alt=\"\" width=\"683\" height=\"337\" srcset=\"https:\/\/denizmtl.com\/mobilapp\/wp-content\/uploads\/2019\/02\/DIJITAL-OLUK-MIKROMETRESI.png 683w, https:\/\/denizmtl.com\/mobilapp\/wp-content\/uploads\/2019\/02\/DIJITAL-OLUK-MIKROMETRESI-300x148.png 300w, https:\/\/denizmtl.com\/mobilapp\/wp-content\/uploads\/2019\/02\/DIJITAL-OLUK-MIKROMETRESI-510x252.png 510w\" sizes=\"auto, (max-width: 683px) 100vw, 683px\" \/><\/p>\n","protected":false},"excerpt":{"rendered":"<ul>\n<li>Olukl\u0131,\u015faft yar\u0131k ve anahtar yata\u011f\u0131 \u00f6l\u00e7\u00fcmleri i\u00e7indir<\/li>\n<li>Hassasiyet:0,01mm\/0,0005&#8243;<\/li>\n<li>IP65 toza\/suya kar\u015f\u0131 korumal\u0131<\/li>\n<li>Tu\u015flar:a\u00e7\/kapa,ayar,mm\/inch,ABS\/INC<\/li>\n<li>Bilgi \u00e7\u0131k\u0131\u015f<\/li>\n<li>LR44 pil,otomatik kapanma,<\/li>\n<li>C\u0131rc\u0131rl\u0131<\/li>\n<li>Karb\u00fcr \u00f6l\u00e7\u00fcm y\u00fczeyleri<\/li>\n<li>S\u0131f\u0131rlama mastarlar\u0131 ile tedarik edilir.(0-25mm hari\u00e7)<\/li>\n<li><a href=\"https:\/\/denizmtl.com\/wp-content\/uploads\/2021\/12\/3533-DIJITAL-OLUK-MIKROMETRESI.pdf\"><strong>Pdf i\u00e7in t\u0131klay\u0131n\u0131z.<\/strong><\/a><\/li>\n<\/ul>\n","protected":false},"author":1,"featured_media":25930,"comment_status":"open","ping_status":"closed","template":"","meta":[],"product_brand":[],"product_cat":[18,27],"product_tag":[],"class_list":{"0":"post-25907","1":"product","2":"type-product","3":"status-publish","4":"has-post-thumbnail","6":"product_cat-insize","7":"product_cat-mikrometreler","9":"first","10":"instock","11":"shipping-taxable","12":"product-type-variable"},"_links":{"self":[{"href":"https:\/\/denizmtl.com\/mobilapp\/wp-json\/wp\/v2\/product\/25907","targetHints":{"allow":["GET"]}}],"collection":[{"href":"https:\/\/denizmtl.com\/mobilapp\/wp-json\/wp\/v2\/product"}],"about":[{"href":"https:\/\/denizmtl.com\/mobilapp\/wp-json\/wp\/v2\/types\/product"}],"author":[{"embeddable":true,"href":"https:\/\/denizmtl.com\/mobilapp\/wp-json\/wp\/v2\/users\/1"}],"replies":[{"embeddable":true,"href":"https:\/\/denizmtl.com\/mobilapp\/wp-json\/wp\/v2\/comments?post=25907"}],"wp:featuredmedia":[{"embeddable":true,"href":"https:\/\/denizmtl.com\/mobilapp\/wp-json\/wp\/v2\/media\/25930"}],"wp:attachment":[{"href":"https:\/\/denizmtl.com\/mobilapp\/wp-json\/wp\/v2\/media?parent=25907"}],"wp:term":[{"taxonomy":"product_brand","embeddable":true,"href":"https:\/\/denizmtl.com\/mobilapp\/wp-json\/wp\/v2\/product_brand?post=25907"},{"taxonomy":"product_cat","embeddable":true,"href":"https:\/\/denizmtl.com\/mobilapp\/wp-json\/wp\/v2\/product_cat?post=25907"},{"taxonomy":"product_tag","embeddable":true,"href":"https:\/\/denizmtl.com\/mobilapp\/wp-json\/wp\/v2\/product_tag?post=25907"}],"curies":[{"name":"wp","href":"https:\/\/api.w.org\/{rel}","templated":true}]}}