{"id":25875,"date":"2025-08-14T11:17:04","date_gmt":"2025-08-14T08:17:04","guid":{"rendered":"https:\/\/denizmtl.com\/mobilapp\/?post_type=product&#038;p=25875"},"modified":"2025-08-14T11:17:10","modified_gmt":"2025-08-14T08:17:10","slug":"insize-3506-degistirilebilir-uclu-dijital-dis-cap-mikrometre","status":"publish","type":"product","link":"https:\/\/denizmtl.com\/mobilapp\/urunler\/insize-3506-degistirilebilir-uclu-dijital-dis-cap-mikrometre\/","title":{"rendered":"Insize 3506 De\u011fi\u015ftirilebilir U\u00e7lu Dijital D\u0131\u015f \u00c7ap Mikrometre"},"content":{"rendered":"<p><img loading=\"lazy\" decoding=\"async\" class=\"alignnone wp-image-9651 size-full\" src=\"https:\/\/denizmtl.com\/wp-content\/uploads\/2019\/02\/DEGISTIRILEBILIR-UCLU-DIJITAL-DIS-CAP-MIKROMETRE.png\" alt=\"\" width=\"707\" height=\"459\" srcset=\"https:\/\/denizmtl.com\/mobilapp\/wp-content\/uploads\/2019\/02\/DEGISTIRILEBILIR-UCLU-DIJITAL-DIS-CAP-MIKROMETRE.png 707w, https:\/\/denizmtl.com\/mobilapp\/wp-content\/uploads\/2019\/02\/DEGISTIRILEBILIR-UCLU-DIJITAL-DIS-CAP-MIKROMETRE-300x195.png 300w, https:\/\/denizmtl.com\/mobilapp\/wp-content\/uploads\/2019\/02\/DEGISTIRILEBILIR-UCLU-DIJITAL-DIS-CAP-MIKROMETRE-510x331.png 510w\" sizes=\"auto, (max-width: 707px) 100vw, 707px\" \/><\/p>\n","protected":false},"excerpt":{"rendered":"<ul>\n<li>IP65 suya ve toza kar\u015f\u0131 korumal\u0131,<\/li>\n<li>Tu\u015flar:on\/off,ayar,mm\/in\u00e7,ABS\/INC,Bilgi \u00e7\u0131k\u0131\u015f\u0131<\/li>\n<li>LR44 pil,otomatik kapanma,<\/li>\n<li>C\u0131rc\u0131rl\u0131<\/li>\n<li>Karb\u00fcr \u00f6l\u00e7\u00fcm u\u00e7lar\u0131<\/li>\n<li>S\u0131f\u0131rlama mastar\u0131 ile tedarik edilir<\/li>\n<li><a href=\"https:\/\/denizmtl.com\/wp-content\/uploads\/2021\/12\/3506-DEGISTIRILEBILIR-UCLU-DIJITAL-DIS-CAP-MIKROMETRE.pdf\"><strong>Pdf i\u00e7in t\u0131klay\u0131n\u0131z.<\/strong><\/a><\/li>\n<\/ul>\n","protected":false},"author":1,"featured_media":25897,"comment_status":"open","ping_status":"closed","template":"","meta":[],"product_brand":[],"product_cat":[18,27],"product_tag":[],"class_list":{"0":"post-25875","1":"product","2":"type-product","3":"status-publish","4":"has-post-thumbnail","6":"product_cat-insize","7":"product_cat-mikrometreler","9":"first","10":"instock","11":"shipping-taxable","12":"product-type-variable"},"_links":{"self":[{"href":"https:\/\/denizmtl.com\/mobilapp\/wp-json\/wp\/v2\/product\/25875","targetHints":{"allow":["GET"]}}],"collection":[{"href":"https:\/\/denizmtl.com\/mobilapp\/wp-json\/wp\/v2\/product"}],"about":[{"href":"https:\/\/denizmtl.com\/mobilapp\/wp-json\/wp\/v2\/types\/product"}],"author":[{"embeddable":true,"href":"https:\/\/denizmtl.com\/mobilapp\/wp-json\/wp\/v2\/users\/1"}],"replies":[{"embeddable":true,"href":"https:\/\/denizmtl.com\/mobilapp\/wp-json\/wp\/v2\/comments?post=25875"}],"wp:featuredmedia":[{"embeddable":true,"href":"https:\/\/denizmtl.com\/mobilapp\/wp-json\/wp\/v2\/media\/25897"}],"wp:attachment":[{"href":"https:\/\/denizmtl.com\/mobilapp\/wp-json\/wp\/v2\/media?parent=25875"}],"wp:term":[{"taxonomy":"product_brand","embeddable":true,"href":"https:\/\/denizmtl.com\/mobilapp\/wp-json\/wp\/v2\/product_brand?post=25875"},{"taxonomy":"product_cat","embeddable":true,"href":"https:\/\/denizmtl.com\/mobilapp\/wp-json\/wp\/v2\/product_cat?post=25875"},{"taxonomy":"product_tag","embeddable":true,"href":"https:\/\/denizmtl.com\/mobilapp\/wp-json\/wp\/v2\/product_tag?post=25875"}],"curies":[{"name":"wp","href":"https:\/\/api.w.org\/{rel}","templated":true}]}}