{"id":25867,"date":"2025-08-14T11:17:03","date_gmt":"2025-08-14T08:17:03","guid":{"rendered":"https:\/\/denizmtl.com\/mobilapp\/?post_type=product&#038;p=25867"},"modified":"2025-08-14T11:17:10","modified_gmt":"2025-08-14T08:17:10","slug":"insize-3336-saatli-pasometre","status":"publish","type":"product","link":"https:\/\/denizmtl.com\/mobilapp\/urunler\/insize-3336-saatli-pasometre\/","title":{"rendered":"Insize 3336 Saatli Pasometre"},"content":{"rendered":"<p><img loading=\"lazy\" decoding=\"async\" class=\"alignnone wp-image-9659 size-full\" src=\"https:\/\/denizmtl.com\/wp-content\/uploads\/2019\/02\/SAATLI-PASOMETRE-1.png\" alt=\"\" width=\"663\" height=\"230\" srcset=\"https:\/\/denizmtl.com\/mobilapp\/wp-content\/uploads\/2019\/02\/SAATLI-PASOMETRE-1.png 663w, https:\/\/denizmtl.com\/mobilapp\/wp-content\/uploads\/2019\/02\/SAATLI-PASOMETRE-1-300x104.png 300w, https:\/\/denizmtl.com\/mobilapp\/wp-content\/uploads\/2019\/02\/SAATLI-PASOMETRE-1-510x177.png 510w\" sizes=\"auto, (max-width: 663px) 100vw, 663px\" \/><\/p>\n","protected":false},"excerpt":{"rendered":"<ul>\n<li>Toplu \u00fcretim i\u00e7in ge\u00e7er ve ge\u00e7mez mastarlar\u0131<\/li>\n<li>Karb\u00fcr \u00f6l\u00e7\u00fcm a\u011f\u0131zl\u0131<\/li>\n<li>Ayarlanabilir y\u00fckseklik platformu<\/li>\n<li>Opsiyonel aksesuarlar:komparat\u00f6r saati(2881-01)<\/li>\n<li><a href=\"https:\/\/denizmtl.com\/wp-content\/uploads\/2021\/12\/3336-SAATLI-PASOMETRE.pdf\"><strong>Pdf i\u00e7in t\u0131klay\u0131n\u0131z.<\/strong><\/a><\/li>\n<\/ul>\n","protected":false},"author":1,"featured_media":25895,"comment_status":"open","ping_status":"closed","template":"","meta":[],"product_brand":[],"product_cat":[18,29],"product_tag":[],"class_list":{"0":"post-25867","1":"product","2":"type-product","3":"status-publish","4":"has-post-thumbnail","6":"product_cat-insize","7":"product_cat-pasometreler","9":"first","10":"instock","11":"shipping-taxable","12":"product-type-variable"},"_links":{"self":[{"href":"https:\/\/denizmtl.com\/mobilapp\/wp-json\/wp\/v2\/product\/25867","targetHints":{"allow":["GET"]}}],"collection":[{"href":"https:\/\/denizmtl.com\/mobilapp\/wp-json\/wp\/v2\/product"}],"about":[{"href":"https:\/\/denizmtl.com\/mobilapp\/wp-json\/wp\/v2\/types\/product"}],"author":[{"embeddable":true,"href":"https:\/\/denizmtl.com\/mobilapp\/wp-json\/wp\/v2\/users\/1"}],"replies":[{"embeddable":true,"href":"https:\/\/denizmtl.com\/mobilapp\/wp-json\/wp\/v2\/comments?post=25867"}],"wp:featuredmedia":[{"embeddable":true,"href":"https:\/\/denizmtl.com\/mobilapp\/wp-json\/wp\/v2\/media\/25895"}],"wp:attachment":[{"href":"https:\/\/denizmtl.com\/mobilapp\/wp-json\/wp\/v2\/media?parent=25867"}],"wp:term":[{"taxonomy":"product_brand","embeddable":true,"href":"https:\/\/denizmtl.com\/mobilapp\/wp-json\/wp\/v2\/product_brand?post=25867"},{"taxonomy":"product_cat","embeddable":true,"href":"https:\/\/denizmtl.com\/mobilapp\/wp-json\/wp\/v2\/product_cat?post=25867"},{"taxonomy":"product_tag","embeddable":true,"href":"https:\/\/denizmtl.com\/mobilapp\/wp-json\/wp\/v2\/product_tag?post=25867"}],"curies":[{"name":"wp","href":"https:\/\/api.w.org\/{rel}","templated":true}]}}