{"id":25855,"date":"2025-08-14T11:16:55","date_gmt":"2025-08-14T08:16:55","guid":{"rendered":"https:\/\/denizmtl.com\/mobilapp\/?post_type=product&#038;p=25855"},"modified":"2025-08-14T11:17:10","modified_gmt":"2025-08-14T08:17:10","slug":"insize-3335-saatli-pasometre","status":"publish","type":"product","link":"https:\/\/denizmtl.com\/mobilapp\/urunler\/insize-3335-saatli-pasometre\/","title":{"rendered":"Insize 3335 Saatli Pasometre"},"content":{"rendered":"<p><img loading=\"lazy\" decoding=\"async\" class=\"alignnone wp-image-9664 size-full\" src=\"https:\/\/denizmtl.com\/wp-content\/uploads\/2019\/02\/3335-SAATLI-PASOMETRE2.png\" alt=\"\" width=\"696\" height=\"290\" srcset=\"https:\/\/denizmtl.com\/mobilapp\/wp-content\/uploads\/2019\/02\/3335-SAATLI-PASOMETRE2.png 696w, https:\/\/denizmtl.com\/mobilapp\/wp-content\/uploads\/2019\/02\/3335-SAATLI-PASOMETRE2-300x125.png 300w, https:\/\/denizmtl.com\/mobilapp\/wp-content\/uploads\/2019\/02\/3335-SAATLI-PASOMETRE2-510x213.png 510w\" sizes=\"auto, (max-width: 696px) 100vw, 696px\" \/><\/p>\n","protected":false},"excerpt":{"rendered":"<ul>\n<li>Toplu \u00fcretim i\u00e7in ge\u00e7er ge\u00e7mez mastarlar\u0131<\/li>\n<li>Mil geri \u00e7ekme hareket mesafesi:2,5mm<\/li>\n<li>Komparat\u00f6r saati \u00f6l\u00e7\u00fcm aral\u0131\u011f\u0131:\u00b10,07mm, hassasiyet :1 ,do\u011fruluk:\u00b11<\/li>\n<li>T\u00fcm aral\u0131k \u00f6l\u00e7\u00fcm \u00fczerindeki sabit \u00f6l\u00e7\u00fcm kuvveti:8,5N<\/li>\n<li>Karb\u00fcr \u00f6l\u00e7\u00fcm a\u011f\u0131zl\u0131<\/li>\n<li>IP54 suya\/toza dayan\u0131kl\u0131<\/li>\n<li>Komparat\u00f6r saati s\u0131f\u0131rlama,ayarlanabilir ve kilitlenebilir<\/li>\n<li>Platform y\u00fcksekli\u011fi ayarlanabilir.<\/li>\n<li><a href=\"https:\/\/denizmtl.com\/wp-content\/uploads\/2021\/12\/3335-SAATLI-PASOMETRE.pdf\"><strong>Pdf i\u00e7in t\u0131klay\u0131n\u0131z.<\/strong><\/a><\/li>\n<\/ul>\n","protected":false},"author":1,"featured_media":25864,"comment_status":"open","ping_status":"closed","template":"","meta":[],"product_brand":[],"product_cat":[18,29],"product_tag":[],"class_list":{"0":"post-25855","1":"product","2":"type-product","3":"status-publish","4":"has-post-thumbnail","6":"product_cat-insize","7":"product_cat-pasometreler","9":"first","10":"instock","11":"shipping-taxable","12":"product-type-variable"},"_links":{"self":[{"href":"https:\/\/denizmtl.com\/mobilapp\/wp-json\/wp\/v2\/product\/25855","targetHints":{"allow":["GET"]}}],"collection":[{"href":"https:\/\/denizmtl.com\/mobilapp\/wp-json\/wp\/v2\/product"}],"about":[{"href":"https:\/\/denizmtl.com\/mobilapp\/wp-json\/wp\/v2\/types\/product"}],"author":[{"embeddable":true,"href":"https:\/\/denizmtl.com\/mobilapp\/wp-json\/wp\/v2\/users\/1"}],"replies":[{"embeddable":true,"href":"https:\/\/denizmtl.com\/mobilapp\/wp-json\/wp\/v2\/comments?post=25855"}],"wp:featuredmedia":[{"embeddable":true,"href":"https:\/\/denizmtl.com\/mobilapp\/wp-json\/wp\/v2\/media\/25864"}],"wp:attachment":[{"href":"https:\/\/denizmtl.com\/mobilapp\/wp-json\/wp\/v2\/media?parent=25855"}],"wp:term":[{"taxonomy":"product_brand","embeddable":true,"href":"https:\/\/denizmtl.com\/mobilapp\/wp-json\/wp\/v2\/product_brand?post=25855"},{"taxonomy":"product_cat","embeddable":true,"href":"https:\/\/denizmtl.com\/mobilapp\/wp-json\/wp\/v2\/product_cat?post=25855"},{"taxonomy":"product_tag","embeddable":true,"href":"https:\/\/denizmtl.com\/mobilapp\/wp-json\/wp\/v2\/product_tag?post=25855"}],"curies":[{"name":"wp","href":"https:\/\/api.w.org\/{rel}","templated":true}]}}