{"id":25843,"date":"2025-08-14T11:16:53","date_gmt":"2025-08-14T08:16:53","guid":{"rendered":"https:\/\/denizmtl.com\/mobilapp\/?post_type=product&#038;p=25843"},"modified":"2025-08-14T11:17:00","modified_gmt":"2025-08-14T08:17:00","slug":"insize-3332-saatli-mikrometre","status":"publish","type":"product","link":"https:\/\/denizmtl.com\/mobilapp\/urunler\/insize-3332-saatli-mikrometre\/","title":{"rendered":"Insize 3332 Saatli Mikrometre"},"content":{"rendered":"<p><img loading=\"lazy\" decoding=\"async\" class=\"alignnone wp-image-9675 size-full\" src=\"https:\/\/denizmtl.com\/wp-content\/uploads\/2019\/02\/SAATLI-MIKROMETRE.png\" alt=\"\" width=\"681\" height=\"368\" srcset=\"https:\/\/denizmtl.com\/mobilapp\/wp-content\/uploads\/2019\/02\/SAATLI-MIKROMETRE.png 681w, https:\/\/denizmtl.com\/mobilapp\/wp-content\/uploads\/2019\/02\/SAATLI-MIKROMETRE-300x162.png 300w, https:\/\/denizmtl.com\/mobilapp\/wp-content\/uploads\/2019\/02\/SAATLI-MIKROMETRE-510x276.png 510w\" sizes=\"auto, (max-width: 681px) 100vw, 681px\" \/><\/p>\n","protected":false},"excerpt":{"rendered":"<ul>\n<li>DIN863-3 standard\u0131na uygundur.<\/li>\n<li>Mikrometre kafas\u0131 hassasiyeti:8mm<\/li>\n<li>Komparat\u00f6r saati \u00f6l\u00e7\u00fcm aral\u0131\u011f\u0131:+,-4mm, hassasiyet:0,001mm, do\u011fruluk:0,001mm<\/li>\n<li>Karb\u00fcr \u00f6l\u00fcm a\u011f\u0131zlar\u0131<\/li>\n<li>S\u0131f\u0131rlama mastarlar\u0131 dahildir.(0-25mm hari\u00e7)<\/li>\n<li><a href=\"https:\/\/denizmtl.com\/wp-content\/uploads\/2021\/12\/3332-SAATLI-MIKROMETRE.pdf\"><strong>Pdf i\u00e7in t\u0131klay\u0131n\u0131z.<\/strong><\/a><\/li>\n<\/ul>\n","protected":false},"author":1,"featured_media":25861,"comment_status":"open","ping_status":"closed","template":"","meta":[],"product_brand":[],"product_cat":[18,27],"product_tag":[],"class_list":{"0":"post-25843","1":"product","2":"type-product","3":"status-publish","4":"has-post-thumbnail","6":"product_cat-insize","7":"product_cat-mikrometreler","9":"first","10":"instock","11":"shipping-taxable","12":"product-type-variable"},"_links":{"self":[{"href":"https:\/\/denizmtl.com\/mobilapp\/wp-json\/wp\/v2\/product\/25843","targetHints":{"allow":["GET"]}}],"collection":[{"href":"https:\/\/denizmtl.com\/mobilapp\/wp-json\/wp\/v2\/product"}],"about":[{"href":"https:\/\/denizmtl.com\/mobilapp\/wp-json\/wp\/v2\/types\/product"}],"author":[{"embeddable":true,"href":"https:\/\/denizmtl.com\/mobilapp\/wp-json\/wp\/v2\/users\/1"}],"replies":[{"embeddable":true,"href":"https:\/\/denizmtl.com\/mobilapp\/wp-json\/wp\/v2\/comments?post=25843"}],"wp:featuredmedia":[{"embeddable":true,"href":"https:\/\/denizmtl.com\/mobilapp\/wp-json\/wp\/v2\/media\/25861"}],"wp:attachment":[{"href":"https:\/\/denizmtl.com\/mobilapp\/wp-json\/wp\/v2\/media?parent=25843"}],"wp:term":[{"taxonomy":"product_brand","embeddable":true,"href":"https:\/\/denizmtl.com\/mobilapp\/wp-json\/wp\/v2\/product_brand?post=25843"},{"taxonomy":"product_cat","embeddable":true,"href":"https:\/\/denizmtl.com\/mobilapp\/wp-json\/wp\/v2\/product_cat?post=25843"},{"taxonomy":"product_tag","embeddable":true,"href":"https:\/\/denizmtl.com\/mobilapp\/wp-json\/wp\/v2\/product_tag?post=25843"}],"curies":[{"name":"wp","href":"https:\/\/api.w.org\/{rel}","templated":true}]}}