{"id":25835,"date":"2025-08-14T11:16:52","date_gmt":"2025-08-14T08:16:52","guid":{"rendered":"https:\/\/denizmtl.com\/mobilapp\/?post_type=product&#038;p=25835"},"modified":"2025-08-14T11:17:00","modified_gmt":"2025-08-14T08:17:00","slug":"insize-3331-komparator-saatli-mikrometre","status":"publish","type":"product","link":"https:\/\/denizmtl.com\/mobilapp\/urunler\/insize-3331-komparator-saatli-mikrometre\/","title":{"rendered":"Insize 3331 Komparat\u00f6r Saatli Mikrometre"},"content":{"rendered":"<p><img loading=\"lazy\" decoding=\"async\" class=\"alignnone wp-image-9678 size-full\" src=\"https:\/\/denizmtl.com\/wp-content\/uploads\/2019\/02\/KOMPARATOR-SAATLI-MIKROMETRE-1.png\" alt=\"\" width=\"688\" height=\"349\" srcset=\"https:\/\/denizmtl.com\/mobilapp\/wp-content\/uploads\/2019\/02\/KOMPARATOR-SAATLI-MIKROMETRE-1.png 688w, https:\/\/denizmtl.com\/mobilapp\/wp-content\/uploads\/2019\/02\/KOMPARATOR-SAATLI-MIKROMETRE-1-300x152.png 300w, https:\/\/denizmtl.com\/mobilapp\/wp-content\/uploads\/2019\/02\/KOMPARATOR-SAATLI-MIKROMETRE-1-510x259.png 510w\" sizes=\"auto, (max-width: 688px) 100vw, 688px\" \/><\/p>\n","protected":false},"excerpt":{"rendered":"<ul>\n<li>DIN863-3 standard\u0131na uygundur.<\/li>\n<li>Mikrometre kafas\u0131 hassasiyet:0,002mm<\/li>\n<li>Mil geri \u00e7ekme hareket aral\u0131\u011f\u0131:8mm<\/li>\n<li>Karb\u00fcr \u00f6l\u00e7\u00fcm a\u011f\u0131zlar\u0131<\/li>\n<li>S\u0131f\u0131rlama mastarlar\u0131 dahildir.(0-25mm hari\u00e7)<\/li>\n<li>Opsiyonel aksesuarlar:kompaeat\u00f6r saati,dijital komparat\u00f6r saati<\/li>\n<li><a href=\"https:\/\/denizmtl.com\/wp-content\/uploads\/2021\/12\/3331-KOMPARATOR-SAATLI-MIKROMETRE.pdf\"><strong>Pdf i\u00e7in t\u0131klay\u0131n\u0131z.<\/strong><\/a><\/li>\n<\/ul>\n","protected":false},"author":1,"featured_media":25860,"comment_status":"open","ping_status":"closed","template":"","meta":[],"product_brand":[],"product_cat":[18,21],"product_tag":[],"class_list":{"0":"post-25835","1":"product","2":"type-product","3":"status-publish","4":"has-post-thumbnail","6":"product_cat-insize","7":"product_cat-komparatorler","9":"first","10":"instock","11":"shipping-taxable","12":"product-type-variable"},"_links":{"self":[{"href":"https:\/\/denizmtl.com\/mobilapp\/wp-json\/wp\/v2\/product\/25835","targetHints":{"allow":["GET"]}}],"collection":[{"href":"https:\/\/denizmtl.com\/mobilapp\/wp-json\/wp\/v2\/product"}],"about":[{"href":"https:\/\/denizmtl.com\/mobilapp\/wp-json\/wp\/v2\/types\/product"}],"author":[{"embeddable":true,"href":"https:\/\/denizmtl.com\/mobilapp\/wp-json\/wp\/v2\/users\/1"}],"replies":[{"embeddable":true,"href":"https:\/\/denizmtl.com\/mobilapp\/wp-json\/wp\/v2\/comments?post=25835"}],"wp:featuredmedia":[{"embeddable":true,"href":"https:\/\/denizmtl.com\/mobilapp\/wp-json\/wp\/v2\/media\/25860"}],"wp:attachment":[{"href":"https:\/\/denizmtl.com\/mobilapp\/wp-json\/wp\/v2\/media?parent=25835"}],"wp:term":[{"taxonomy":"product_brand","embeddable":true,"href":"https:\/\/denizmtl.com\/mobilapp\/wp-json\/wp\/v2\/product_brand?post=25835"},{"taxonomy":"product_cat","embeddable":true,"href":"https:\/\/denizmtl.com\/mobilapp\/wp-json\/wp\/v2\/product_cat?post=25835"},{"taxonomy":"product_tag","embeddable":true,"href":"https:\/\/denizmtl.com\/mobilapp\/wp-json\/wp\/v2\/product_tag?post=25835"}],"curies":[{"name":"wp","href":"https:\/\/api.w.org\/{rel}","templated":true}]}}