{"id":25645,"date":"2025-08-14T11:16:04","date_gmt":"2025-08-14T08:16:04","guid":{"rendered":"https:\/\/denizmtl.com\/mobilapp\/?post_type=product&#038;p=25645"},"modified":"2025-10-02T17:43:18","modified_gmt":"2025-10-02T14:43:18","slug":"insize-ish-spha-portatif-leeb-sertlik-olcme-cihazi","status":"publish","type":"product","link":"https:\/\/denizmtl.com\/mobilapp\/urunler\/insize-ish-spha-portatif-leeb-sertlik-olcme-cihazi\/","title":{"rendered":"Insize ISH-SPHA Portatif Leeb Sertlik \u00d6l\u00e7me Cihaz\u0131"},"content":{"rendered":"<p><strong>Insize<\/strong><strong> ISH-SPHA Portatif Leeb Sertlik \u00d6l\u00e7me Cihaz\u0131<\/strong><\/p>\n<ul>\n<li>Cihaz ile gelen genel kulan\u0131m probuna (D prob) ek olarak opsiyonel 6 farkl\u0131 prob se\u00e7ene\u011fi<\/li>\n<li>\u00d6l\u00e7\u00fcm y\u00f6n\u00fcn\u00fc ayarlamadan 8 farkl\u0131 y\u00f6nde \u00f6l\u00e7\u00fcm yapabilme<\/li>\n<li>Leeb(HLD) y\u00f6ntemi ile \u00f6l\u00e7\u00fcm yaparak\u00a0 Vikers (HV), Brinell (HB), Rockwell (HRC,HRB,HRA), Shore (HS), (SGM) parametrelerine d\u00f6n\u00fc\u015ft\u00fcr\u00fcl\u00fcr<\/li>\n<li>\u00d6l\u00e7\u00fcm sonu\u00e7lar\u0131 Leeb(HLD) ve d\u00f6n\u00fc\u015ft\u00fcr\u00fclen sertlik skalas\u0131\u00a0 olarak iki farkl\u0131 skalada g\u00f6r\u00fcnt\u00fclenebilir<\/li>\n<li>Otomatik olarak\u00a0 maksimum, minimum ve ortalama de\u011fer hesaplamaktad\u0131r<\/li>\n<li>800 adet veri kaydedebilir ve opsiyonel yaz\u0131c\u0131 ile \u00e7\u0131kt\u0131 al\u0131nabilir.<\/li>\n<\/ul>\n","protected":false},"excerpt":{"rendered":"<ul>\n<li>Leeb (HL) temelidir.Vickers\u00a0 (HV),Brinel (HB),Rockwell (HRC ve HRB),Shore (HS) ve gerilme direncine (MPa) d\u00f6n\u00fc\u015ft\u00fcr\u00fclebilir.<\/li>\n<li>USB giri\u015f ile bilgisayara ba\u011flan\u0131r.<\/li>\n<li>800 test sonucuna kadar haf\u0131za kayd\u0131 vard\u0131r.<\/li>\n<li>ASTM A 956 standard\u0131na uygundur.<\/li>\n<li>Otomatik kapanma,<\/li>\n<li>Opsiyonel probe ve sertlik bloklar\u0131 mevcuttur.<\/li>\n<li><a href=\"https:\/\/denizmtl.com\/wp-content\/uploads\/2021\/12\/ISH-SPHA-PORTATIF-LEEB-SERTLIK-OLCME-CIHAZI.pdf\"><strong>Pdf i\u00e7in t\u0131klay\u0131n\u0131z.<\/strong><\/a><\/li>\n<\/ul>\n<p>&nbsp;<br \/>\n<a class=\"wp-iletim-button\" href=\"https:\/\/wa.me\/905422584189?text=Merhaba%2C%20https%3A%2F%2Fdenizmtl.com%2Fmobilapp%2Fwp-json%2Fwp%2Fv2%2Fproduct%2F25645%20sayfas%C4%B1ndaki%20%C3%BCr%C3%BCnle%20ilgili%20fiyat%20ve%20demo%20talep%20etmek%20istiyorum.\" target=\"_blank\" rel=\"noopener\" style=\"display:inline-block;padding:10px 16px;border-radius:6px;color:#fff;text-decoration:none;font-weight:600;background:#334862;\">F\u0130YAT VE DEMO TALEP ET<\/a>\n","protected":false},"author":1,"featured_media":25658,"comment_status":"open","ping_status":"closed","template":"","meta":[],"product_brand":[],"product_cat":[18,114,106,100],"product_tag":[],"class_list":{"0":"post-25645","1":"product","2":"type-product","3":"status-publish","4":"has-post-thumbnail","6":"product_cat-insize","7":"product_cat-portatif-test-cihazlari","8":"product_cat-sertlik-olcme","9":"product_cat-test-cihazlari","11":"first","12":"instock","13":"shipping-taxable","14":"product-type-simple"},"_links":{"self":[{"href":"https:\/\/denizmtl.com\/mobilapp\/wp-json\/wp\/v2\/product\/25645","targetHints":{"allow":["GET"]}}],"collection":[{"href":"https:\/\/denizmtl.com\/mobilapp\/wp-json\/wp\/v2\/product"}],"about":[{"href":"https:\/\/denizmtl.com\/mobilapp\/wp-json\/wp\/v2\/types\/product"}],"author":[{"embeddable":true,"href":"https:\/\/denizmtl.com\/mobilapp\/wp-json\/wp\/v2\/users\/1"}],"replies":[{"embeddable":true,"href":"https:\/\/denizmtl.com\/mobilapp\/wp-json\/wp\/v2\/comments?post=25645"}],"wp:featuredmedia":[{"embeddable":true,"href":"https:\/\/denizmtl.com\/mobilapp\/wp-json\/wp\/v2\/media\/25658"}],"wp:attachment":[{"href":"https:\/\/denizmtl.com\/mobilapp\/wp-json\/wp\/v2\/media?parent=25645"}],"wp:term":[{"taxonomy":"product_brand","embeddable":true,"href":"https:\/\/denizmtl.com\/mobilapp\/wp-json\/wp\/v2\/product_brand?post=25645"},{"taxonomy":"product_cat","embeddable":true,"href":"https:\/\/denizmtl.com\/mobilapp\/wp-json\/wp\/v2\/product_cat?post=25645"},{"taxonomy":"product_tag","embeddable":true,"href":"https:\/\/denizmtl.com\/mobilapp\/wp-json\/wp\/v2\/product_tag?post=25645"}],"curies":[{"name":"wp","href":"https:\/\/api.w.org\/{rel}","templated":true}]}}