{"id":25642,"date":"2025-08-14T11:16:03","date_gmt":"2025-08-14T08:16:03","guid":{"rendered":"https:\/\/denizmtl.com\/mobilapp\/?post_type=product&#038;p=25642"},"modified":"2025-10-02T17:43:18","modified_gmt":"2025-10-02T14:43:18","slug":"insize-ish-mrd200-otomatik-dijital-rockwell-sertlik-olcme-cihazi","status":"publish","type":"product","link":"https:\/\/denizmtl.com\/mobilapp\/urunler\/insize-ish-mrd200-otomatik-dijital-rockwell-sertlik-olcme-cihazi\/","title":{"rendered":"Insize ISH-MRD200 Otomatik Dijital Rockwell Sertlik \u00d6l\u00e7me Cihaz\u0131"},"content":{"rendered":"<p><strong>Insize ISH-MRD200 Otomatik Dijital Rockwell Sertlik \u00d6l\u00e7me Cihaz\u0131<\/strong><\/p>\n<ul>\n<li>Metal malzemelerin sertlik de\u011ferlerini \u00f6l\u00e7mek i\u00e7in kulan\u0131l\u0131r<\/li>\n<li>Rockwell\u00a0 sertlik y\u00f6ntemi ile \u00f6l\u00e7\u00fcm yapar ve Vikers (HV) ve\u00a0 Brinel (HB)\u00a0 sertlik de\u011ferlerine d\u00f6n\u00fc\u015ft\u00fcr\u00fclebilir<\/li>\n<li>HRA, HRB, HRC, HRD, HRF, HRG Rockwell skalalar\u0131nda \u00f6l\u00e7\u00fcm yap\u0131labilir<\/li>\n<li>Maksimum, minimum de\u011fer fark\u0131 ve ortalama de\u011fer g\u00f6r\u00fcnt\u00fclenir<\/li>\n<li>USB kablo ile PC ba\u011flant\u0131s\u0131 yap\u0131labilir, \u00f6l\u00e7\u00fcm sonucu dahili yaz\u0131l\u0131m ile raporlanabilir<\/li>\n<li>4 farkl\u0131 tabla ile b\u00fcy\u00fck, k\u00fc\u00e7\u00fck silindir ve d\u00fcz par\u00e7alar kolayl\u0131kla yerle\u015ftirilir ve \u00f6l\u00e7\u00fcl\u00fcr<\/li>\n<li>3 Farkl\u0131 aral\u0131klarda sertlik mastar\u0131 cihaz ile gelir.<\/li>\n<\/ul>\n<div class=\"row row-small\"  id=\"row-250666002\">\n\n\n\t<div id=\"col-2048389052\" class=\"col small-12 large-12\"  >\n\t\t\t\t<div class=\"col-inner\"  >\n\t\t\t\n\t\t\t\n\n\t<div id=\"text-2847677622\" class=\"text\">\n\t\t\n\n<span style=\"font-size: 20px; font-weight: 600;\">\u0130lgili \u00dcr\u00fcnler<\/span>\n\t\t\n<style>\n#text-2847677622 {\n  font-size: 0.75rem;\n  line-height: 1.15;\n}\n<\/style>\n\t<\/div>\n\t\n\t\n  \n    <div class=\"row large-columns-4 medium-columns-3 small-columns-2 row-small has-shadow row-box-shadow-1-hover slider row-slider slider-nav-reveal slider-nav-push\"  data-flickity-options='{&quot;imagesLoaded&quot;: true, &quot;groupCells&quot;: &quot;100%&quot;, &quot;dragThreshold&quot; : 5, &quot;cellAlign&quot;: &quot;left&quot;,&quot;wrapAround&quot;: true,&quot;prevNextButtons&quot;: true,&quot;percentPosition&quot;: true,&quot;pageDots&quot;: false, &quot;rightToLeft&quot;: false, &quot;autoPlay&quot; : false}' >\n\n  <\/div>\n\n\n\t\t<\/div>\n\t\t\t\t\t<\/div>\n\n\t\n\n<\/div>\n","protected":false},"excerpt":{"rendered":"<ul>\n<li>Dijital, \u015farj edilebilir \u00f6l\u00e7\u00fcm paneli<\/li>\n<li>Ana y\u00fck y\u00fckleme tek tu\u015f ile otomatik olarak<\/li>\n<li>\u00d6n y\u00fckleme manuel olarak , yard\u0131mc\u0131 ikaz sesi ile<\/li>\n<li>\u00d6l\u00e7\u00fcm y\u00fck\u00fc ve s\u00fcresi kolay ayarlanabilir<\/li>\n<li>Dijital kalibrasyon yap\u0131labilir<\/li>\n<li>Alarml\u0131 d\u00fc\u015f\u00fck ve y\u00fcksek limit uyar\u0131s\u0131<\/li>\n<li>Vikers (HV) ve\u00a0 Brinel (HB)\u00a0 sertlik de\u011ferlerine\u00a0 d\u00f6n\u00fc\u015ft\u00fcrme<\/li>\n<li>Bilgi \u00e7\u0131kt\u0131s\u0131 i\u00e7in 1000 test\u00a0 de\u011feri haf\u0131zas\u0131na sahiptir<\/li>\n<li>Test de\u011ferini yaz\u0131c\u0131ya otomatik\/kablosuz g\u00f6nderir<\/li>\n<li>Otomatik kapanma<\/li>\n<li><a href=\"https:\/\/denizmtl.com\/wp-content\/uploads\/2021\/12\/ISH-MRD200-OTOMATIK-DIJITAL-ROCKWELL-SERTLIK-OLCME-CIHAZI.pdf\"><strong>Pdf i\u00e7in t\u0131klay\u0131n\u0131z.<\/strong><\/a><\/li>\n<\/ul>\n<p>&nbsp;<br \/>\n<a class=\"wp-iletim-button\" href=\"https:\/\/wa.me\/905422584189?text=Merhaba%2C%20https%3A%2F%2Fdenizmtl.com%2Fmobilapp%2Fwp-json%2Fwp%2Fv2%2Fproduct%2F25642%20sayfas%C4%B1ndaki%20%C3%BCr%C3%BCnle%20ilgili%20fiyat%20ve%20demo%20talep%20etmek%20istiyorum.\" target=\"_blank\" rel=\"noopener\" style=\"display:inline-block;padding:10px 16px;border-radius:6px;color:#fff;text-decoration:none;font-weight:600;background:#334862;\">F\u0130YAT VE DEMO TALEP ET<\/a>\n<div class=\"row row-small\"  id=\"row-1743119256\">\n\n\n\t<div id=\"col-1486264687\" class=\"col small-12 large-12\"  >\n\t\t\t\t<div class=\"col-inner\"  >\n\t\t\t\n\t\t\t\n\n\t<div id=\"text-3096671968\" class=\"text\">\n\t\t\n\n<span style=\"font-size: 20px; font-weight: 600;\">\u0130lgili \u00dcr\u00fcnler<\/span>\n\t\t\n<style>\n#text-3096671968 {\n  font-size: 0.75rem;\n  line-height: 1.15;\n}\n<\/style>\n\t<\/div>\n\t\n\t\n  \n    <div class=\"row large-columns-4 medium-columns-3 small-columns-2 row-small has-shadow row-box-shadow-1-hover slider row-slider slider-nav-reveal slider-nav-push\"  data-flickity-options='{&quot;imagesLoaded&quot;: true, &quot;groupCells&quot;: &quot;100%&quot;, &quot;dragThreshold&quot; : 5, &quot;cellAlign&quot;: &quot;left&quot;,&quot;wrapAround&quot;: true,&quot;prevNextButtons&quot;: true,&quot;percentPosition&quot;: true,&quot;pageDots&quot;: false, &quot;rightToLeft&quot;: false, &quot;autoPlay&quot; : false}' >\n\n  <\/div>\n\n\n\t\t<\/div>\n\t\t\t\t\t<\/div>\n\n\t\n\n<\/div>\n","protected":false},"author":1,"featured_media":25655,"comment_status":"open","ping_status":"closed","template":"","meta":[],"product_brand":[],"product_cat":[18,106],"product_tag":[],"class_list":{"0":"post-25642","1":"product","2":"type-product","3":"status-publish","4":"has-post-thumbnail","6":"product_cat-insize","7":"product_cat-sertlik-olcme","9":"first","10":"instock","11":"shipping-taxable","12":"product-type-simple"},"_links":{"self":[{"href":"https:\/\/denizmtl.com\/mobilapp\/wp-json\/wp\/v2\/product\/25642","targetHints":{"allow":["GET"]}}],"collection":[{"href":"https:\/\/denizmtl.com\/mobilapp\/wp-json\/wp\/v2\/product"}],"about":[{"href":"https:\/\/denizmtl.com\/mobilapp\/wp-json\/wp\/v2\/types\/product"}],"author":[{"embeddable":true,"href":"https:\/\/denizmtl.com\/mobilapp\/wp-json\/wp\/v2\/users\/1"}],"replies":[{"embeddable":true,"href":"https:\/\/denizmtl.com\/mobilapp\/wp-json\/wp\/v2\/comments?post=25642"}],"wp:featuredmedia":[{"embeddable":true,"href":"https:\/\/denizmtl.com\/mobilapp\/wp-json\/wp\/v2\/media\/25655"}],"wp:attachment":[{"href":"https:\/\/denizmtl.com\/mobilapp\/wp-json\/wp\/v2\/media?parent=25642"}],"wp:term":[{"taxonomy":"product_brand","embeddable":true,"href":"https:\/\/denizmtl.com\/mobilapp\/wp-json\/wp\/v2\/product_brand?post=25642"},{"taxonomy":"product_cat","embeddable":true,"href":"https:\/\/denizmtl.com\/mobilapp\/wp-json\/wp\/v2\/product_cat?post=25642"},{"taxonomy":"product_tag","embeddable":true,"href":"https:\/\/denizmtl.com\/mobilapp\/wp-json\/wp\/v2\/product_tag?post=25642"}],"curies":[{"name":"wp","href":"https:\/\/api.w.org\/{rel}","templated":true}]}}