{"id":25635,"date":"2025-08-14T11:16:02","date_gmt":"2025-08-14T08:16:02","guid":{"rendered":"https:\/\/denizmtl.com\/mobilapp\/?post_type=product&#038;p=25635"},"modified":"2025-10-02T17:43:28","modified_gmt":"2025-10-02T14:43:28","slug":"insize-ish-ds-dijital-sormetre","status":"publish","type":"product","link":"https:\/\/denizmtl.com\/mobilapp\/urunler\/insize-ish-ds-dijital-sormetre\/","title":{"rendered":"Insize ISH-DS Dijital \u015eormetre"},"content":{"rendered":"<p><strong>Insize ISH-DS Dijital \u015eormetre<\/strong><\/p>\n<p>Kau\u00e7uk ve plastik gibi\u00a0 materyallerin sertli\u011fini \u00f6l\u00e7mek i\u00e7in kullan\u0131lan cihazd\u0131r.<\/p>\n<p>\u00d6l\u00e7\u00fcm sonucu\u00a0 90HA dan b\u00fcy\u00fck ise ISM-SDM kullan\u0131l\u0131r.<\/p>\n<p>\u00d6l\u00e7\u00fcm sonucu\u00a0 20HD den d\u00fc\u015f\u00fck ise ISM-SAM kullan\u0131l\u0131r.<\/p>\n<p>Bilgi \u00e7\u0131k\u0131\u015f\u0131 \u00f6zelli\u011fi ile \u00f6l\u00e7\u00fcm sonu\u00e7lar\u0131 raporlanabilir.<\/p>\n<p>Elle ile yada test stand\u0131 ile kulan\u0131labilir.<\/p>\n<p>&nbsp;<\/p>\n<p><iframe loading=\"lazy\" title=\"Insize ISH-DS Dijital \u015eormetre\" src=\"https:\/\/www.youtube.com\/embed\/FUXdgyRQUhA\" width=\"320\" height=\"560\" frameborder=\"0\" allowfullscreen=\"allowfullscreen\"><\/iframe><\/p>\n","protected":false},"excerpt":{"rendered":"<ul>\n<li>ISO868 ,ISO7619,ASTM D2240 standard\u0131na uygundur.<\/li>\n<li>Ortalama ve tepe noktas\u0131 modu,<\/li>\n<li>Ayarlanabilir bekleme zaman\u0131<\/li>\n<li>Muhakeme yap\u0131labilir \u00fcst ve alt limitler<\/li>\n<li>Yaz\u0131c\u0131ya kablosuz ba\u011flant\u0131,<\/li>\n<li>Elle veya test stand\u0131 ile kullan\u0131m,<\/li>\n<li>500 \u00f6l\u00e7\u00fcm kay\u0131t haf\u0131zas\u0131,<\/li>\n<li>Kalibrasyon blo\u011fu dahil,<\/li>\n<li>Otomatik kapanma,<\/li>\n<li><a href=\"https:\/\/denizmtl.com\/wp-content\/uploads\/2021\/12\/ISH-DS-DIJITAL-SORMETRE.pdf\"><strong>Pdf i\u00e7in t\u0131klay\u0131n\u0131z.<\/strong><\/a><\/li>\n<\/ul>\n<p>&nbsp;<br \/>\n<a class=\"wp-iletim-button\" href=\"https:\/\/wa.me\/905422584189?text=Merhaba%2C%20https%3A%2F%2Fdenizmtl.com%2Fmobilapp%2Fwp-json%2Fwp%2Fv2%2Fproduct%2F25635%20sayfas%C4%B1ndaki%20%C3%BCr%C3%BCnle%20ilgili%20fiyat%20ve%20demo%20talep%20etmek%20istiyorum.\" target=\"_blank\" rel=\"noopener\" style=\"display:inline-block;padding:10px 16px;border-radius:6px;color:#fff;text-decoration:none;font-weight:600;background:#334862;\">F\u0130YAT VE DEMO TALEP ET<\/a>\n","protected":false},"author":1,"featured_media":25653,"comment_status":"open","ping_status":"closed","template":"","meta":[],"product_brand":[],"product_cat":[18,114,106,100],"product_tag":[],"class_list":{"0":"post-25635","1":"product","2":"type-product","3":"status-publish","4":"has-post-thumbnail","6":"product_cat-insize","7":"product_cat-portatif-test-cihazlari","8":"product_cat-sertlik-olcme","9":"product_cat-test-cihazlari","11":"first","12":"instock","13":"shipping-taxable","14":"product-type-variable"},"_links":{"self":[{"href":"https:\/\/denizmtl.com\/mobilapp\/wp-json\/wp\/v2\/product\/25635","targetHints":{"allow":["GET"]}}],"collection":[{"href":"https:\/\/denizmtl.com\/mobilapp\/wp-json\/wp\/v2\/product"}],"about":[{"href":"https:\/\/denizmtl.com\/mobilapp\/wp-json\/wp\/v2\/types\/product"}],"author":[{"embeddable":true,"href":"https:\/\/denizmtl.com\/mobilapp\/wp-json\/wp\/v2\/users\/1"}],"replies":[{"embeddable":true,"href":"https:\/\/denizmtl.com\/mobilapp\/wp-json\/wp\/v2\/comments?post=25635"}],"wp:featuredmedia":[{"embeddable":true,"href":"https:\/\/denizmtl.com\/mobilapp\/wp-json\/wp\/v2\/media\/25653"}],"wp:attachment":[{"href":"https:\/\/denizmtl.com\/mobilapp\/wp-json\/wp\/v2\/media?parent=25635"}],"wp:term":[{"taxonomy":"product_brand","embeddable":true,"href":"https:\/\/denizmtl.com\/mobilapp\/wp-json\/wp\/v2\/product_brand?post=25635"},{"taxonomy":"product_cat","embeddable":true,"href":"https:\/\/denizmtl.com\/mobilapp\/wp-json\/wp\/v2\/product_cat?post=25635"},{"taxonomy":"product_tag","embeddable":true,"href":"https:\/\/denizmtl.com\/mobilapp\/wp-json\/wp\/v2\/product_tag?post=25635"}],"curies":[{"name":"wp","href":"https:\/\/api.w.org\/{rel}","templated":true}]}}