{"id":25634,"date":"2025-08-14T11:16:02","date_gmt":"2025-08-14T08:16:02","guid":{"rendered":"https:\/\/denizmtl.com\/mobilapp\/?post_type=product&#038;p=25634"},"modified":"2025-10-02T17:43:11","modified_gmt":"2025-10-02T14:43:11","slug":"insize-ish-brv-brinell-rockwell-vickers-sertlik-olcme-cihazi","status":"publish","type":"product","link":"https:\/\/denizmtl.com\/mobilapp\/urunler\/insize-ish-brv-brinell-rockwell-vickers-sertlik-olcme-cihazi\/","title":{"rendered":"Insize ISH-BRV Brinell-Rockwell-Vickers Sertlik \u00d6l\u00e7me Cihaz\u0131"},"content":{"rendered":"<p><strong>Insize ISH-BRV Brinell-Rockwell-Vickers Sertlik \u00d6l\u00e7me Cihaz\u0131<\/strong><\/p>\n<ul>\n<li>Metal malzemelerin sertlik de\u011ferlerini \u00f6l\u00e7me i\u015fleminde kullan\u0131l\u0131r.<\/li>\n<li>\u00d6n y\u00fckleme ve ana y\u00fckleme manuel olarak yap\u0131l\u0131r.<\/li>\n<li>Brinell-Vickers-Rockwell \u00f6l\u00e7\u00fcmlerini yapabilir.<\/li>\n<li>Olu\u015fan izi \u00f6l\u00e7mek i\u00e7in 2,5X, 5X lens bulunmaktad\u0131r.<\/li>\n<li>Rockwell sertlik de\u011ferini \u00f6l\u00e7mek i\u00e7in \u00f6l\u00e7ekli projeksiyon perdesi mevcuttur.<\/li>\n<li>Test y\u00fcklerini parametre tercihine g\u00f6re ayarlama.<\/li>\n<li>180mm boyutunda i\u015f par\u00e7as\u0131 s\u0131\u011fabilir.<\/li>\n<li>Standart olarak gelen yataklar \u00f6l\u00e7\u00fcm sapmalar\u0131n\u0131 azalt\u0131r.<\/li>\n<\/ul>\n","protected":false},"excerpt":{"rendered":"<ul>\n<li>220V 50\/60Hz adapt\u00f6r ile \u00e7al\u0131\u015fmaktad\u0131r.<\/li>\n<li>Opsiyonel olarak sertlik bloklar\u0131 vard\u0131r.(HRB88-100,HRC60-70,HRC20-30,400-500HV30,200-300HBW2,5\/187,5)Rockwell \u00f6l\u00e7\u00fcm\u00fc i\u00e7in k\u00fc\u00e7\u00fck v yatak.<\/li>\n<li>Brinell Vickers Rockwell tert y\u00fckleri uygulanabilir.<\/li>\n<li>Manuel tabla hareketi,<\/li>\n<li><a href=\"https:\/\/denizmtl.com\/wp-content\/uploads\/2019\/02\/ISH-BRV-BR\u00a6-NELL-ROCWELL-V\u00a6-CKERS-SERTL\u00a6-K-uLcME.pdf\"><strong>Pdf i\u00e7in t\u0131klay\u0131n\u0131z.<\/strong><\/a><\/li>\n<\/ul>\n<p>&nbsp;<br \/>\n<a class=\"wp-iletim-button\" href=\"https:\/\/wa.me\/905422584189?text=Merhaba%2C%20https%3A%2F%2Fdenizmtl.com%2Fmobilapp%2Fwp-json%2Fwp%2Fv2%2Fproduct%2F25634%20sayfas%C4%B1ndaki%20%C3%BCr%C3%BCnle%20ilgili%20fiyat%20ve%20demo%20talep%20etmek%20istiyorum.\" target=\"_blank\" rel=\"noopener\" style=\"display:inline-block;padding:10px 16px;border-radius:6px;color:#fff;text-decoration:none;font-weight:600;background:#334862;\">F\u0130YAT VE DEMO TALEP ET<\/a>\n","protected":false},"author":1,"featured_media":25652,"comment_status":"open","ping_status":"closed","template":"","meta":[],"product_brand":[],"product_cat":[18,106,100],"product_tag":[],"class_list":{"0":"post-25634","1":"product","2":"type-product","3":"status-publish","4":"has-post-thumbnail","6":"product_cat-insize","7":"product_cat-sertlik-olcme","8":"product_cat-test-cihazlari","10":"first","11":"instock","12":"shipping-taxable","13":"product-type-simple"},"_links":{"self":[{"href":"https:\/\/denizmtl.com\/mobilapp\/wp-json\/wp\/v2\/product\/25634","targetHints":{"allow":["GET"]}}],"collection":[{"href":"https:\/\/denizmtl.com\/mobilapp\/wp-json\/wp\/v2\/product"}],"about":[{"href":"https:\/\/denizmtl.com\/mobilapp\/wp-json\/wp\/v2\/types\/product"}],"author":[{"embeddable":true,"href":"https:\/\/denizmtl.com\/mobilapp\/wp-json\/wp\/v2\/users\/1"}],"replies":[{"embeddable":true,"href":"https:\/\/denizmtl.com\/mobilapp\/wp-json\/wp\/v2\/comments?post=25634"}],"wp:featuredmedia":[{"embeddable":true,"href":"https:\/\/denizmtl.com\/mobilapp\/wp-json\/wp\/v2\/media\/25652"}],"wp:attachment":[{"href":"https:\/\/denizmtl.com\/mobilapp\/wp-json\/wp\/v2\/media?parent=25634"}],"wp:term":[{"taxonomy":"product_brand","embeddable":true,"href":"https:\/\/denizmtl.com\/mobilapp\/wp-json\/wp\/v2\/product_brand?post=25634"},{"taxonomy":"product_cat","embeddable":true,"href":"https:\/\/denizmtl.com\/mobilapp\/wp-json\/wp\/v2\/product_cat?post=25634"},{"taxonomy":"product_tag","embeddable":true,"href":"https:\/\/denizmtl.com\/mobilapp\/wp-json\/wp\/v2\/product_tag?post=25634"}],"curies":[{"name":"wp","href":"https:\/\/api.w.org\/{rel}","templated":true}]}}