{"id":24633,"date":"2025-08-14T11:12:05","date_gmt":"2025-08-14T08:12:05","guid":{"rendered":"https:\/\/denizmtl.com\/mobilapp\/?post_type=product&#038;p=24633"},"modified":"2025-08-14T11:12:58","modified_gmt":"2025-08-14T08:12:58","slug":"hss-e-silindirik-saplikaplamali-matkap-ucu","status":"publish","type":"product","link":"https:\/\/denizmtl.com\/mobilapp\/urunler\/hss-e-silindirik-saplikaplamali-matkap-ucu\/","title":{"rendered":"HSS-E S\u0130L\u0130ND\u0130R\u0130K SAPLI,KAPLAMALI MATKAP UCU"},"content":{"rendered":"<p><img loading=\"lazy\" decoding=\"async\" class=\"alignnone wp-image-10097 size-full\" src=\"https:\/\/denizmtl.com\/wp-content\/uploads\/2019\/01\/HSS-E.png\" alt=\"\" width=\"675\" height=\"318\" srcset=\"https:\/\/denizmtl.com\/mobilapp\/wp-content\/uploads\/2019\/01\/HSS-E.png 675w, https:\/\/denizmtl.com\/mobilapp\/wp-content\/uploads\/2019\/01\/HSS-E-300x141.png 300w, https:\/\/denizmtl.com\/mobilapp\/wp-content\/uploads\/2019\/01\/HSS-E-510x240.png 510w\" sizes=\"auto, (max-width: 675px) 100vw, 675px\" \/><\/p>\n","protected":false},"excerpt":{"rendered":"<ul>\n<li><strong>Kesme Geometrisi<\/strong>:Sa\u011f y\u00f6nl\u00fc helis<\/li>\n<li><strong>U\u00e7 A\u00e7\u0131s\u0131<\/strong>:135\u00b0 1.6 mm alt\u0131nda normal u\u00e7,1.6 mm ve \u00fczerinde b\u00f6l\u00fcnm\u00fc\u015f u\u00e7<\/li>\n<li><strong>Y\u00fczey Uygulamas\u0131<\/strong>:Parlak g\u00f6vde,sadece \u00e7al\u0131\u015fan b\u00f6lgenin T\u0130N kaplamas\u0131<\/li>\n<li><strong>Kullan\u0131m Yerleri<\/strong>:Paslanmaz \u00e7elikler,titanyum ala\u015f\u0131mlar\u0131 veta inkonel gibi zor i\u015flenen malzemeler<\/li>\n<li><a href=\"https:\/\/denizmtl.com\/wp-content\/uploads\/2022\/01\/HSS-E-SILINDIRIK-SAPLIIKAPLAMALI-MATKAP-UCU-20722130.pdf\">Pdf i\u00e7in t\u0131klay\u0131n\u0131z.<\/a><\/li>\n<li><a href=\"https:\/\/denizmtl.com\/wp-content\/uploads\/2022\/01\/HSS-E-SILINDIRIK-SAPLIIKAPLAMALI-MATKAP-UCU-20722130-1.pdf\">Di\u011fer \u00f6l\u00e7\u00fcler i\u00e7in t\u0131klay\u0131n\u0131z<\/a><\/li>\n<li><strong><span style=\"color: #282828; font-size: 110%;\">Di\u011fer \u00f6l\u00e7\u00fc ve fiyatlar i\u00e7in ileti\u015fime ge\u00e7iniz.<\/span><\/strong><\/li>\n<\/ul>\n","protected":false},"author":1,"featured_media":24635,"comment_status":"open","ping_status":"closed","template":"","meta":[],"product_brand":[],"product_cat":[37,36],"product_tag":[],"class_list":{"0":"post-24633","1":"product","2":"type-product","3":"status-publish","4":"has-post-thumbnail","6":"product_cat-matkaplar","7":"product_cat-pro-x","9":"first","10":"instock","11":"featured","12":"shipping-taxable","13":"product-type-variable"},"_links":{"self":[{"href":"https:\/\/denizmtl.com\/mobilapp\/wp-json\/wp\/v2\/product\/24633","targetHints":{"allow":["GET"]}}],"collection":[{"href":"https:\/\/denizmtl.com\/mobilapp\/wp-json\/wp\/v2\/product"}],"about":[{"href":"https:\/\/denizmtl.com\/mobilapp\/wp-json\/wp\/v2\/types\/product"}],"author":[{"embeddable":true,"href":"https:\/\/denizmtl.com\/mobilapp\/wp-json\/wp\/v2\/users\/1"}],"replies":[{"embeddable":true,"href":"https:\/\/denizmtl.com\/mobilapp\/wp-json\/wp\/v2\/comments?post=24633"}],"wp:featuredmedia":[{"embeddable":true,"href":"https:\/\/denizmtl.com\/mobilapp\/wp-json\/wp\/v2\/media\/24635"}],"wp:attachment":[{"href":"https:\/\/denizmtl.com\/mobilapp\/wp-json\/wp\/v2\/media?parent=24633"}],"wp:term":[{"taxonomy":"product_brand","embeddable":true,"href":"https:\/\/denizmtl.com\/mobilapp\/wp-json\/wp\/v2\/product_brand?post=24633"},{"taxonomy":"product_cat","embeddable":true,"href":"https:\/\/denizmtl.com\/mobilapp\/wp-json\/wp\/v2\/product_cat?post=24633"},{"taxonomy":"product_tag","embeddable":true,"href":"https:\/\/denizmtl.com\/mobilapp\/wp-json\/wp\/v2\/product_tag?post=24633"}],"curies":[{"name":"wp","href":"https:\/\/api.w.org\/{rel}","templated":true}]}}