{"id":23521,"date":"2025-08-14T11:09:22","date_gmt":"2025-08-14T08:09:22","guid":{"rendered":"https:\/\/denizmtl.com\/mobilapp\/?post_type=product&#038;p=23521"},"modified":"2025-08-14T11:09:26","modified_gmt":"2025-08-14T08:09:26","slug":"helis-ince-dis-makine-kilavuzu-din-374-hess-e-cok-amacli-seri","status":"publish","type":"product","link":"https:\/\/denizmtl.com\/mobilapp\/urunler\/helis-ince-dis-makine-kilavuzu-din-374-hess-e-cok-amacli-seri\/","title":{"rendered":"HEL\u0130S \u0130NCE D\u0130\u015e MAK\u0130NE KILAVUZU DIN 374 HESS-E (\u00c7ok Ama\u00e7l\u0131 Seri)"},"content":{"rendered":"<p><img loading=\"lazy\" decoding=\"async\" class=\"alignleft size-full wp-image-11215\" src=\"https:\/\/denizmtl.com\/wp-content\/uploads\/2018\/12\/HELIS-INCE-DIS-MAKINE-KILAVUZU-DIN-374-HSS-E-COK-AMACLI-SERI....png\" alt=\"\" width=\"666\" height=\"382\" srcset=\"https:\/\/denizmtl.com\/mobilapp\/wp-content\/uploads\/2018\/12\/HELIS-INCE-DIS-MAKINE-KILAVUZU-DIN-374-HSS-E-COK-AMACLI-SERI....png 666w, https:\/\/denizmtl.com\/mobilapp\/wp-content\/uploads\/2018\/12\/HELIS-INCE-DIS-MAKINE-KILAVUZU-DIN-374-HSS-E-COK-AMACLI-SERI...-300x172.png 300w, https:\/\/denizmtl.com\/mobilapp\/wp-content\/uploads\/2018\/12\/HELIS-INCE-DIS-MAKINE-KILAVUZU-DIN-374-HSS-E-COK-AMACLI-SERI...-510x293.png 510w\" sizes=\"auto, (max-width: 666px) 100vw, 666px\" \/><\/p>\n","protected":false},"excerpt":{"rendered":"<ul>\n<li>\u00c7elik ve d\u00f6kme demirin i\u015flenmesi i\u00e7in uygundur.<\/li>\n<li>\u0130ste\u011fe g\u00f6re kaplama se\u00e7ene\u011fi<\/li>\n<li><a href=\"https:\/\/denizmtl.com\/wp-content\/uploads\/2022\/01\/HELIS-INCE-DIS-MAKINE-KILAVUZU-DIN-374-HSS-E-COK-AMACLI-SERI.pdf\">Pdf i\u00e7in t\u0131klay\u0131n\u0131z.<\/a><\/li>\n<li><strong><span style=\"color: #282828; font-size: 110%;\">Di\u011fer \u00f6l\u00e7\u00fc ve fiyatlar i\u00e7in ileti\u015fime ge\u00e7iniz.<\/span><\/strong><\/li>\n<\/ul>\n","protected":false},"author":1,"featured_media":23546,"comment_status":"open","ping_status":"closed","template":"","meta":[],"product_brand":[],"product_cat":[38,36],"product_tag":[],"class_list":{"0":"post-23521","1":"product","2":"type-product","3":"status-publish","4":"has-post-thumbnail","6":"product_cat-kilavuzlar","7":"product_cat-pro-x","9":"first","10":"instock","11":"shipping-taxable","12":"product-type-variable"},"_links":{"self":[{"href":"https:\/\/denizmtl.com\/mobilapp\/wp-json\/wp\/v2\/product\/23521","targetHints":{"allow":["GET"]}}],"collection":[{"href":"https:\/\/denizmtl.com\/mobilapp\/wp-json\/wp\/v2\/product"}],"about":[{"href":"https:\/\/denizmtl.com\/mobilapp\/wp-json\/wp\/v2\/types\/product"}],"author":[{"embeddable":true,"href":"https:\/\/denizmtl.com\/mobilapp\/wp-json\/wp\/v2\/users\/1"}],"replies":[{"embeddable":true,"href":"https:\/\/denizmtl.com\/mobilapp\/wp-json\/wp\/v2\/comments?post=23521"}],"wp:featuredmedia":[{"embeddable":true,"href":"https:\/\/denizmtl.com\/mobilapp\/wp-json\/wp\/v2\/media\/23546"}],"wp:attachment":[{"href":"https:\/\/denizmtl.com\/mobilapp\/wp-json\/wp\/v2\/media?parent=23521"}],"wp:term":[{"taxonomy":"product_brand","embeddable":true,"href":"https:\/\/denizmtl.com\/mobilapp\/wp-json\/wp\/v2\/product_brand?post=23521"},{"taxonomy":"product_cat","embeddable":true,"href":"https:\/\/denizmtl.com\/mobilapp\/wp-json\/wp\/v2\/product_cat?post=23521"},{"taxonomy":"product_tag","embeddable":true,"href":"https:\/\/denizmtl.com\/mobilapp\/wp-json\/wp\/v2\/product_tag?post=23521"}],"curies":[{"name":"wp","href":"https:\/\/api.w.org\/{rel}","templated":true}]}}