{"id":23309,"date":"2025-08-14T11:08:56","date_gmt":"2025-08-14T08:08:56","guid":{"rendered":"https:\/\/denizmtl.com\/mobilapp\/?post_type=product&#038;p=23309"},"modified":"2025-08-14T11:12:07","modified_gmt":"2025-08-14T08:12:07","slug":"insize-1250-mekanik-mihengir","status":"publish","type":"product","link":"https:\/\/denizmtl.com\/mobilapp\/urunler\/insize-1250-mekanik-mihengir\/","title":{"rendered":"Insize 1250 Mekanik Mihengir"},"content":{"rendered":"<p><img loading=\"lazy\" decoding=\"async\" class=\"alignnone size-full wp-image-1245\" src=\"https:\/\/denizmtl.com\/\/wp-content\/uploads\/2018\/12\/1250.png\" alt=\"\" width=\"852\" height=\"421\" srcset=\"https:\/\/denizmtl.com\/mobilapp\/wp-content\/uploads\/2018\/12\/1250.png 852w, https:\/\/denizmtl.com\/mobilapp\/wp-content\/uploads\/2018\/12\/1250-510x252.png 510w, https:\/\/denizmtl.com\/mobilapp\/wp-content\/uploads\/2018\/12\/1250-300x148.png 300w, https:\/\/denizmtl.com\/mobilapp\/wp-content\/uploads\/2018\/12\/1250-768x379.png 768w\" sizes=\"auto, (max-width: 852px) 100vw, 852px\" \/><\/p>\n","protected":false},"excerpt":{"rendered":"<ul>\n<li>Parlak krom kaplama okuma y\u00fczeyi<\/li>\n<li>B\u00fcy\u00fcte\u00e7 ile tedarik edilir.<\/li>\n<li>Hassas ayarl\u0131.<\/li>\n<li>K\u0131l\u0131f ile tedarik edilir.<\/li>\n<li><a href=\"https:\/\/denizmtl.com\/wp-content\/uploads\/2022\/01\/1250-MEKANIK-MIHENGIR.pdf\"><strong>PDF i\u00e7in t\u0131klay\u0131n\u0131z.<\/strong><\/a><\/li>\n<\/ul>\n","protected":false},"author":1,"featured_media":23327,"comment_status":"open","ping_status":"closed","template":"","meta":[],"product_brand":[],"product_cat":[18,26],"product_tag":[],"class_list":{"0":"post-23309","1":"product","2":"type-product","3":"status-publish","4":"has-post-thumbnail","6":"product_cat-insize","7":"product_cat-mihengirler","9":"first","10":"instock","11":"shipping-taxable","12":"product-type-variable"},"_links":{"self":[{"href":"https:\/\/denizmtl.com\/mobilapp\/wp-json\/wp\/v2\/product\/23309","targetHints":{"allow":["GET"]}}],"collection":[{"href":"https:\/\/denizmtl.com\/mobilapp\/wp-json\/wp\/v2\/product"}],"about":[{"href":"https:\/\/denizmtl.com\/mobilapp\/wp-json\/wp\/v2\/types\/product"}],"author":[{"embeddable":true,"href":"https:\/\/denizmtl.com\/mobilapp\/wp-json\/wp\/v2\/users\/1"}],"replies":[{"embeddable":true,"href":"https:\/\/denizmtl.com\/mobilapp\/wp-json\/wp\/v2\/comments?post=23309"}],"wp:featuredmedia":[{"embeddable":true,"href":"https:\/\/denizmtl.com\/mobilapp\/wp-json\/wp\/v2\/media\/23327"}],"wp:attachment":[{"href":"https:\/\/denizmtl.com\/mobilapp\/wp-json\/wp\/v2\/media?parent=23309"}],"wp:term":[{"taxonomy":"product_brand","embeddable":true,"href":"https:\/\/denizmtl.com\/mobilapp\/wp-json\/wp\/v2\/product_brand?post=23309"},{"taxonomy":"product_cat","embeddable":true,"href":"https:\/\/denizmtl.com\/mobilapp\/wp-json\/wp\/v2\/product_cat?post=23309"},{"taxonomy":"product_tag","embeddable":true,"href":"https:\/\/denizmtl.com\/mobilapp\/wp-json\/wp\/v2\/product_tag?post=23309"}],"curies":[{"name":"wp","href":"https:\/\/api.w.org\/{rel}","templated":true}]}}